{"id":861,"date":"2024-07-10T00:48:55","date_gmt":"2024-07-10T00:48:55","guid":{"rendered":"https:\/\/dermcenter.com.br\/?page_id=861"},"modified":"2025-08-28T02:25:21","modified_gmt":"2025-08-28T02:25:21","slug":"dermatologia-estetica","status":"publish","type":"page","link":"https:\/\/dermcenter.com.br\/?page_id=861","title":{"rendered":"Dermatologia Est\u00e9tica"},"content":{"rendered":"\t\t<div data-elementor-type=\"wp-page\" data-elementor-id=\"861\" class=\"elementor elementor-861\" data-elementor-post-type=\"page\">\n\t\t\t\t<div class=\"elementor-element elementor-element-7b53983 e-con-full e-flex e-con e-parent\" data-id=\"7b53983\" data-element_type=\"container\" id=\"topo\" data-settings=\"{&quot;background_background&quot;:&quot;classic&quot;}\">\n\t\t\t\t<div class=\"elementor-element elementor-element-1d031af elementor-widget__width-initial elementor-widget elementor-widget-heading\" data-id=\"1d031af\" data-element_type=\"widget\" data-widget_type=\"heading.default\">\n\t\t\t\t<div class=\"elementor-widget-container\">\n\t\t\t\t\t<h2 class=\"elementor-heading-title elementor-size-default\">Dermatologia est\u00e9tica<\/h2>\t\t\t\t<\/div>\n\t\t\t\t<\/div>\n\t\t\t\t<\/div>\n\t\t<div class=\"elementor-element elementor-element-9c2ffb9 e-con-full e-flex e-con e-parent\" data-id=\"9c2ffb9\" data-element_type=\"container\" data-settings=\"{&quot;background_background&quot;:&quot;classic&quot;}\">\n\t\t<div class=\"elementor-element elementor-element-a8876cd e-grid e-con-full elementor-invisible e-con e-child\" data-id=\"a8876cd\" data-element_type=\"container\" data-settings=\"{&quot;background_background&quot;:&quot;classic&quot;,&quot;animation&quot;:&quot;fadeInDown&quot;}\">\n\t\t\t\t<div class=\"elementor-element elementor-element-ec9f42c elementor-widget elementor-widget-text-editor\" data-id=\"ec9f42c\" data-element_type=\"widget\" data-widget_type=\"text-editor.default\">\n\t\t\t\t<div class=\"elementor-widget-container\">\n\t\t\t\t\t\t\t\t\tDermatologia Est\u00e9tica, tamb\u00e9m conhecida como Cosmiatria, \u00e9 uma \u00e1rea da Dermatologia que se dedica a realiza\u00e7\u00e3o procedimentos est\u00e9ticos. Nossa equipe altamente qualificada oferece tratamentos personalizados, visando melhorar a apar\u00eancia e\/ou rejuvenescimento dos pacientes.\n\t\t\t\t\t\t\t\t<\/div>\n\t\t\t\t<\/div>\n\t\t\t\t<\/div>\n\t\t<div class=\"elementor-element elementor-element-d4a98ab e-grid e-con-full animated-slow elementor-invisible e-con e-child\" data-id=\"d4a98ab\" data-element_type=\"container\" data-settings=\"{&quot;animation&quot;:&quot;fadeIn&quot;,&quot;animation_delay&quot;:400}\">\n\t\t<div class=\"elementor-element elementor-element-d74ab90 e-flex e-con-boxed e-con e-child\" data-id=\"d74ab90\" data-element_type=\"container\">\n\t\t\t\t\t<div class=\"e-con-inner\">\n\t\t\t\t<div class=\"elementor-element elementor-element-2981e57 elementor-widget elementor-widget-image\" data-id=\"2981e57\" data-element_type=\"widget\" data-widget_type=\"image.default\">\n\t\t\t\t<div class=\"elementor-widget-container\">\n\t\t\t\t\t\t\t\t\t\t\t\t\t\t\t\t<a href=\"https:\/\/dermcenter.com.br\/dermatologia-estetica\/tratamentos-faciais\/\">\n\t\t\t\t\t\t\t<img loading=\"lazy\" decoding=\"async\" width=\"800\" height=\"600\" src=\"https:\/\/dermcenter.com.br\/wp-content\/uploads\/2024\/07\/dermcenter-tratamentos-faciais.jpg\" class=\"elementor-animation-grow attachment-full size-full wp-image-874\" alt=\"\" srcset=\"https:\/\/dermcenter.com.br\/wp-content\/uploads\/2024\/07\/dermcenter-tratamentos-faciais.jpg 800w, https:\/\/dermcenter.com.br\/wp-content\/uploads\/2024\/07\/dermcenter-tratamentos-faciais-300x225.jpg 300w, https:\/\/dermcenter.com.br\/wp-content\/uploads\/2024\/07\/dermcenter-tratamentos-faciais-768x576.jpg 768w\" sizes=\"auto, (max-width: 800px) 100vw, 800px\" \/>\t\t\t\t\t\t\t\t<\/a>\n\t\t\t\t\t\t\t\t\t\t\t\t\t\t\t<\/div>\n\t\t\t\t<\/div>\n\t\t\t\t<div class=\"elementor-element elementor-element-d747a24 elementor-widget__width-initial elementor-widget elementor-widget-heading\" data-id=\"d747a24\" data-element_type=\"widget\" data-widget_type=\"heading.default\">\n\t\t\t\t<div class=\"elementor-widget-container\">\n\t\t\t\t\t<h2 class=\"elementor-heading-title elementor-size-default\"><a href=\"https:\/\/dermcenter.com.br\/dermatologia-estetica\/tratamentos-faciais\/\">Tratamentos faciais<\/a><\/h2>\t\t\t\t<\/div>\n\t\t\t\t<\/div>\n\t\t\t\t\t<\/div>\n\t\t\t\t<\/div>\n\t\t<div class=\"elementor-element elementor-element-ff2d662 e-flex e-con-boxed e-con e-child\" data-id=\"ff2d662\" data-element_type=\"container\">\n\t\t\t\t\t<div class=\"e-con-inner\">\n\t\t\t\t<div class=\"elementor-element elementor-element-08d4315 elementor-widget elementor-widget-image\" data-id=\"08d4315\" data-element_type=\"widget\" data-widget_type=\"image.default\">\n\t\t\t\t<div class=\"elementor-widget-container\">\n\t\t\t\t\t\t\t\t\t\t\t\t\t\t\t\t<a href=\"https:\/\/dermcenter.com.br\/dermatologia-estetica\/tratamentos-corporais\/\">\n\t\t\t\t\t\t\t<img loading=\"lazy\" decoding=\"async\" width=\"800\" height=\"600\" src=\"https:\/\/dermcenter.com.br\/wp-content\/uploads\/2024\/07\/dermcenter-tratamentos-corporal.jpg\" class=\"elementor-animation-grow attachment-full size-full wp-image-873\" alt=\"\" srcset=\"https:\/\/dermcenter.com.br\/wp-content\/uploads\/2024\/07\/dermcenter-tratamentos-corporal.jpg 800w, https:\/\/dermcenter.com.br\/wp-content\/uploads\/2024\/07\/dermcenter-tratamentos-corporal-300x225.jpg 300w, https:\/\/dermcenter.com.br\/wp-content\/uploads\/2024\/07\/dermcenter-tratamentos-corporal-768x576.jpg 768w\" sizes=\"auto, (max-width: 800px) 100vw, 800px\" \/>\t\t\t\t\t\t\t\t<\/a>\n\t\t\t\t\t\t\t\t\t\t\t\t\t\t\t<\/div>\n\t\t\t\t<\/div>\n\t\t\t\t<div class=\"elementor-element elementor-element-cbe7b10 elementor-widget__width-initial elementor-widget elementor-widget-heading\" data-id=\"cbe7b10\" data-element_type=\"widget\" data-widget_type=\"heading.default\">\n\t\t\t\t<div class=\"elementor-widget-container\">\n\t\t\t\t\t<h2 class=\"elementor-heading-title elementor-size-default\"><a href=\"https:\/\/dermcenter.com.br\/dermatologia-estetica\/tratamentos-corporais\/\">Tratamentos Corporais<\/a><\/h2>\t\t\t\t<\/div>\n\t\t\t\t<\/div>\n\t\t\t\t\t<\/div>\n\t\t\t\t<\/div>\n\t\t<div class=\"elementor-element elementor-element-c9631fa e-con-full e-flex e-con e-child\" data-id=\"c9631fa\" data-element_type=\"container\">\n\t\t\t\t<div class=\"elementor-element elementor-element-644d4d3 elementor-widget elementor-widget-image\" data-id=\"644d4d3\" data-element_type=\"widget\" data-widget_type=\"image.default\">\n\t\t\t\t<div class=\"elementor-widget-container\">\n\t\t\t\t\t\t\t\t\t\t\t\t\t\t\t\t<a href=\"https:\/\/dermcenter.com.br\/dermatologia-estetica\/vascular\/\">\n\t\t\t\t\t\t\t<img loading=\"lazy\" decoding=\"async\" width=\"800\" height=\"600\" src=\"https:\/\/dermcenter.com.br\/wp-content\/uploads\/2025\/08\/dermcenter-vascular-1.jpg\" class=\"elementor-animation-grow attachment-full size-full wp-image-1994\" alt=\"\" srcset=\"https:\/\/dermcenter.com.br\/wp-content\/uploads\/2025\/08\/dermcenter-vascular-1.jpg 800w, https:\/\/dermcenter.com.br\/wp-content\/uploads\/2025\/08\/dermcenter-vascular-1-300x225.jpg 300w, https:\/\/dermcenter.com.br\/wp-content\/uploads\/2025\/08\/dermcenter-vascular-1-768x576.jpg 768w\" sizes=\"auto, (max-width: 800px) 100vw, 800px\" \/>\t\t\t\t\t\t\t\t<\/a>\n\t\t\t\t\t\t\t\t\t\t\t\t\t\t\t<\/div>\n\t\t\t\t<\/div>\n\t\t\t\t<div class=\"elementor-element elementor-element-96c4547 elementor-widget__width-initial elementor-widget elementor-widget-heading\" data-id=\"96c4547\" data-element_type=\"widget\" data-widget_type=\"heading.default\">\n\t\t\t\t<div class=\"elementor-widget-container\">\n\t\t\t\t\t<h2 class=\"elementor-heading-title elementor-size-default\"><a href=\"https:\/\/dermcenter.com.br\/dermatologia-estetica\/vascular\/\">Vascular<\/a><\/h2>\t\t\t\t<\/div>\n\t\t\t\t<\/div>\n\t\t\t\t<\/div>\n\t\t<div class=\"elementor-element elementor-element-d54f059 e-flex e-con-boxed e-con e-child\" data-id=\"d54f059\" data-element_type=\"container\">\n\t\t\t\t\t<div class=\"e-con-inner\">\n\t\t\t\t<div class=\"elementor-element elementor-element-1ca5aa9 elementor-widget elementor-widget-image\" data-id=\"1ca5aa9\" data-element_type=\"widget\" data-widget_type=\"image.default\">\n\t\t\t\t<div class=\"elementor-widget-container\">\n\t\t\t\t\t\t\t\t\t\t\t\t\t\t\t\t<a href=\"https:\/\/dermcenter.com.br\/dermatologia-estetica\/capilar\/\">\n\t\t\t\t\t\t\t<img loading=\"lazy\" decoding=\"async\" width=\"800\" height=\"600\" src=\"https:\/\/dermcenter.com.br\/wp-content\/uploads\/2025\/04\/dermcenter-dermatologia-clinica-alopecia.jpg\" class=\"elementor-animation-grow attachment-full size-full wp-image-1343\" alt=\"\" srcset=\"https:\/\/dermcenter.com.br\/wp-content\/uploads\/2025\/04\/dermcenter-dermatologia-clinica-alopecia.jpg 800w, https:\/\/dermcenter.com.br\/wp-content\/uploads\/2025\/04\/dermcenter-dermatologia-clinica-alopecia-300x225.jpg 300w, https:\/\/dermcenter.com.br\/wp-content\/uploads\/2025\/04\/dermcenter-dermatologia-clinica-alopecia-768x576.jpg 768w\" sizes=\"auto, (max-width: 800px) 100vw, 800px\" \/>\t\t\t\t\t\t\t\t<\/a>\n\t\t\t\t\t\t\t\t\t\t\t\t\t\t\t<\/div>\n\t\t\t\t<\/div>\n\t\t\t\t<div class=\"elementor-element elementor-element-689a094 elementor-widget__width-initial elementor-widget elementor-widget-heading\" data-id=\"689a094\" data-element_type=\"widget\" data-widget_type=\"heading.default\">\n\t\t\t\t<div class=\"elementor-widget-container\">\n\t\t\t\t\t<h2 class=\"elementor-heading-title elementor-size-default\"><a href=\"https:\/\/dermcenter.com.br\/dermatologia-estetica\/capilar\/\">Capilar<\/a><\/h2>\t\t\t\t<\/div>\n\t\t\t\t<\/div>\n\t\t\t\t\t<\/div>\n\t\t\t\t<\/div>\n\t\t<div class=\"elementor-element elementor-element-5b0eaeb e-flex e-con-boxed e-con e-child\" data-id=\"5b0eaeb\" data-element_type=\"container\">\n\t\t\t\t\t<div class=\"e-con-inner\">\n\t\t\t\t<div class=\"elementor-element elementor-element-19e0bb1 elementor-widget elementor-widget-image\" data-id=\"19e0bb1\" data-element_type=\"widget\" data-widget_type=\"image.default\">\n\t\t\t\t<div class=\"elementor-widget-container\">\n\t\t\t\t\t\t\t\t\t\t\t\t\t\t\t\t<a href=\"https:\/\/dermcenter.com.br\/dermatologia-estetica\/intimo\/\">\n\t\t\t\t\t\t\t<img loading=\"lazy\" decoding=\"async\" width=\"800\" height=\"600\" src=\"https:\/\/dermcenter.com.br\/wp-content\/uploads\/2025\/08\/dermcenter-intimo-2.jpg\" class=\"elementor-animation-grow attachment-full size-full wp-image-2012\" alt=\"\" srcset=\"https:\/\/dermcenter.com.br\/wp-content\/uploads\/2025\/08\/dermcenter-intimo-2.jpg 800w, https:\/\/dermcenter.com.br\/wp-content\/uploads\/2025\/08\/dermcenter-intimo-2-300x225.jpg 300w, https:\/\/dermcenter.com.br\/wp-content\/uploads\/2025\/08\/dermcenter-intimo-2-768x576.jpg 768w\" sizes=\"auto, (max-width: 800px) 100vw, 800px\" \/>\t\t\t\t\t\t\t\t<\/a>\n\t\t\t\t\t\t\t\t\t\t\t\t\t\t\t<\/div>\n\t\t\t\t<\/div>\n\t\t\t\t<div class=\"elementor-element elementor-element-7c6c107 elementor-widget__width-initial elementor-widget elementor-widget-heading\" data-id=\"7c6c107\" data-element_type=\"widget\" data-widget_type=\"heading.default\">\n\t\t\t\t<div class=\"elementor-widget-container\">\n\t\t\t\t\t<h2 class=\"elementor-heading-title elementor-size-default\"><a href=\"https:\/\/dermcenter.com.br\/dermatologia-estetica\/intimo\/\">\u00cdntimo<\/a><\/h2>\t\t\t\t<\/div>\n\t\t\t\t<\/div>\n\t\t\t\t\t<\/div>\n\t\t\t\t<\/div>\n\t\t<div class=\"elementor-element elementor-element-0b061bb e-flex e-con-boxed e-con e-child\" data-id=\"0b061bb\" data-element_type=\"container\">\n\t\t\t\t\t<div class=\"e-con-inner\">\n\t\t\t\t<div class=\"elementor-element elementor-element-1ad8db9 elementor-widget elementor-widget-image\" data-id=\"1ad8db9\" data-element_type=\"widget\" data-widget_type=\"image.default\">\n\t\t\t\t<div class=\"elementor-widget-container\">\n\t\t\t\t\t\t\t\t\t\t\t\t\t\t\t\t<a href=\"https:\/\/dermcenter.com.br\/dermatologia-estetica\/podologia\/\">\n\t\t\t\t\t\t\t<img loading=\"lazy\" decoding=\"async\" width=\"800\" height=\"600\" src=\"https:\/\/dermcenter.com.br\/wp-content\/uploads\/2024\/07\/dermcenter-tratamentos-podologia.jpg\" class=\"elementor-animation-grow attachment-full size-full wp-image-876\" alt=\"\" srcset=\"https:\/\/dermcenter.com.br\/wp-content\/uploads\/2024\/07\/dermcenter-tratamentos-podologia.jpg 800w, https:\/\/dermcenter.com.br\/wp-content\/uploads\/2024\/07\/dermcenter-tratamentos-podologia-300x225.jpg 300w, https:\/\/dermcenter.com.br\/wp-content\/uploads\/2024\/07\/dermcenter-tratamentos-podologia-768x576.jpg 768w\" sizes=\"auto, (max-width: 800px) 100vw, 800px\" \/>\t\t\t\t\t\t\t\t<\/a>\n\t\t\t\t\t\t\t\t\t\t\t\t\t\t\t<\/div>\n\t\t\t\t<\/div>\n\t\t\t\t<div class=\"elementor-element elementor-element-020c476 elementor-widget__width-initial elementor-widget elementor-widget-heading\" data-id=\"020c476\" data-element_type=\"widget\" data-widget_type=\"heading.default\">\n\t\t\t\t<div class=\"elementor-widget-container\">\n\t\t\t\t\t<h2 class=\"elementor-heading-title elementor-size-default\"><a href=\"https:\/\/dermcenter.com.br\/dermatologia-estetica\/podologia\/\">Podologia<\/a><\/h2>\t\t\t\t<\/div>\n\t\t\t\t<\/div>\n\t\t\t\t\t<\/div>\n\t\t\t\t<\/div>\n\t\t<div class=\"elementor-element elementor-element-245d21a e-con-full e-flex e-con e-child\" data-id=\"245d21a\" data-element_type=\"container\">\n\t\t\t\t<\/div>\n\t\t<div class=\"elementor-element elementor-element-c470006 e-con-full e-flex e-con e-child\" data-id=\"c470006\" data-element_type=\"container\">\n\t\t\t\t<div class=\"elementor-element elementor-element-b9ffbd3 elementor-widget elementor-widget-image\" data-id=\"b9ffbd3\" data-element_type=\"widget\" data-widget_type=\"image.default\">\n\t\t\t\t<div class=\"elementor-widget-container\">\n\t\t\t\t\t\t\t\t\t\t\t\t\t\t\t\t<a href=\"https:\/\/dermcenter.com.br\/dermatologia-estetica\/lip-luz-intensa-pulsada\/\">\n\t\t\t\t\t\t\t<img loading=\"lazy\" decoding=\"async\" width=\"800\" height=\"600\" src=\"https:\/\/dermcenter.com.br\/wp-content\/uploads\/2025\/04\/dermcenter-dermatologia-estetica-laser.jpg\" class=\"elementor-animation-grow attachment-full size-full wp-image-1452\" alt=\"\" srcset=\"https:\/\/dermcenter.com.br\/wp-content\/uploads\/2025\/04\/dermcenter-dermatologia-estetica-laser.jpg 800w, https:\/\/dermcenter.com.br\/wp-content\/uploads\/2025\/04\/dermcenter-dermatologia-estetica-laser-300x225.jpg 300w, https:\/\/dermcenter.com.br\/wp-content\/uploads\/2025\/04\/dermcenter-dermatologia-estetica-laser-768x576.jpg 768w\" sizes=\"auto, (max-width: 800px) 100vw, 800px\" \/>\t\t\t\t\t\t\t\t<\/a>\n\t\t\t\t\t\t\t\t\t\t\t\t\t\t\t<\/div>\n\t\t\t\t<\/div>\n\t\t\t\t<div class=\"elementor-element elementor-element-fa3e8b0 elementor-widget__width-initial elementor-widget elementor-widget-heading\" data-id=\"fa3e8b0\" data-element_type=\"widget\" data-widget_type=\"heading.default\">\n\t\t\t\t<div class=\"elementor-widget-container\">\n\t\t\t\t\t<h2 class=\"elementor-heading-title elementor-size-default\"><a href=\"https:\/\/dermcenter.com.br\/dermatologia-estetica\/lip-luz-intensa-pulsada\/\">Laser<\/a><\/h2>\t\t\t\t<\/div>\n\t\t\t\t<\/div>\n\t\t\t\t<\/div>\n\t\t<div class=\"elementor-element elementor-element-61c3737 e-con-full e-flex e-con e-child\" data-id=\"61c3737\" data-element_type=\"container\">\n\t\t\t\t<\/div>\n\t\t\t\t<\/div>\n\t\t\t\t<\/div>\n\t\t\t\t<\/div>\n\t\t","protected":false},"excerpt":{"rendered":"<p>Dermatologia est\u00e9tica Dermatologia Est\u00e9tica, tamb\u00e9m conhecida como Cosmiatria, \u00e9 uma \u00e1rea da Dermatologia que se dedica a realiza\u00e7\u00e3o procedimentos est\u00e9ticos. Nossa equipe altamente qualificada oferece tratamentos personalizados, visando melhorar a apar\u00eancia e\/ou rejuvenescimento dos pacientes. Tratamentos faciais Tratamentos Corporais Vascular Capilar \u00cdntimo Podologia Laser<\/p>\n","protected":false},"author":1,"featured_media":0,"parent":0,"menu_order":0,"comment_status":"closed","ping_status":"closed","template":"elementor_canvas","meta":{"footnotes":""},"class_list":["post-861","page","type-page","status-publish","hentry"],"_links":{"self":[{"href":"https:\/\/dermcenter.com.br\/index.php?rest_route=\/wp\/v2\/pages\/861","targetHints":{"allow":["GET"]}}],"collection":[{"href":"https:\/\/dermcenter.com.br\/index.php?rest_route=\/wp\/v2\/pages"}],"about":[{"href":"https:\/\/dermcenter.com.br\/index.php?rest_route=\/wp\/v2\/types\/page"}],"author":[{"embeddable":true,"href":"https:\/\/dermcenter.com.br\/index.php?rest_route=\/wp\/v2\/users\/1"}],"replies":[{"embeddable":true,"href":"https:\/\/dermcenter.com.br\/index.php?rest_route=%2Fwp%2Fv2%2Fcomments&post=861"}],"version-history":[{"count":34,"href":"https:\/\/dermcenter.com.br\/index.php?rest_route=\/wp\/v2\/pages\/861\/revisions"}],"predecessor-version":[{"id":2018,"href":"https:\/\/dermcenter.com.br\/index.php?rest_route=\/wp\/v2\/pages\/861\/revisions\/2018"}],"wp:attachment":[{"href":"https:\/\/dermcenter.com.br\/index.php?rest_route=%2Fwp%2Fv2%2Fmedia&parent=861"}],"curies":[{"name":"wp","href":"https:\/\/api.w.org\/{rel}","templated":true}]}}