{"id":826,"date":"2024-07-09T20:04:50","date_gmt":"2024-07-09T20:04:50","guid":{"rendered":"https:\/\/dermcenter.com.br\/?page_id=826"},"modified":"2025-08-27T19:11:01","modified_gmt":"2025-08-27T19:11:01","slug":"dermatologia-clinica","status":"publish","type":"page","link":"https:\/\/dermcenter.com.br\/?page_id=826","title":{"rendered":"Dermatologia Cl\u00ednica"},"content":{"rendered":"\t\t<div data-elementor-type=\"wp-page\" data-elementor-id=\"826\" class=\"elementor elementor-826\" data-elementor-post-type=\"page\">\n\t\t\t\t<div class=\"elementor-element elementor-element-7b53983 e-con-full e-flex e-con e-parent\" data-id=\"7b53983\" data-element_type=\"container\" id=\"topo\" data-settings=\"{&quot;background_background&quot;:&quot;classic&quot;}\">\n\t\t\t\t<div class=\"elementor-element elementor-element-1d031af elementor-widget__width-initial elementor-widget elementor-widget-heading\" data-id=\"1d031af\" data-element_type=\"widget\" data-widget_type=\"heading.default\">\n\t\t\t\t<div class=\"elementor-widget-container\">\n\t\t\t\t\t<h2 class=\"elementor-heading-title elementor-size-default\">Dermatologia Cl\u00ednica<\/h2>\t\t\t\t<\/div>\n\t\t\t\t<\/div>\n\t\t\t\t<\/div>\n\t\t<div class=\"elementor-element elementor-element-9c2ffb9 e-con-full e-flex e-con e-parent\" data-id=\"9c2ffb9\" data-element_type=\"container\" data-settings=\"{&quot;background_background&quot;:&quot;classic&quot;}\">\n\t\t<div class=\"elementor-element elementor-element-a8876cd e-grid e-con-full elementor-invisible e-con e-child\" data-id=\"a8876cd\" data-element_type=\"container\" data-settings=\"{&quot;background_background&quot;:&quot;classic&quot;,&quot;animation&quot;:&quot;fadeInDown&quot;}\">\n\t\t\t\t<div class=\"elementor-element elementor-element-ec9f42c elementor-widget elementor-widget-text-editor\" data-id=\"ec9f42c\" data-element_type=\"widget\" data-widget_type=\"text-editor.default\">\n\t\t\t\t<div class=\"elementor-widget-container\">\n\t\t\t\t\t\t\t\t\tA Dermatologia Cl\u00ednica \u00e9 uma especialidade que se concentra no diagn\u00f3stico, tratamento e preven\u00e7\u00e3o de condi\u00e7\u00f5es que afetam a pele, cabelo e unhas. Nossa equipe est\u00e1 comprometida com a constante evolu\u00e7\u00e3o na \u00e1rea e oferece um atendimento atualizado e personalizado, respeitando a singularidade de cada paciente.\n\t\t\t\t\t\t\t\t<\/div>\n\t\t\t\t<\/div>\n\t\t\t\t<\/div>\n\t\t<div class=\"elementor-element elementor-element-d4a98ab e-grid e-con-full animated-slow elementor-invisible e-con e-child\" data-id=\"d4a98ab\" data-element_type=\"container\" data-settings=\"{&quot;animation&quot;:&quot;fadeIn&quot;,&quot;animation_delay&quot;:400}\">\n\t\t<div class=\"elementor-element elementor-element-d74ab90 e-flex e-con-boxed e-con e-child\" data-id=\"d74ab90\" data-element_type=\"container\">\n\t\t\t\t\t<div class=\"e-con-inner\">\n\t\t\t\t<div class=\"elementor-element elementor-element-2981e57 elementor-widget elementor-widget-image\" data-id=\"2981e57\" data-element_type=\"widget\" data-widget_type=\"image.default\">\n\t\t\t\t<div class=\"elementor-widget-container\">\n\t\t\t\t\t\t\t\t\t\t\t\t\t\t\t\t<a href=\"https:\/\/dermcenter.com.br\/dermatologia-clinica\/doencas-de-pele\/\">\n\t\t\t\t\t\t\t<img loading=\"lazy\" decoding=\"async\" width=\"800\" height=\"600\" src=\"https:\/\/dermcenter.com.br\/wp-content\/uploads\/2025\/08\/dermcenter-micoses-superficiais-1.jpg\" class=\"elementor-animation-grow attachment-full size-full wp-image-1912\" alt=\"\" srcset=\"https:\/\/dermcenter.com.br\/wp-content\/uploads\/2025\/08\/dermcenter-micoses-superficiais-1.jpg 800w, https:\/\/dermcenter.com.br\/wp-content\/uploads\/2025\/08\/dermcenter-micoses-superficiais-1-300x225.jpg 300w, https:\/\/dermcenter.com.br\/wp-content\/uploads\/2025\/08\/dermcenter-micoses-superficiais-1-768x576.jpg 768w\" sizes=\"auto, (max-width: 800px) 100vw, 800px\" \/>\t\t\t\t\t\t\t\t<\/a>\n\t\t\t\t\t\t\t\t\t\t\t\t\t\t\t<\/div>\n\t\t\t\t<\/div>\n\t\t\t\t<div class=\"elementor-element elementor-element-d747a24 elementor-widget__width-initial elementor-widget elementor-widget-heading\" data-id=\"d747a24\" data-element_type=\"widget\" data-widget_type=\"heading.default\">\n\t\t\t\t<div class=\"elementor-widget-container\">\n\t\t\t\t\t<h2 class=\"elementor-heading-title elementor-size-default\"><a href=\"https:\/\/dermcenter.com.br\/dermatologia-clinica\/doencas-de-pele\/\">Doen\u00e7as de pele   <\/a><\/h2>\t\t\t\t<\/div>\n\t\t\t\t<\/div>\n\t\t\t\t\t<\/div>\n\t\t\t\t<\/div>\n\t\t<div class=\"elementor-element elementor-element-ff2d662 e-flex e-con-boxed e-con e-child\" data-id=\"ff2d662\" data-element_type=\"container\">\n\t\t\t\t\t<div class=\"e-con-inner\">\n\t\t\t\t<div class=\"elementor-element elementor-element-08d4315 elementor-widget elementor-widget-image\" data-id=\"08d4315\" data-element_type=\"widget\" data-widget_type=\"image.default\">\n\t\t\t\t<div class=\"elementor-widget-container\">\n\t\t\t\t\t\t\t\t\t\t\t\t\t\t\t\t<a href=\"https:\/\/dermcenter.com.br\/dermatologia-clinica\/doencas-de-cabelo\/\">\n\t\t\t\t\t\t\t<img loading=\"lazy\" decoding=\"async\" width=\"800\" height=\"600\" src=\"https:\/\/dermcenter.com.br\/wp-content\/uploads\/2024\/07\/dermcenter-doenca-cabelo.jpg\" class=\"elementor-animation-grow attachment-full size-full wp-image-838\" alt=\"\" srcset=\"https:\/\/dermcenter.com.br\/wp-content\/uploads\/2024\/07\/dermcenter-doenca-cabelo.jpg 800w, https:\/\/dermcenter.com.br\/wp-content\/uploads\/2024\/07\/dermcenter-doenca-cabelo-300x225.jpg 300w, https:\/\/dermcenter.com.br\/wp-content\/uploads\/2024\/07\/dermcenter-doenca-cabelo-768x576.jpg 768w\" sizes=\"auto, (max-width: 800px) 100vw, 800px\" \/>\t\t\t\t\t\t\t\t<\/a>\n\t\t\t\t\t\t\t\t\t\t\t\t\t\t\t<\/div>\n\t\t\t\t<\/div>\n\t\t\t\t<div class=\"elementor-element elementor-element-cbe7b10 elementor-widget__width-initial elementor-widget elementor-widget-heading\" data-id=\"cbe7b10\" data-element_type=\"widget\" data-widget_type=\"heading.default\">\n\t\t\t\t<div class=\"elementor-widget-container\">\n\t\t\t\t\t<h2 class=\"elementor-heading-title elementor-size-default\"><a href=\"https:\/\/dermcenter.com.br\/dermatologia-clinica\/doencas-de-cabelo\/\">Doen\u00e7as de cabelo<\/a><\/h2>\t\t\t\t<\/div>\n\t\t\t\t<\/div>\n\t\t\t\t\t<\/div>\n\t\t\t\t<\/div>\n\t\t<div class=\"elementor-element elementor-element-c9631fa e-flex e-con-boxed e-con e-child\" data-id=\"c9631fa\" data-element_type=\"container\">\n\t\t\t\t\t<div class=\"e-con-inner\">\n\t\t\t\t<div class=\"elementor-element elementor-element-644d4d3 elementor-widget elementor-widget-image\" data-id=\"644d4d3\" data-element_type=\"widget\" data-widget_type=\"image.default\">\n\t\t\t\t<div class=\"elementor-widget-container\">\n\t\t\t\t\t\t\t\t\t\t\t\t\t\t\t\t<a href=\"https:\/\/dermcenter.com.br\/dermatologia-clinica\/doencas-de-unhas\/\">\n\t\t\t\t\t\t\t<img loading=\"lazy\" decoding=\"async\" width=\"800\" height=\"600\" src=\"https:\/\/dermcenter.com.br\/wp-content\/uploads\/2025\/08\/dermcenter-cirurgia-de-unha-1.jpg\" class=\"elementor-animation-grow attachment-full size-full wp-image-1910\" alt=\"\" srcset=\"https:\/\/dermcenter.com.br\/wp-content\/uploads\/2025\/08\/dermcenter-cirurgia-de-unha-1.jpg 800w, https:\/\/dermcenter.com.br\/wp-content\/uploads\/2025\/08\/dermcenter-cirurgia-de-unha-1-300x225.jpg 300w, https:\/\/dermcenter.com.br\/wp-content\/uploads\/2025\/08\/dermcenter-cirurgia-de-unha-1-768x576.jpg 768w\" sizes=\"auto, (max-width: 800px) 100vw, 800px\" \/>\t\t\t\t\t\t\t\t<\/a>\n\t\t\t\t\t\t\t\t\t\t\t\t\t\t\t<\/div>\n\t\t\t\t<\/div>\n\t\t\t\t<div class=\"elementor-element elementor-element-96c4547 elementor-widget__width-initial elementor-widget elementor-widget-heading\" data-id=\"96c4547\" data-element_type=\"widget\" data-widget_type=\"heading.default\">\n\t\t\t\t<div class=\"elementor-widget-container\">\n\t\t\t\t\t<h2 class=\"elementor-heading-title elementor-size-default\"><a href=\"https:\/\/dermcenter.com.br\/dermatologia-clinica\/doencas-de-unhas\/\">Doen\u00e7as de unha<\/a><\/h2>\t\t\t\t<\/div>\n\t\t\t\t<\/div>\n\t\t\t\t\t<\/div>\n\t\t\t\t<\/div>\n\t\t\t\t<\/div>\n\t\t\t\t<\/div>\n\t\t\t\t<\/div>\n\t\t","protected":false},"excerpt":{"rendered":"<p>Dermatologia Cl\u00ednica A Dermatologia Cl\u00ednica \u00e9 uma especialidade que se concentra no diagn\u00f3stico, tratamento e preven\u00e7\u00e3o de condi\u00e7\u00f5es que afetam a pele, cabelo e unhas. Nossa equipe est\u00e1 comprometida com a constante evolu\u00e7\u00e3o na \u00e1rea e oferece um atendimento atualizado e personalizado, respeitando a singularidade de cada paciente. Doen\u00e7as de pele Doen\u00e7as de cabelo Doen\u00e7as [&hellip;]<\/p>\n","protected":false},"author":1,"featured_media":0,"parent":0,"menu_order":0,"comment_status":"closed","ping_status":"closed","template":"elementor_canvas","meta":{"footnotes":""},"class_list":["post-826","page","type-page","status-publish","hentry"],"_links":{"self":[{"href":"https:\/\/dermcenter.com.br\/index.php?rest_route=\/wp\/v2\/pages\/826","targetHints":{"allow":["GET"]}}],"collection":[{"href":"https:\/\/dermcenter.com.br\/index.php?rest_route=\/wp\/v2\/pages"}],"about":[{"href":"https:\/\/dermcenter.com.br\/index.php?rest_route=\/wp\/v2\/types\/page"}],"author":[{"embeddable":true,"href":"https:\/\/dermcenter.com.br\/index.php?rest_route=\/wp\/v2\/users\/1"}],"replies":[{"embeddable":true,"href":"https:\/\/dermcenter.com.br\/index.php?rest_route=%2Fwp%2Fv2%2Fcomments&post=826"}],"version-history":[{"count":22,"href":"https:\/\/dermcenter.com.br\/index.php?rest_route=\/wp\/v2\/pages\/826\/revisions"}],"predecessor-version":[{"id":1933,"href":"https:\/\/dermcenter.com.br\/index.php?rest_route=\/wp\/v2\/pages\/826\/revisions\/1933"}],"wp:attachment":[{"href":"https:\/\/dermcenter.com.br\/index.php?rest_route=%2Fwp%2Fv2%2Fmedia&parent=826"}],"curies":[{"name":"wp","href":"https:\/\/api.w.org\/{rel}","templated":true}]}}