{"id":636,"date":"2024-07-03T01:43:32","date_gmt":"2024-07-03T01:43:32","guid":{"rendered":"https:\/\/dermcenter.com.br\/?page_id=636"},"modified":"2025-08-27T18:59:04","modified_gmt":"2025-08-27T18:59:04","slug":"cirurgia-dermatologica","status":"publish","type":"page","link":"https:\/\/dermcenter.com.br\/?page_id=636","title":{"rendered":"Cirurgia Dermatol\u00f3gica"},"content":{"rendered":"\t\t<div data-elementor-type=\"wp-page\" data-elementor-id=\"636\" class=\"elementor elementor-636\" data-elementor-post-type=\"page\">\n\t\t\t\t<div class=\"elementor-element elementor-element-7b53983 e-con-full e-flex e-con e-parent\" data-id=\"7b53983\" data-element_type=\"container\" id=\"topo\" data-settings=\"{&quot;background_background&quot;:&quot;classic&quot;}\">\n\t\t\t\t<div class=\"elementor-element elementor-element-1d031af elementor-widget__width-initial elementor-widget elementor-widget-heading\" data-id=\"1d031af\" data-element_type=\"widget\" data-widget_type=\"heading.default\">\n\t\t\t\t<div class=\"elementor-widget-container\">\n\t\t\t\t\t<h2 class=\"elementor-heading-title elementor-size-default\">Cirurgia dermatol\u00f3gica<\/h2>\t\t\t\t<\/div>\n\t\t\t\t<\/div>\n\t\t\t\t<\/div>\n\t\t<div class=\"elementor-element elementor-element-9c2ffb9 e-con-full e-flex e-con e-parent\" data-id=\"9c2ffb9\" data-element_type=\"container\" data-settings=\"{&quot;background_background&quot;:&quot;classic&quot;}\">\n\t\t<div class=\"elementor-element elementor-element-a8876cd e-grid e-con-full elementor-invisible e-con e-child\" data-id=\"a8876cd\" data-element_type=\"container\" data-settings=\"{&quot;background_background&quot;:&quot;classic&quot;,&quot;animation&quot;:&quot;fadeInDown&quot;}\">\n\t\t\t\t<div class=\"elementor-element elementor-element-ec9f42c elementor-widget elementor-widget-text-editor\" data-id=\"ec9f42c\" data-element_type=\"widget\" data-widget_type=\"text-editor.default\">\n\t\t\t\t<div class=\"elementor-widget-container\">\n\t\t\t\t\t\t\t\t\t<p>Na Derm Center, somos refer\u00eancia em procedimentos cir\u00fargicos dermatol\u00f3gicos, oferecendo um padr\u00e3o de excel\u00eancia que nos destaca. Nossa equipe, composta por profissionais altamente qualificados e com vasta experi\u00eancia, dedica-se a proporcionar cuidados personalizados e atualizados, garantindo o bem-estar e a sa\u00fade de cada paciente.<\/p><p>Nossa sala cir\u00fargica, equipada com tecnologia de ponta e todos os itens de seguran\u00e7a necess\u00e1rios, reflete nosso compromisso com a qualidade e a seguran\u00e7a. Al\u00e9m disso, nosso rigoroso processo de esteriliza\u00e7\u00e3o, conduzido por uma enfermeira padr\u00e3o, assegura os mais altos n\u00edveis de exig\u00eancia e higiene.\u00a0<br \/><br \/>Na Derm Center, cada detalhe \u00e9 cuidadosamente planejado para garantir que sua experi\u00eancia seja segura, confort\u00e1vel e com resultados excepcionais. Confie em nossa expertise e dedica\u00e7\u00e3o para cuidar da sa\u00fade da sua pele.<\/p>\t\t\t\t\t\t\t\t<\/div>\n\t\t\t\t<\/div>\n\t\t\t\t<\/div>\n\t\t<div class=\"elementor-element elementor-element-d4a98ab e-grid e-con-full animated-slow elementor-invisible e-con e-child\" data-id=\"d4a98ab\" data-element_type=\"container\" data-settings=\"{&quot;animation&quot;:&quot;fadeIn&quot;,&quot;animation_delay&quot;:400}\">\n\t\t<div class=\"elementor-element elementor-element-d74ab90 e-flex e-con-boxed e-con e-child\" data-id=\"d74ab90\" data-element_type=\"container\">\n\t\t\t\t\t<div class=\"e-con-inner\">\n\t\t\t\t<div class=\"elementor-element elementor-element-2981e57 elementor-widget elementor-widget-image\" data-id=\"2981e57\" data-element_type=\"widget\" data-widget_type=\"image.default\">\n\t\t\t\t<div class=\"elementor-widget-container\">\n\t\t\t\t\t\t\t\t\t\t\t\t\t\t\t\t<a href=\"https:\/\/dermcenter.com.br\/cirurgia-dermatologica\/cancer-de-pele\/\">\n\t\t\t\t\t\t\t<img loading=\"lazy\" decoding=\"async\" width=\"800\" height=\"600\" src=\"https:\/\/dermcenter.com.br\/wp-content\/uploads\/2025\/08\/dermcenter-cancer-de-pele-1.jpg\" class=\"elementor-animation-grow attachment-full size-full wp-image-1909\" alt=\"\" srcset=\"https:\/\/dermcenter.com.br\/wp-content\/uploads\/2025\/08\/dermcenter-cancer-de-pele-1.jpg 800w, https:\/\/dermcenter.com.br\/wp-content\/uploads\/2025\/08\/dermcenter-cancer-de-pele-1-300x225.jpg 300w, https:\/\/dermcenter.com.br\/wp-content\/uploads\/2025\/08\/dermcenter-cancer-de-pele-1-768x576.jpg 768w\" sizes=\"auto, (max-width: 800px) 100vw, 800px\" \/>\t\t\t\t\t\t\t\t<\/a>\n\t\t\t\t\t\t\t\t\t\t\t\t\t\t\t<\/div>\n\t\t\t\t<\/div>\n\t\t\t\t<div class=\"elementor-element elementor-element-d747a24 elementor-widget__width-initial elementor-widget elementor-widget-heading\" data-id=\"d747a24\" data-element_type=\"widget\" data-widget_type=\"heading.default\">\n\t\t\t\t<div class=\"elementor-widget-container\">\n\t\t\t\t\t<h2 class=\"elementor-heading-title elementor-size-default\"><a href=\"https:\/\/dermcenter.com.br\/cirurgia-dermatologica\/cancer-de-pele\/\">C\u00e2ncer de pele\n<\/a><\/h2>\t\t\t\t<\/div>\n\t\t\t\t<\/div>\n\t\t\t\t\t<\/div>\n\t\t\t\t<\/div>\n\t\t<div class=\"elementor-element elementor-element-ff2d662 e-flex e-con-boxed e-con e-child\" data-id=\"ff2d662\" data-element_type=\"container\">\n\t\t\t\t\t<div class=\"e-con-inner\">\n\t\t\t\t<div class=\"elementor-element elementor-element-08d4315 elementor-widget elementor-widget-image\" data-id=\"08d4315\" data-element_type=\"widget\" data-widget_type=\"image.default\">\n\t\t\t\t<div class=\"elementor-widget-container\">\n\t\t\t\t\t\t\t\t\t\t\t\t\t\t\t\t<a href=\"https:\/\/dermcenter.com.br\/cirurgia-dermatologica\/pintas-nevos\/\">\n\t\t\t\t\t\t\t<img loading=\"lazy\" decoding=\"async\" width=\"800\" height=\"600\" src=\"https:\/\/dermcenter.com.br\/wp-content\/uploads\/2024\/07\/dermcenter-pinta.jpg\" class=\"elementor-animation-grow attachment-full size-full wp-image-648\" alt=\"\" srcset=\"https:\/\/dermcenter.com.br\/wp-content\/uploads\/2024\/07\/dermcenter-pinta.jpg 800w, https:\/\/dermcenter.com.br\/wp-content\/uploads\/2024\/07\/dermcenter-pinta-300x225.jpg 300w, https:\/\/dermcenter.com.br\/wp-content\/uploads\/2024\/07\/dermcenter-pinta-768x576.jpg 768w\" sizes=\"auto, (max-width: 800px) 100vw, 800px\" \/>\t\t\t\t\t\t\t\t<\/a>\n\t\t\t\t\t\t\t\t\t\t\t\t\t\t\t<\/div>\n\t\t\t\t<\/div>\n\t\t\t\t<div class=\"elementor-element elementor-element-cbe7b10 elementor-widget__width-initial elementor-widget elementor-widget-heading\" data-id=\"cbe7b10\" data-element_type=\"widget\" data-widget_type=\"heading.default\">\n\t\t\t\t<div class=\"elementor-widget-container\">\n\t\t\t\t\t<h2 class=\"elementor-heading-title elementor-size-default\"><a href=\"https:\/\/dermcenter.com.br\/cirurgia-dermatologica\/pintas-nevos\/\">Pintas<\/a><\/h2>\t\t\t\t<\/div>\n\t\t\t\t<\/div>\n\t\t\t\t\t<\/div>\n\t\t\t\t<\/div>\n\t\t<div class=\"elementor-element elementor-element-c9631fa e-flex e-con-boxed e-con e-child\" data-id=\"c9631fa\" data-element_type=\"container\">\n\t\t\t\t\t<div class=\"e-con-inner\">\n\t\t\t\t<div class=\"elementor-element elementor-element-644d4d3 elementor-widget elementor-widget-image\" data-id=\"644d4d3\" data-element_type=\"widget\" data-widget_type=\"image.default\">\n\t\t\t\t<div class=\"elementor-widget-container\">\n\t\t\t\t\t\t\t\t\t\t\t\t\t\t\t\t<a href=\"https:\/\/dermcenter.com.br\/cirurgia-dermatologica\/cistos\/\">\n\t\t\t\t\t\t\t<img loading=\"lazy\" decoding=\"async\" width=\"800\" height=\"600\" src=\"https:\/\/dermcenter.com.br\/wp-content\/uploads\/2024\/07\/dermcenter-cisto.jpg\" class=\"elementor-animation-grow attachment-full size-full wp-image-644\" alt=\"\" srcset=\"https:\/\/dermcenter.com.br\/wp-content\/uploads\/2024\/07\/dermcenter-cisto.jpg 800w, https:\/\/dermcenter.com.br\/wp-content\/uploads\/2024\/07\/dermcenter-cisto-300x225.jpg 300w, https:\/\/dermcenter.com.br\/wp-content\/uploads\/2024\/07\/dermcenter-cisto-768x576.jpg 768w\" sizes=\"auto, (max-width: 800px) 100vw, 800px\" \/>\t\t\t\t\t\t\t\t<\/a>\n\t\t\t\t\t\t\t\t\t\t\t\t\t\t\t<\/div>\n\t\t\t\t<\/div>\n\t\t\t\t<div class=\"elementor-element elementor-element-96c4547 elementor-widget__width-initial elementor-widget elementor-widget-heading\" data-id=\"96c4547\" data-element_type=\"widget\" data-widget_type=\"heading.default\">\n\t\t\t\t<div class=\"elementor-widget-container\">\n\t\t\t\t\t<h2 class=\"elementor-heading-title elementor-size-default\"><a href=\"https:\/\/dermcenter.com.br\/cirurgia-dermatologica\/cistos\/\">Cistos<\/a><\/h2>\t\t\t\t<\/div>\n\t\t\t\t<\/div>\n\t\t\t\t\t<\/div>\n\t\t\t\t<\/div>\n\t\t<div class=\"elementor-element elementor-element-d54f059 e-flex e-con-boxed e-con e-child\" data-id=\"d54f059\" data-element_type=\"container\">\n\t\t\t\t\t<div class=\"e-con-inner\">\n\t\t\t\t<div class=\"elementor-element elementor-element-1ca5aa9 elementor-widget elementor-widget-image\" data-id=\"1ca5aa9\" data-element_type=\"widget\" data-widget_type=\"image.default\">\n\t\t\t\t<div class=\"elementor-widget-container\">\n\t\t\t\t\t\t\t\t\t\t\t\t\t\t\t\t<a href=\"https:\/\/dermcenter.com.br\/cirurgia-dermatologica\/verrugas\/\">\n\t\t\t\t\t\t\t<img loading=\"lazy\" decoding=\"async\" width=\"800\" height=\"600\" src=\"https:\/\/dermcenter.com.br\/wp-content\/uploads\/2025\/08\/dermcenter-verrugas-1.jpg\" class=\"elementor-animation-grow attachment-full size-full wp-image-1906\" alt=\"\" srcset=\"https:\/\/dermcenter.com.br\/wp-content\/uploads\/2025\/08\/dermcenter-verrugas-1.jpg 800w, https:\/\/dermcenter.com.br\/wp-content\/uploads\/2025\/08\/dermcenter-verrugas-1-300x225.jpg 300w, https:\/\/dermcenter.com.br\/wp-content\/uploads\/2025\/08\/dermcenter-verrugas-1-768x576.jpg 768w\" sizes=\"auto, (max-width: 800px) 100vw, 800px\" \/>\t\t\t\t\t\t\t\t<\/a>\n\t\t\t\t\t\t\t\t\t\t\t\t\t\t\t<\/div>\n\t\t\t\t<\/div>\n\t\t\t\t<div class=\"elementor-element elementor-element-689a094 elementor-widget__width-initial elementor-widget elementor-widget-heading\" data-id=\"689a094\" data-element_type=\"widget\" data-widget_type=\"heading.default\">\n\t\t\t\t<div class=\"elementor-widget-container\">\n\t\t\t\t\t<h2 class=\"elementor-heading-title elementor-size-default\"><a href=\"https:\/\/dermcenter.com.br\/cirurgia-dermatologica\/verrugas\/\">Verrugas<\/a><\/h2>\t\t\t\t<\/div>\n\t\t\t\t<\/div>\n\t\t\t\t\t<\/div>\n\t\t\t\t<\/div>\n\t\t<div class=\"elementor-element elementor-element-5b0eaeb e-flex e-con-boxed e-con e-child\" data-id=\"5b0eaeb\" data-element_type=\"container\">\n\t\t\t\t\t<div class=\"e-con-inner\">\n\t\t\t\t<div class=\"elementor-element elementor-element-19e0bb1 elementor-widget elementor-widget-image\" data-id=\"19e0bb1\" data-element_type=\"widget\" data-widget_type=\"image.default\">\n\t\t\t\t<div class=\"elementor-widget-container\">\n\t\t\t\t\t\t\t\t\t\t\t\t\t\t\t\t<a href=\"https:\/\/dermcenter.com.br\/cirurgia-dermatologica\/correcao-de-lobulo-de-orelha\/\">\n\t\t\t\t\t\t\t<img loading=\"lazy\" decoding=\"async\" width=\"800\" height=\"600\" src=\"https:\/\/dermcenter.com.br\/wp-content\/uploads\/2024\/07\/dermcenter-correcao-lobulo.jpg\" class=\"elementor-animation-grow attachment-full size-full wp-image-646\" alt=\"\" srcset=\"https:\/\/dermcenter.com.br\/wp-content\/uploads\/2024\/07\/dermcenter-correcao-lobulo.jpg 800w, https:\/\/dermcenter.com.br\/wp-content\/uploads\/2024\/07\/dermcenter-correcao-lobulo-300x225.jpg 300w, https:\/\/dermcenter.com.br\/wp-content\/uploads\/2024\/07\/dermcenter-correcao-lobulo-768x576.jpg 768w\" sizes=\"auto, (max-width: 800px) 100vw, 800px\" \/>\t\t\t\t\t\t\t\t<\/a>\n\t\t\t\t\t\t\t\t\t\t\t\t\t\t\t<\/div>\n\t\t\t\t<\/div>\n\t\t\t\t<div class=\"elementor-element elementor-element-7c6c107 elementor-widget__width-initial elementor-widget elementor-widget-heading\" data-id=\"7c6c107\" data-element_type=\"widget\" data-widget_type=\"heading.default\">\n\t\t\t\t<div class=\"elementor-widget-container\">\n\t\t\t\t\t<h2 class=\"elementor-heading-title elementor-size-default\"><a href=\"https:\/\/dermcenter.com.br\/cirurgia-dermatologica\/correcao-de-lobulo-de-orelha\/\">Corre\u00e7\u00e3o de l\u00f3bulo de orelha<\/a><\/h2>\t\t\t\t<\/div>\n\t\t\t\t<\/div>\n\t\t\t\t\t<\/div>\n\t\t\t\t<\/div>\n\t\t<div class=\"elementor-element elementor-element-0b061bb e-flex e-con-boxed e-con e-child\" data-id=\"0b061bb\" data-element_type=\"container\">\n\t\t\t\t\t<div class=\"e-con-inner\">\n\t\t\t\t<div class=\"elementor-element elementor-element-1ad8db9 elementor-widget elementor-widget-image\" data-id=\"1ad8db9\" data-element_type=\"widget\" data-widget_type=\"image.default\">\n\t\t\t\t<div class=\"elementor-widget-container\">\n\t\t\t\t\t\t\t\t\t\t\t\t\t\t\t\t<a href=\"https:\/\/dermcenter.com.br\/cirurgia-dermatologica\/cirurgia-de-unha\/\">\n\t\t\t\t\t\t\t<img loading=\"lazy\" decoding=\"async\" width=\"800\" height=\"600\" src=\"https:\/\/dermcenter.com.br\/wp-content\/uploads\/2025\/08\/dermcenter-cirurgia-de-unha-1.jpg\" class=\"elementor-animation-grow attachment-full size-full wp-image-1910\" alt=\"\" srcset=\"https:\/\/dermcenter.com.br\/wp-content\/uploads\/2025\/08\/dermcenter-cirurgia-de-unha-1.jpg 800w, https:\/\/dermcenter.com.br\/wp-content\/uploads\/2025\/08\/dermcenter-cirurgia-de-unha-1-300x225.jpg 300w, https:\/\/dermcenter.com.br\/wp-content\/uploads\/2025\/08\/dermcenter-cirurgia-de-unha-1-768x576.jpg 768w\" sizes=\"auto, (max-width: 800px) 100vw, 800px\" \/>\t\t\t\t\t\t\t\t<\/a>\n\t\t\t\t\t\t\t\t\t\t\t\t\t\t\t<\/div>\n\t\t\t\t<\/div>\n\t\t\t\t<div class=\"elementor-element elementor-element-020c476 elementor-widget__width-initial elementor-widget elementor-widget-heading\" data-id=\"020c476\" data-element_type=\"widget\" data-widget_type=\"heading.default\">\n\t\t\t\t<div class=\"elementor-widget-container\">\n\t\t\t\t\t<h2 class=\"elementor-heading-title elementor-size-default\"><a href=\"https:\/\/dermcenter.com.br\/cirurgia-dermatologica\/cirurgia-de-unha\/\">Cirurgia de unha<\/a><\/h2>\t\t\t\t<\/div>\n\t\t\t\t<\/div>\n\t\t\t\t\t<\/div>\n\t\t\t\t<\/div>\n\t\t<div class=\"elementor-element elementor-element-25e9437 e-flex e-con-boxed e-con e-child\" data-id=\"25e9437\" data-element_type=\"container\">\n\t\t\t\t\t<div class=\"e-con-inner\">\n\t\t\t\t<div class=\"elementor-element elementor-element-84558da elementor-widget elementor-widget-image\" data-id=\"84558da\" data-element_type=\"widget\" data-widget_type=\"image.default\">\n\t\t\t\t<div class=\"elementor-widget-container\">\n\t\t\t\t\t\t\t\t\t\t\t\t\t\t\t\t<a href=\"https:\/\/dermcenter.com.br\/cirurgia-dermatologica\/lipomas\/\">\n\t\t\t\t\t\t\t<img loading=\"lazy\" decoding=\"async\" width=\"800\" height=\"600\" src=\"https:\/\/dermcenter.com.br\/wp-content\/uploads\/2024\/07\/dermcenter-lipoma.jpg\" class=\"elementor-animation-grow attachment-full size-full wp-image-647\" alt=\"\" srcset=\"https:\/\/dermcenter.com.br\/wp-content\/uploads\/2024\/07\/dermcenter-lipoma.jpg 800w, https:\/\/dermcenter.com.br\/wp-content\/uploads\/2024\/07\/dermcenter-lipoma-300x225.jpg 300w, https:\/\/dermcenter.com.br\/wp-content\/uploads\/2024\/07\/dermcenter-lipoma-768x576.jpg 768w\" sizes=\"auto, (max-width: 800px) 100vw, 800px\" \/>\t\t\t\t\t\t\t\t<\/a>\n\t\t\t\t\t\t\t\t\t\t\t\t\t\t\t<\/div>\n\t\t\t\t<\/div>\n\t\t\t\t<div class=\"elementor-element elementor-element-8177ac4 elementor-widget__width-initial elementor-widget elementor-widget-heading\" data-id=\"8177ac4\" data-element_type=\"widget\" data-widget_type=\"heading.default\">\n\t\t\t\t<div class=\"elementor-widget-container\">\n\t\t\t\t\t<h2 class=\"elementor-heading-title elementor-size-default\"><a href=\"https:\/\/dermcenter.com.br\/cirurgia-dermatologica\/lipomas\/\">Lipoma<\/a><\/h2>\t\t\t\t<\/div>\n\t\t\t\t<\/div>\n\t\t\t\t\t<\/div>\n\t\t\t\t<\/div>\n\t\t<div class=\"elementor-element elementor-element-c464e68 e-flex e-con-boxed e-con e-child\" data-id=\"c464e68\" data-element_type=\"container\">\n\t\t\t\t\t<div class=\"e-con-inner\">\n\t\t\t\t<div class=\"elementor-element elementor-element-9d96d57 elementor-widget elementor-widget-image\" data-id=\"9d96d57\" data-element_type=\"widget\" data-widget_type=\"image.default\">\n\t\t\t\t<div class=\"elementor-widget-container\">\n\t\t\t\t\t\t\t\t\t\t\t\t\t\t\t\t<a href=\"https:\/\/dermcenter.com.br\/cirurgia-dermatologica\/correcao-de-cicatrizes\/\">\n\t\t\t\t\t\t\t<img loading=\"lazy\" decoding=\"async\" width=\"800\" height=\"600\" src=\"https:\/\/dermcenter.com.br\/wp-content\/uploads\/2024\/07\/dermcenter-correcao-cicatriz.jpg\" class=\"elementor-animation-grow attachment-full size-full wp-image-645\" alt=\"\" srcset=\"https:\/\/dermcenter.com.br\/wp-content\/uploads\/2024\/07\/dermcenter-correcao-cicatriz.jpg 800w, https:\/\/dermcenter.com.br\/wp-content\/uploads\/2024\/07\/dermcenter-correcao-cicatriz-300x225.jpg 300w, https:\/\/dermcenter.com.br\/wp-content\/uploads\/2024\/07\/dermcenter-correcao-cicatriz-768x576.jpg 768w\" sizes=\"auto, (max-width: 800px) 100vw, 800px\" \/>\t\t\t\t\t\t\t\t<\/a>\n\t\t\t\t\t\t\t\t\t\t\t\t\t\t\t<\/div>\n\t\t\t\t<\/div>\n\t\t\t\t<div class=\"elementor-element elementor-element-436c9c3 elementor-widget__width-initial elementor-widget elementor-widget-heading\" data-id=\"436c9c3\" data-element_type=\"widget\" data-widget_type=\"heading.default\">\n\t\t\t\t<div class=\"elementor-widget-container\">\n\t\t\t\t\t<h2 class=\"elementor-heading-title elementor-size-default\"><a href=\"https:\/\/dermcenter.com.br\/cirurgia-dermatologica\/correcao-de-cicatrizes\/\">Corre\u00e7\u00e3o de cicatrizes<\/a><\/h2>\t\t\t\t<\/div>\n\t\t\t\t<\/div>\n\t\t\t\t\t<\/div>\n\t\t\t\t<\/div>\n\t\t<div class=\"elementor-element elementor-element-b685536 e-flex e-con-boxed e-con e-child\" data-id=\"b685536\" data-element_type=\"container\">\n\t\t\t\t\t<div class=\"e-con-inner\">\n\t\t\t\t<div class=\"elementor-element elementor-element-0a90a3e elementor-widget elementor-widget-image\" data-id=\"0a90a3e\" data-element_type=\"widget\" data-widget_type=\"image.default\">\n\t\t\t\t<div class=\"elementor-widget-container\">\n\t\t\t\t\t\t\t\t\t\t\t\t\t\t\t\t<a href=\"https:\/\/dermcenter.com.br\/cirurgia-dermatologica\/biopsia\/\">\n\t\t\t\t\t\t\t<img loading=\"lazy\" decoding=\"async\" width=\"800\" height=\"600\" src=\"https:\/\/dermcenter.com.br\/wp-content\/uploads\/2025\/08\/dermcenter-biopsia-1.jpg\" class=\"elementor-animation-grow attachment-full size-full wp-image-1908\" alt=\"\" srcset=\"https:\/\/dermcenter.com.br\/wp-content\/uploads\/2025\/08\/dermcenter-biopsia-1.jpg 800w, https:\/\/dermcenter.com.br\/wp-content\/uploads\/2025\/08\/dermcenter-biopsia-1-300x225.jpg 300w, https:\/\/dermcenter.com.br\/wp-content\/uploads\/2025\/08\/dermcenter-biopsia-1-768x576.jpg 768w\" sizes=\"auto, (max-width: 800px) 100vw, 800px\" \/>\t\t\t\t\t\t\t\t<\/a>\n\t\t\t\t\t\t\t\t\t\t\t\t\t\t\t<\/div>\n\t\t\t\t<\/div>\n\t\t\t\t<div class=\"elementor-element elementor-element-cea3a0e elementor-widget__width-initial elementor-widget elementor-widget-heading\" data-id=\"cea3a0e\" data-element_type=\"widget\" data-widget_type=\"heading.default\">\n\t\t\t\t<div class=\"elementor-widget-container\">\n\t\t\t\t\t<h2 class=\"elementor-heading-title elementor-size-default\"><a href=\"https:\/\/dermcenter.com.br\/cirurgia-dermatologica\/biopsia\/\">Bi\u00f3psia<\/a><\/h2>\t\t\t\t<\/div>\n\t\t\t\t<\/div>\n\t\t\t\t\t<\/div>\n\t\t\t\t<\/div>\n\t\t\t\t<\/div>\n\t\t\t\t<div class=\"elementor-element elementor-element-c4eaadd elementor-arrows-position-outside elementor-pagination-position-outside elementor-widget elementor-widget-image-carousel\" data-id=\"c4eaadd\" data-element_type=\"widget\" data-settings=\"{&quot;image_spacing_custom&quot;:{&quot;unit&quot;:&quot;px&quot;,&quot;size&quot;:25,&quot;sizes&quot;:[]},&quot;navigation&quot;:&quot;both&quot;,&quot;autoplay&quot;:&quot;yes&quot;,&quot;pause_on_hover&quot;:&quot;yes&quot;,&quot;pause_on_interaction&quot;:&quot;yes&quot;,&quot;autoplay_speed&quot;:5000,&quot;infinite&quot;:&quot;yes&quot;,&quot;speed&quot;:500,&quot;image_spacing_custom_laptop&quot;:{&quot;unit&quot;:&quot;px&quot;,&quot;size&quot;:&quot;&quot;,&quot;sizes&quot;:[]},&quot;image_spacing_custom_tablet&quot;:{&quot;unit&quot;:&quot;px&quot;,&quot;size&quot;:&quot;&quot;,&quot;sizes&quot;:[]},&quot;image_spacing_custom_mobile&quot;:{&quot;unit&quot;:&quot;px&quot;,&quot;size&quot;:&quot;&quot;,&quot;sizes&quot;:[]}}\" data-widget_type=\"image-carousel.default\">\n\t\t\t\t<div class=\"elementor-widget-container\">\n\t\t\t\t\t\t\t<div class=\"elementor-image-carousel-wrapper swiper\" role=\"region\" aria-roledescription=\"carousel\" aria-label=\"Carrossel de imagens\" dir=\"ltr\">\n\t\t\t<div class=\"elementor-image-carousel swiper-wrapper\" aria-live=\"off\">\n\t\t\t\t\t\t\t\t<div class=\"swiper-slide\" role=\"group\" aria-roledescription=\"slide\" aria-label=\"1 de 4\"><figure class=\"swiper-slide-inner\"><img decoding=\"async\" class=\"swiper-slide-image\" src=\"https:\/\/dermcenter.com.br\/wp-content\/uploads\/2025\/04\/dermcenter-cirurgia-dermatologica-3.jpg\" alt=\"dermcenter-cirurgia-dermatologica-3\" \/><\/figure><\/div><div class=\"swiper-slide\" role=\"group\" aria-roledescription=\"slide\" aria-label=\"2 de 4\"><figure class=\"swiper-slide-inner\"><img decoding=\"async\" class=\"swiper-slide-image\" src=\"https:\/\/dermcenter.com.br\/wp-content\/uploads\/2025\/04\/dermcenter-cirurgia-dermatologica-4.jpg\" alt=\"dermcenter-cirurgia-dermatologica-4\" \/><\/figure><\/div><div class=\"swiper-slide\" role=\"group\" aria-roledescription=\"slide\" aria-label=\"3 de 4\"><figure class=\"swiper-slide-inner\"><img decoding=\"async\" class=\"swiper-slide-image\" src=\"https:\/\/dermcenter.com.br\/wp-content\/uploads\/2025\/04\/dermcenter-cirurgia-dermatologica-1.jpg\" alt=\"dermcenter-cirurgia-dermatologica-1\" \/><\/figure><\/div><div class=\"swiper-slide\" role=\"group\" aria-roledescription=\"slide\" aria-label=\"4 de 4\"><figure class=\"swiper-slide-inner\"><img decoding=\"async\" class=\"swiper-slide-image\" src=\"https:\/\/dermcenter.com.br\/wp-content\/uploads\/2025\/04\/dermcenter-cirurgia-dermatologica-2.jpg\" alt=\"dermcenter-cirurgia-dermatologica-2\" \/><\/figure><\/div>\t\t\t<\/div>\n\t\t\t\t\t\t\t\t\t\t\t\t<div class=\"elementor-swiper-button elementor-swiper-button-prev\" role=\"button\" tabindex=\"0\">\n\t\t\t\t\t\t<svg aria-hidden=\"true\" class=\"e-font-icon-svg e-eicon-chevron-left\" viewBox=\"0 0 1000 1000\" xmlns=\"http:\/\/www.w3.org\/2000\/svg\"><path d=\"M646 125C629 125 613 133 604 142L308 442C296 454 292 471 292 487 292 504 296 521 308 533L604 854C617 867 629 875 646 875 663 875 679 871 692 858 704 846 713 829 713 812 713 796 708 779 692 767L438 487 692 225C700 217 708 204 708 187 708 171 704 154 692 142 675 129 663 125 646 125Z\"><\/path><\/svg>\t\t\t\t\t<\/div>\n\t\t\t\t\t<div class=\"elementor-swiper-button elementor-swiper-button-next\" role=\"button\" tabindex=\"0\">\n\t\t\t\t\t\t<svg aria-hidden=\"true\" class=\"e-font-icon-svg e-eicon-chevron-right\" viewBox=\"0 0 1000 1000\" xmlns=\"http:\/\/www.w3.org\/2000\/svg\"><path d=\"M696 533C708 521 713 504 713 487 713 471 708 454 696 446L400 146C388 133 375 125 354 125 338 125 325 129 313 142 300 154 292 171 292 187 292 204 296 221 308 233L563 492 304 771C292 783 288 800 288 817 288 833 296 850 308 863 321 871 338 875 354 875 371 875 388 867 400 854L696 533Z\"><\/path><\/svg>\t\t\t\t\t<\/div>\n\t\t\t\t\n\t\t\t\t\t\t\t\t\t<div class=\"swiper-pagination\"><\/div>\n\t\t\t\t\t\t\t\t\t<\/div>\n\t\t\t\t\t\t<\/div>\n\t\t\t\t<\/div>\n\t\t\t\t<\/div>\n\t\t\t\t<\/div>\n\t\t","protected":false},"excerpt":{"rendered":"<p>Cirurgia dermatol\u00f3gica Na Derm Center, somos refer\u00eancia em procedimentos cir\u00fargicos dermatol\u00f3gicos, oferecendo um padr\u00e3o de excel\u00eancia que nos destaca. Nossa equipe, composta por profissionais altamente qualificados e com vasta experi\u00eancia, dedica-se a proporcionar cuidados personalizados e atualizados, garantindo o bem-estar e a sa\u00fade de cada paciente. Nossa sala cir\u00fargica, equipada com tecnologia de ponta e [&hellip;]<\/p>\n","protected":false},"author":1,"featured_media":0,"parent":0,"menu_order":0,"comment_status":"closed","ping_status":"closed","template":"elementor_canvas","meta":{"footnotes":""},"class_list":["post-636","page","type-page","status-publish","hentry"],"_links":{"self":[{"href":"https:\/\/dermcenter.com.br\/index.php?rest_route=\/wp\/v2\/pages\/636","targetHints":{"allow":["GET"]}}],"collection":[{"href":"https:\/\/dermcenter.com.br\/index.php?rest_route=\/wp\/v2\/pages"}],"about":[{"href":"https:\/\/dermcenter.com.br\/index.php?rest_route=\/wp\/v2\/types\/page"}],"author":[{"embeddable":true,"href":"https:\/\/dermcenter.com.br\/index.php?rest_route=\/wp\/v2\/users\/1"}],"replies":[{"embeddable":true,"href":"https:\/\/dermcenter.com.br\/index.php?rest_route=%2Fwp%2Fv2%2Fcomments&post=636"}],"version-history":[{"count":43,"href":"https:\/\/dermcenter.com.br\/index.php?rest_route=\/wp\/v2\/pages\/636\/revisions"}],"predecessor-version":[{"id":1915,"href":"https:\/\/dermcenter.com.br\/index.php?rest_route=\/wp\/v2\/pages\/636\/revisions\/1915"}],"wp:attachment":[{"href":"https:\/\/dermcenter.com.br\/index.php?rest_route=%2Fwp%2Fv2%2Fmedia&parent=636"}],"curies":[{"name":"wp","href":"https:\/\/api.w.org\/{rel}","templated":true}]}}