{"id":603,"date":"2024-07-02T03:21:08","date_gmt":"2024-07-02T03:21:08","guid":{"rendered":"https:\/\/dermcenter.com.br\/?page_id=603"},"modified":"2025-08-28T21:28:08","modified_gmt":"2025-08-28T21:28:08","slug":"a-clinica","status":"publish","type":"page","link":"https:\/\/dermcenter.com.br\/?page_id=603","title":{"rendered":"A Cl\u00ednica"},"content":{"rendered":"\t\t<div data-elementor-type=\"wp-page\" data-elementor-id=\"603\" class=\"elementor elementor-603\" data-elementor-post-type=\"page\">\n\t\t\t\t<div class=\"elementor-element elementor-element-7b53983 e-con-full e-flex e-con e-parent\" data-id=\"7b53983\" data-element_type=\"container\" id=\"topo\" data-settings=\"{&quot;background_background&quot;:&quot;classic&quot;}\">\n\t\t\t\t<div class=\"elementor-element elementor-element-1d031af elementor-widget__width-initial elementor-widget elementor-widget-heading\" data-id=\"1d031af\" data-element_type=\"widget\" data-widget_type=\"heading.default\">\n\t\t\t\t<div class=\"elementor-widget-container\">\n\t\t\t\t\t<h2 class=\"elementor-heading-title elementor-size-default\">A Cl\u00ednica<\/h2>\t\t\t\t<\/div>\n\t\t\t\t<\/div>\n\t\t\t\t<\/div>\n\t\t<div class=\"elementor-element elementor-element-9c2ffb9 e-con-full e-flex e-con e-parent\" data-id=\"9c2ffb9\" data-element_type=\"container\" data-settings=\"{&quot;background_background&quot;:&quot;classic&quot;}\">\n\t\t<div class=\"elementor-element elementor-element-a8876cd e-grid e-con-full elementor-invisible e-con e-child\" data-id=\"a8876cd\" data-element_type=\"container\" data-settings=\"{&quot;background_background&quot;:&quot;classic&quot;,&quot;animation&quot;:&quot;fadeInDown&quot;}\">\n\t\t\t\t<div class=\"elementor-element elementor-element-ec9f42c elementor-widget elementor-widget-text-editor\" data-id=\"ec9f42c\" data-element_type=\"widget\" data-widget_type=\"text-editor.default\">\n\t\t\t\t<div class=\"elementor-widget-container\">\n\t\t\t\t\t\t\t\t\tA *Derm Center* se estabelece como um pilar de excel\u00eancia em DERMATOLOGIA, CIRURGIA DERMATOL\u00d3GICA, EST\u00c9TICA E LASERS, com uma trajet\u00f3ria de 25 anos em Santos, marcada por um servi\u00e7o m\u00e9dico de alta qualidade. \nNossa cl\u00ednica \u00e9 um reflexo do alto padr\u00e3o que nossos pacientes merecem e esperam.\n\t\t\t\t\t\t\t\t<\/div>\n\t\t\t\t<\/div>\n\t\t\t\t<\/div>\n\t\t<div class=\"elementor-element elementor-element-d4a98ab e-con-full animated-slow e-flex elementor-invisible e-con e-child\" data-id=\"d4a98ab\" data-element_type=\"container\" data-settings=\"{&quot;animation&quot;:&quot;fadeIn&quot;,&quot;animation_delay&quot;:400}\">\n\t\t<div class=\"elementor-element elementor-element-829d2b5 e-grid e-con-boxed e-con e-child\" data-id=\"829d2b5\" data-element_type=\"container\">\n\t\t\t\t\t<div class=\"e-con-inner\">\n\t\t\t\t<div class=\"elementor-element elementor-element-d056e83 elementor-widget elementor-widget-text-editor\" data-id=\"d056e83\" data-element_type=\"widget\" data-widget_type=\"text-editor.default\">\n\t\t\t\t<div class=\"elementor-widget-container\">\n\t\t\t\t\t\t\t\t\t<p>Sob a lideran\u00e7a de grandes especialistas, cada tratamento \u00e9 sin\u00f4nimo de qualidade e aten\u00e7\u00e3o ao paciente.<br \/>Nosso compromisso \u00e9 com a sa\u00fade e o bem-estar integral, oferecendo uma experi\u00eancia onde a tecnologia de ponta e o atendimento humanizado se encontram para proporcionar uma experi\u00eancia memor\u00e1vel.<br \/><br \/>Com um leque abrangente de tratamentos, estamos preparados para atender a uma vasta gama de necessidades, sempre com qualidade e seguran\u00e7a.<\/p><p>A <strong>Derm Center<\/strong> \u00e9 o local onde a tradi\u00e7\u00e3o se une \u00e0 vanguarda, oferecendo ci\u00eancia, qualidade e seguran\u00e7a na Dermatologia.<\/p>\t\t\t\t\t\t\t\t<\/div>\n\t\t\t\t<\/div>\n\t\t\t\t\t<\/div>\n\t\t\t\t<\/div>\n\t\t\t\t<\/div>\n\t\t<div class=\"elementor-element elementor-element-f71b6d0 e-con-full animated-slow e-flex elementor-invisible e-con e-child\" data-id=\"f71b6d0\" data-element_type=\"container\" data-settings=\"{&quot;animation&quot;:&quot;fadeIn&quot;,&quot;animation_delay&quot;:400}\">\n\t\t<div class=\"elementor-element elementor-element-7f05bca e-grid e-con-boxed e-con e-child\" data-id=\"7f05bca\" data-element_type=\"container\">\n\t\t\t\t\t<div class=\"e-con-inner\">\n\t\t<div class=\"elementor-element elementor-element-6ce560f e-flex e-con-boxed e-con e-child\" data-id=\"6ce560f\" data-element_type=\"container\">\n\t\t\t\t\t<div class=\"e-con-inner\">\n\t\t\t\t<div class=\"elementor-element elementor-element-0bfd4be elementor-widget__width-initial elementor-invisible elementor-widget elementor-widget-heading\" data-id=\"0bfd4be\" data-element_type=\"widget\" data-settings=\"{&quot;_animation&quot;:&quot;fadeInLeft&quot;}\" data-widget_type=\"heading.default\">\n\t\t\t\t<div class=\"elementor-widget-container\">\n\t\t\t\t\t<h2 class=\"elementor-heading-title elementor-size-default\">Recep\u00e7\u00e3o acolhedora<\/h2>\t\t\t\t<\/div>\n\t\t\t\t<\/div>\n\t\t\t\t<div class=\"elementor-element elementor-element-9fa55b7 elementor-widget elementor-widget-text-editor\" data-id=\"9fa55b7\" data-element_type=\"widget\" data-widget_type=\"text-editor.default\">\n\t\t\t\t<div class=\"elementor-widget-container\">\n\t\t\t\t\t\t\t\t\tNa nossa cl\u00ednica, nos dedicamos ao bem-estar dos pacientes desde o instante em que atravessam nossas portas. A recep\u00e7\u00e3o n\u00e3o \u00e9 apenas um balc\u00e3o de atendimento; \u00e9 um ambiente para acolher, informar e tranquilizar.\n\t\t\t\t\t\t\t\t<\/div>\n\t\t\t\t<\/div>\n\t\t\t\t\t<\/div>\n\t\t\t\t<\/div>\n\t\t<div class=\"elementor-element elementor-element-940a55e e-flex e-con-boxed e-con e-child\" data-id=\"940a55e\" data-element_type=\"container\">\n\t\t\t\t\t<div class=\"e-con-inner\">\n\t\t\t\t<div class=\"elementor-element elementor-element-68e5755 elementor-invisible elementor-widget elementor-widget-image\" data-id=\"68e5755\" data-element_type=\"widget\" data-settings=\"{&quot;_animation&quot;:&quot;fadeInRight&quot;}\" data-widget_type=\"image.default\">\n\t\t\t\t<div class=\"elementor-widget-container\">\n\t\t\t\t\t\t\t\t\t\t\t\t\t\t\t<img loading=\"lazy\" decoding=\"async\" width=\"698\" height=\"1024\" src=\"https:\/\/dermcenter.com.br\/wp-content\/uploads\/2025\/04\/dermcenter-clinica-3-698x1024.jpg\" class=\"attachment-large size-large wp-image-963\" alt=\"\" srcset=\"https:\/\/dermcenter.com.br\/wp-content\/uploads\/2025\/04\/dermcenter-clinica-3-698x1024.jpg 698w, https:\/\/dermcenter.com.br\/wp-content\/uploads\/2025\/04\/dermcenter-clinica-3-204x300.jpg 204w, https:\/\/dermcenter.com.br\/wp-content\/uploads\/2025\/04\/dermcenter-clinica-3.jpg 718w\" sizes=\"auto, (max-width: 698px) 100vw, 698px\" \/>\t\t\t\t\t\t\t\t\t\t\t\t\t\t\t<\/div>\n\t\t\t\t<\/div>\n\t\t\t\t\t<\/div>\n\t\t\t\t<\/div>\n\t\t\t\t\t<\/div>\n\t\t\t\t<\/div>\n\t\t<div class=\"elementor-element elementor-element-00fd209 e-grid e-con-boxed e-con e-child\" data-id=\"00fd209\" data-element_type=\"container\">\n\t\t\t\t\t<div class=\"e-con-inner\">\n\t\t<div class=\"elementor-element elementor-element-1f2b170 e-flex e-con-boxed e-con e-child\" data-id=\"1f2b170\" data-element_type=\"container\">\n\t\t\t\t\t<div class=\"e-con-inner\">\n\t\t\t\t<div class=\"elementor-element elementor-element-8fdf8d8 elementor-invisible elementor-widget elementor-widget-image\" data-id=\"8fdf8d8\" data-element_type=\"widget\" data-settings=\"{&quot;_animation&quot;:&quot;fadeInRight&quot;}\" data-widget_type=\"image.default\">\n\t\t\t\t<div class=\"elementor-widget-container\">\n\t\t\t\t\t\t\t\t\t\t\t\t\t\t\t<img loading=\"lazy\" decoding=\"async\" width=\"698\" height=\"1024\" src=\"https:\/\/dermcenter.com.br\/wp-content\/uploads\/2025\/04\/dermcenter-clinica-8-698x1024.jpg\" class=\"attachment-large size-large wp-image-968\" alt=\"\" srcset=\"https:\/\/dermcenter.com.br\/wp-content\/uploads\/2025\/04\/dermcenter-clinica-8-698x1024.jpg 698w, https:\/\/dermcenter.com.br\/wp-content\/uploads\/2025\/04\/dermcenter-clinica-8-204x300.jpg 204w, https:\/\/dermcenter.com.br\/wp-content\/uploads\/2025\/04\/dermcenter-clinica-8.jpg 718w\" sizes=\"auto, (max-width: 698px) 100vw, 698px\" \/>\t\t\t\t\t\t\t\t\t\t\t\t\t\t\t<\/div>\n\t\t\t\t<\/div>\n\t\t\t\t\t<\/div>\n\t\t\t\t<\/div>\n\t\t<div class=\"elementor-element elementor-element-7ded454 e-flex e-con-boxed e-con e-child\" data-id=\"7ded454\" data-element_type=\"container\">\n\t\t\t\t\t<div class=\"e-con-inner\">\n\t\t\t\t<div class=\"elementor-element elementor-element-ca96756 elementor-widget__width-initial elementor-invisible elementor-widget elementor-widget-heading\" data-id=\"ca96756\" data-element_type=\"widget\" data-settings=\"{&quot;_animation&quot;:&quot;fadeInLeft&quot;}\" data-widget_type=\"heading.default\">\n\t\t\t\t<div class=\"elementor-widget-container\">\n\t\t\t\t\t<h2 class=\"elementor-heading-title elementor-size-default\">Aten\u00e7\u00e3o e cuidado\n<\/h2>\t\t\t\t<\/div>\n\t\t\t\t<\/div>\n\t\t\t\t<div class=\"elementor-element elementor-element-526ac3c elementor-widget elementor-widget-text-editor\" data-id=\"526ac3c\" data-element_type=\"widget\" data-widget_type=\"text-editor.default\">\n\t\t\t\t<div class=\"elementor-widget-container\">\n\t\t\t\t\t\t\t\t\tNa Derm Center, o cuidado e a aten\u00e7\u00e3o ao paciente s\u00e3o pilares fundamentais. Nossa equipe est\u00e1 comprometida em oferecer tratamentos personalizados, escutar suas necessidades e garantir que cada pessoa se sinta valorizada e bem cuidada. Conte conosco para uma experi\u00eancia \u00fanica e dedicada \u00e0 sua beleza e bem-estar!\u201d \t\t\t\t\t\t\t\t<\/div>\n\t\t\t\t<\/div>\n\t\t\t\t\t<\/div>\n\t\t\t\t<\/div>\n\t\t\t\t\t<\/div>\n\t\t\t\t<\/div>\n\t\t<div class=\"elementor-element elementor-element-813e0d4 e-grid e-con-boxed e-con e-child\" data-id=\"813e0d4\" data-element_type=\"container\">\n\t\t\t\t\t<div class=\"e-con-inner\">\n\t\t<div class=\"elementor-element elementor-element-490bc8f e-flex e-con-boxed e-con e-child\" data-id=\"490bc8f\" data-element_type=\"container\">\n\t\t\t\t\t<div class=\"e-con-inner\">\n\t\t\t\t<div class=\"elementor-element elementor-element-61854f5 elementor-widget__width-initial elementor-invisible elementor-widget elementor-widget-heading\" data-id=\"61854f5\" data-element_type=\"widget\" data-settings=\"{&quot;_animation&quot;:&quot;fadeInLeft&quot;}\" data-widget_type=\"heading.default\">\n\t\t\t\t<div class=\"elementor-widget-container\">\n\t\t\t\t\t<h2 class=\"elementor-heading-title elementor-size-default\">Manobrista<\/h2>\t\t\t\t<\/div>\n\t\t\t\t<\/div>\n\t\t\t\t<div class=\"elementor-element elementor-element-1f15826 elementor-widget elementor-widget-text-editor\" data-id=\"1f15826\" data-element_type=\"widget\" data-widget_type=\"text-editor.default\">\n\t\t\t\t<div class=\"elementor-widget-container\">\n\t\t\t\t\t\t\t\t\tNa nossa cl\u00ednica, oferecemos um servi\u00e7o de manobrista especialmente pensado para voc\u00ea. Nosso manobrista estar\u00e1 te esperando para sua maior comodidade. \n\t\t\t\t\t\t\t\t<\/div>\n\t\t\t\t<\/div>\n\t\t\t\t\t<\/div>\n\t\t\t\t<\/div>\n\t\t<div class=\"elementor-element elementor-element-a448e1b e-flex e-con-boxed e-con e-child\" data-id=\"a448e1b\" data-element_type=\"container\">\n\t\t\t\t\t<div class=\"e-con-inner\">\n\t\t\t\t<div class=\"elementor-element elementor-element-0217b77 elementor-invisible elementor-widget elementor-widget-image\" data-id=\"0217b77\" data-element_type=\"widget\" data-settings=\"{&quot;_animation&quot;:&quot;fadeInRight&quot;}\" data-widget_type=\"image.default\">\n\t\t\t\t<div class=\"elementor-widget-container\">\n\t\t\t\t\t\t\t\t\t\t\t\t\t\t\t<img loading=\"lazy\" decoding=\"async\" width=\"698\" height=\"1024\" src=\"https:\/\/dermcenter.com.br\/wp-content\/uploads\/2025\/08\/dermcenter-clinica-1111-698x1024.jpg\" class=\"attachment-large size-large wp-image-2167\" alt=\"\" srcset=\"https:\/\/dermcenter.com.br\/wp-content\/uploads\/2025\/08\/dermcenter-clinica-1111-698x1024.jpg 698w, https:\/\/dermcenter.com.br\/wp-content\/uploads\/2025\/08\/dermcenter-clinica-1111-204x300.jpg 204w, https:\/\/dermcenter.com.br\/wp-content\/uploads\/2025\/08\/dermcenter-clinica-1111.jpg 718w\" sizes=\"auto, (max-width: 698px) 100vw, 698px\" \/>\t\t\t\t\t\t\t\t\t\t\t\t\t\t\t<\/div>\n\t\t\t\t<\/div>\n\t\t\t\t\t<\/div>\n\t\t\t\t<\/div>\n\t\t\t\t\t<\/div>\n\t\t\t\t<\/div>\n\t\t\t\t<\/div>\n\t\t\t\t<\/div>\n\t\t<div class=\"elementor-element elementor-element-d2c05f0 e-flex e-con-boxed e-con e-parent\" data-id=\"d2c05f0\" data-element_type=\"container\" data-settings=\"{&quot;background_background&quot;:&quot;classic&quot;}\">\n\t\t\t\t\t<div class=\"e-con-inner\">\n\t\t\t\t<div class=\"elementor-element elementor-element-c505f35 elementor-arrows-position-outside elementor-pagination-position-outside elementor-widget elementor-widget-image-carousel\" data-id=\"c505f35\" data-element_type=\"widget\" data-settings=\"{&quot;image_spacing_custom&quot;:{&quot;unit&quot;:&quot;px&quot;,&quot;size&quot;:25,&quot;sizes&quot;:[]},&quot;navigation&quot;:&quot;both&quot;,&quot;autoplay&quot;:&quot;yes&quot;,&quot;pause_on_hover&quot;:&quot;yes&quot;,&quot;pause_on_interaction&quot;:&quot;yes&quot;,&quot;autoplay_speed&quot;:5000,&quot;infinite&quot;:&quot;yes&quot;,&quot;speed&quot;:500,&quot;image_spacing_custom_laptop&quot;:{&quot;unit&quot;:&quot;px&quot;,&quot;size&quot;:&quot;&quot;,&quot;sizes&quot;:[]},&quot;image_spacing_custom_tablet&quot;:{&quot;unit&quot;:&quot;px&quot;,&quot;size&quot;:&quot;&quot;,&quot;sizes&quot;:[]},&quot;image_spacing_custom_mobile&quot;:{&quot;unit&quot;:&quot;px&quot;,&quot;size&quot;:&quot;&quot;,&quot;sizes&quot;:[]}}\" data-widget_type=\"image-carousel.default\">\n\t\t\t\t<div class=\"elementor-widget-container\">\n\t\t\t\t\t\t\t<div class=\"elementor-image-carousel-wrapper swiper\" role=\"region\" aria-roledescription=\"carousel\" aria-label=\"Carrossel de imagens\" dir=\"ltr\">\n\t\t\t<div class=\"elementor-image-carousel swiper-wrapper\" aria-live=\"off\">\n\t\t\t\t\t\t\t\t<div class=\"swiper-slide\" role=\"group\" aria-roledescription=\"slide\" aria-label=\"1 de 8\"><figure class=\"swiper-slide-inner\"><img decoding=\"async\" class=\"swiper-slide-image\" src=\"https:\/\/dermcenter.com.br\/wp-content\/uploads\/2025\/04\/dermcenter-clinica-3.jpg\" alt=\"dermcenter-clinica-3\" \/><\/figure><\/div><div class=\"swiper-slide\" role=\"group\" aria-roledescription=\"slide\" aria-label=\"2 de 8\"><figure class=\"swiper-slide-inner\"><img decoding=\"async\" class=\"swiper-slide-image\" src=\"https:\/\/dermcenter.com.br\/wp-content\/uploads\/2025\/04\/dermcenter-clinica-2.jpg\" alt=\"dermcenter-clinica-2\" \/><\/figure><\/div><div class=\"swiper-slide\" role=\"group\" aria-roledescription=\"slide\" aria-label=\"3 de 8\"><figure class=\"swiper-slide-inner\"><img decoding=\"async\" class=\"swiper-slide-image\" src=\"https:\/\/dermcenter.com.br\/wp-content\/uploads\/2025\/04\/dermcenter-clinica-4.jpg\" alt=\"dermcenter-clinica-4\" \/><\/figure><\/div><div class=\"swiper-slide\" role=\"group\" aria-roledescription=\"slide\" aria-label=\"4 de 8\"><figure class=\"swiper-slide-inner\"><img decoding=\"async\" class=\"swiper-slide-image\" src=\"https:\/\/dermcenter.com.br\/wp-content\/uploads\/2025\/04\/dermcenter-clinica-5.jpg\" alt=\"dermcenter-clinica-5\" \/><\/figure><\/div><div class=\"swiper-slide\" role=\"group\" aria-roledescription=\"slide\" aria-label=\"5 de 8\"><figure class=\"swiper-slide-inner\"><img decoding=\"async\" class=\"swiper-slide-image\" src=\"https:\/\/dermcenter.com.br\/wp-content\/uploads\/2025\/04\/dermcenter-clinica-6.jpg\" alt=\"dermcenter-clinica-6\" \/><\/figure><\/div><div class=\"swiper-slide\" role=\"group\" aria-roledescription=\"slide\" aria-label=\"6 de 8\"><figure class=\"swiper-slide-inner\"><img decoding=\"async\" class=\"swiper-slide-image\" src=\"https:\/\/dermcenter.com.br\/wp-content\/uploads\/2025\/04\/dermcenter-clinica-7.jpg\" alt=\"dermcenter-clinica-7\" \/><\/figure><\/div><div class=\"swiper-slide\" role=\"group\" aria-roledescription=\"slide\" aria-label=\"7 de 8\"><figure class=\"swiper-slide-inner\"><img decoding=\"async\" class=\"swiper-slide-image\" src=\"https:\/\/dermcenter.com.br\/wp-content\/uploads\/2025\/04\/dermcenter-clinica-8.jpg\" alt=\"dermcenter-clinica-8\" \/><\/figure><\/div><div class=\"swiper-slide\" role=\"group\" aria-roledescription=\"slide\" aria-label=\"8 de 8\"><figure class=\"swiper-slide-inner\"><img decoding=\"async\" class=\"swiper-slide-image\" src=\"https:\/\/dermcenter.com.br\/wp-content\/uploads\/2025\/08\/dermcenter-clinica-1111.jpg\" alt=\"dermcenter-clinica-1111\" \/><\/figure><\/div>\t\t\t<\/div>\n\t\t\t\t\t\t\t\t\t\t\t\t<div class=\"elementor-swiper-button elementor-swiper-button-prev\" role=\"button\" tabindex=\"0\">\n\t\t\t\t\t\t<svg aria-hidden=\"true\" class=\"e-font-icon-svg e-eicon-chevron-left\" viewBox=\"0 0 1000 1000\" xmlns=\"http:\/\/www.w3.org\/2000\/svg\"><path d=\"M646 125C629 125 613 133 604 142L308 442C296 454 292 471 292 487 292 504 296 521 308 533L604 854C617 867 629 875 646 875 663 875 679 871 692 858 704 846 713 829 713 812 713 796 708 779 692 767L438 487 692 225C700 217 708 204 708 187 708 171 704 154 692 142 675 129 663 125 646 125Z\"><\/path><\/svg>\t\t\t\t\t<\/div>\n\t\t\t\t\t<div class=\"elementor-swiper-button elementor-swiper-button-next\" role=\"button\" tabindex=\"0\">\n\t\t\t\t\t\t<svg aria-hidden=\"true\" class=\"e-font-icon-svg e-eicon-chevron-right\" viewBox=\"0 0 1000 1000\" xmlns=\"http:\/\/www.w3.org\/2000\/svg\"><path d=\"M696 533C708 521 713 504 713 487 713 471 708 454 696 446L400 146C388 133 375 125 354 125 338 125 325 129 313 142 300 154 292 171 292 187 292 204 296 221 308 233L563 492 304 771C292 783 288 800 288 817 288 833 296 850 308 863 321 871 338 875 354 875 371 875 388 867 400 854L696 533Z\"><\/path><\/svg>\t\t\t\t\t<\/div>\n\t\t\t\t\n\t\t\t\t\t\t\t\t\t<div class=\"swiper-pagination\"><\/div>\n\t\t\t\t\t\t\t\t\t<\/div>\n\t\t\t\t\t\t<\/div>\n\t\t\t\t<\/div>\n\t\t\t\t<div class=\"elementor-element elementor-element-39f5f9c elementor-invisible elementor-widget elementor-widget-image\" data-id=\"39f5f9c\" data-element_type=\"widget\" data-settings=\"{&quot;_animation&quot;:&quot;fadeInRight&quot;}\" data-widget_type=\"image.default\">\n\t\t\t\t<div class=\"elementor-widget-container\">\n\t\t\t\t\t\t\t\t\t\t\t\t\t\t\t<img loading=\"lazy\" decoding=\"async\" width=\"1921\" height=\"702\" src=\"https:\/\/dermcenter.com.br\/wp-content\/uploads\/2024\/07\/dermcenter-equipe-2.jpg\" class=\"attachment-full size-full wp-image-628\" alt=\"\" srcset=\"https:\/\/dermcenter.com.br\/wp-content\/uploads\/2024\/07\/dermcenter-equipe-2.jpg 1921w, https:\/\/dermcenter.com.br\/wp-content\/uploads\/2024\/07\/dermcenter-equipe-2-300x110.jpg 300w, https:\/\/dermcenter.com.br\/wp-content\/uploads\/2024\/07\/dermcenter-equipe-2-1024x374.jpg 1024w, https:\/\/dermcenter.com.br\/wp-content\/uploads\/2024\/07\/dermcenter-equipe-2-768x281.jpg 768w, https:\/\/dermcenter.com.br\/wp-content\/uploads\/2024\/07\/dermcenter-equipe-2-1536x561.jpg 1536w\" sizes=\"auto, (max-width: 1921px) 100vw, 1921px\" \/>\t\t\t\t\t\t\t\t\t\t\t\t\t\t\t<\/div>\n\t\t\t\t<\/div>\n\t\t\t\t\t<\/div>\n\t\t\t\t<\/div>\n\t\t\t\t<\/div>\n\t\t","protected":false},"excerpt":{"rendered":"<p>A Cl\u00ednica A *Derm Center* se estabelece como um pilar de excel\u00eancia em DERMATOLOGIA, CIRURGIA DERMATOL\u00d3GICA, EST\u00c9TICA E LASERS, com uma trajet\u00f3ria de 25 anos em Santos, marcada por um servi\u00e7o m\u00e9dico de alta qualidade. Nossa cl\u00ednica \u00e9 um reflexo do alto padr\u00e3o que nossos pacientes merecem e esperam. Sob a lideran\u00e7a de grandes especialistas, [&hellip;]<\/p>\n","protected":false},"author":1,"featured_media":0,"parent":0,"menu_order":0,"comment_status":"closed","ping_status":"closed","template":"elementor_canvas","meta":{"footnotes":""},"class_list":["post-603","page","type-page","status-publish","hentry"],"_links":{"self":[{"href":"https:\/\/dermcenter.com.br\/index.php?rest_route=\/wp\/v2\/pages\/603","targetHints":{"allow":["GET"]}}],"collection":[{"href":"https:\/\/dermcenter.com.br\/index.php?rest_route=\/wp\/v2\/pages"}],"about":[{"href":"https:\/\/dermcenter.com.br\/index.php?rest_route=\/wp\/v2\/types\/page"}],"author":[{"embeddable":true,"href":"https:\/\/dermcenter.com.br\/index.php?rest_route=\/wp\/v2\/users\/1"}],"replies":[{"embeddable":true,"href":"https:\/\/dermcenter.com.br\/index.php?rest_route=%2Fwp%2Fv2%2Fcomments&post=603"}],"version-history":[{"count":43,"href":"https:\/\/dermcenter.com.br\/index.php?rest_route=\/wp\/v2\/pages\/603\/revisions"}],"predecessor-version":[{"id":2170,"href":"https:\/\/dermcenter.com.br\/index.php?rest_route=\/wp\/v2\/pages\/603\/revisions\/2170"}],"wp:attachment":[{"href":"https:\/\/dermcenter.com.br\/index.php?rest_route=%2Fwp%2Fv2%2Fmedia&parent=603"}],"curies":[{"name":"wp","href":"https:\/\/api.w.org\/{rel}","templated":true}]}}