{"id":587,"date":"2024-07-02T02:02:08","date_gmt":"2024-07-02T02:02:08","guid":{"rendered":"https:\/\/dermcenter.com.br\/?page_id=587"},"modified":"2025-08-28T21:22:58","modified_gmt":"2025-08-28T21:22:58","slug":"dra-sandra-jean","status":"publish","type":"page","link":"https:\/\/dermcenter.com.br\/?page_id=587","title":{"rendered":"Dra Sandra Jean"},"content":{"rendered":"\t\t<div data-elementor-type=\"wp-page\" data-elementor-id=\"587\" class=\"elementor elementor-587\" data-elementor-post-type=\"page\">\n\t\t\t\t<div class=\"elementor-element elementor-element-c5f1847 e-con-full e-flex e-con e-parent\" data-id=\"c5f1847\" data-element_type=\"container\" data-settings=\"{&quot;background_background&quot;:&quot;classic&quot;}\">\n\t\t\t\t<div class=\"elementor-element elementor-element-03679e8 elementor-widget__width-initial elementor-widget elementor-widget-heading\" data-id=\"03679e8\" data-element_type=\"widget\" data-widget_type=\"heading.default\">\n\t\t\t\t<div class=\"elementor-widget-container\">\n\t\t\t\t\t<h2 class=\"elementor-heading-title elementor-size-default\">Profissional<\/h2>\t\t\t\t<\/div>\n\t\t\t\t<\/div>\n\t\t\t\t<\/div>\n\t\t<div class=\"elementor-element elementor-element-f98ad2c e-grid e-con-boxed e-con e-parent\" data-id=\"f98ad2c\" data-element_type=\"container\" data-settings=\"{&quot;background_background&quot;:&quot;classic&quot;,&quot;animation&quot;:&quot;none&quot;}\">\n\t\t\t\t\t<div class=\"e-con-inner\">\n\t\t<div class=\"elementor-element elementor-element-9bfea5b e-flex e-con-boxed e-con e-child\" data-id=\"9bfea5b\" data-element_type=\"container\" data-settings=\"{&quot;animation&quot;:&quot;none&quot;}\">\n\t\t\t\t\t<div class=\"e-con-inner\">\n\t\t\t\t<div class=\"elementor-element elementor-element-b5af287 elementor-widget__width-initial elementor-invisible elementor-widget elementor-widget-heading\" data-id=\"b5af287\" data-element_type=\"widget\" data-settings=\"{&quot;_animation&quot;:&quot;fadeInLeft&quot;}\" data-widget_type=\"heading.default\">\n\t\t\t\t<div class=\"elementor-widget-container\">\n\t\t\t\t\t<h2 class=\"elementor-heading-title elementor-size-default\">Dra Sandra Jean Moussallem Dargham\n<\/h2>\t\t\t\t<\/div>\n\t\t\t\t<\/div>\n\t\t\t\t<div class=\"elementor-element elementor-element-04d218b elementor-widget__width-initial elementor-invisible elementor-widget elementor-widget-heading\" data-id=\"04d218b\" data-element_type=\"widget\" data-settings=\"{&quot;_animation&quot;:&quot;fadeInLeft&quot;,&quot;_animation_delay&quot;:500}\" data-widget_type=\"heading.default\">\n\t\t\t\t<div class=\"elementor-widget-container\">\n\t\t\t\t\t<h2 class=\"elementor-heading-title elementor-size-default\">CRM 74806 | RQE 42726\n<\/h2>\t\t\t\t<\/div>\n\t\t\t\t<\/div>\n\t\t\t\t<div class=\"elementor-element elementor-element-cbaa8b9 elementor-widget elementor-widget-text-editor\" data-id=\"cbaa8b9\" data-element_type=\"widget\" data-widget_type=\"text-editor.default\">\n\t\t\t\t<div class=\"elementor-widget-container\">\n\t\t\t\t\t\t\t\t\t<p>\u00c9 m\u00e9dica, Dermatologista,<br \/>atende na Cl\u00ednica Dermatol\u00f3gica DermCenter desde 2.000, onde \u00e9 s\u00f3cia- fundadora.\u00a0<\/p><p>Graduada pela UFES (Universidade Federal do Esp\u00edrito Santo), fez sua especializa\u00e7\u00e3o em Dematologia e Cirurgia Dermatol\u00f3gica no Hospital do Servidor P\u00fablico Municipal de S\u00e3o Paulo.<\/p><p>Com 32 anos de experi\u00eancia na pr\u00e1tica dermatol\u00f3gica j\u00e1 realizou mais de 16 mil procedimentos, entre cirurgias dermatol\u00f3gicas, lasers e procedimentos est\u00e9ticos, buscando sempre como prioridade, a<br \/>sa\u00fade, seguran\u00e7a e bem estar do paciente, para oferecer resultados naturais e personalizados.<\/p>\t\t\t\t\t\t\t\t<\/div>\n\t\t\t\t<\/div>\n\t\t\t\t\t<\/div>\n\t\t\t\t<\/div>\n\t\t<div class=\"elementor-element elementor-element-b6bb3a5 e-flex e-con-boxed e-con e-child\" data-id=\"b6bb3a5\" data-element_type=\"container\">\n\t\t\t\t\t<div class=\"e-con-inner\">\n\t\t\t\t<div class=\"elementor-element elementor-element-23e0f3d elementor-invisible elementor-widget elementor-widget-image\" data-id=\"23e0f3d\" data-element_type=\"widget\" data-settings=\"{&quot;_animation&quot;:&quot;fadeInRight&quot;}\" data-widget_type=\"image.default\">\n\t\t\t\t<div class=\"elementor-widget-container\">\n\t\t\t\t\t\t\t\t\t\t\t\t\t\t\t<img loading=\"lazy\" decoding=\"async\" width=\"1037\" height=\"1432\" src=\"https:\/\/dermcenter.com.br\/wp-content\/uploads\/2025\/08\/dermcenter-dra-sandra.jpg\" class=\"attachment-full size-full wp-image-1838\" alt=\"\" srcset=\"https:\/\/dermcenter.com.br\/wp-content\/uploads\/2025\/08\/dermcenter-dra-sandra.jpg 1037w, https:\/\/dermcenter.com.br\/wp-content\/uploads\/2025\/08\/dermcenter-dra-sandra-217x300.jpg 217w, https:\/\/dermcenter.com.br\/wp-content\/uploads\/2025\/08\/dermcenter-dra-sandra-742x1024.jpg 742w, https:\/\/dermcenter.com.br\/wp-content\/uploads\/2025\/08\/dermcenter-dra-sandra-768x1061.jpg 768w\" sizes=\"auto, (max-width: 1037px) 100vw, 1037px\" \/>\t\t\t\t\t\t\t\t\t\t\t\t\t\t\t<\/div>\n\t\t\t\t<\/div>\n\t\t\t\t\t<\/div>\n\t\t\t\t<\/div>\n\t\t\t\t\t<\/div>\n\t\t\t\t<\/div>\n\t\t<div class=\"elementor-element elementor-element-6022203 e-grid e-con-boxed e-con e-parent\" data-id=\"6022203\" data-element_type=\"container\" data-settings=\"{&quot;background_background&quot;:&quot;classic&quot;,&quot;animation&quot;:&quot;none&quot;}\">\n\t\t\t\t\t<div class=\"e-con-inner\">\n\t\t<div class=\"elementor-element elementor-element-20b6e44 e-flex e-con-boxed e-con e-child\" data-id=\"20b6e44\" data-element_type=\"container\" data-settings=\"{&quot;animation&quot;:&quot;none&quot;}\">\n\t\t\t\t\t<div class=\"e-con-inner\">\n\t\t\t\t<div class=\"elementor-element elementor-element-365b489 elementor-widget-divider--view-line_icon elementor-widget-divider--element-align-right elementor-view-default elementor-widget elementor-widget-divider\" data-id=\"365b489\" data-element_type=\"widget\" data-widget_type=\"divider.default\">\n\t\t\t\t<div class=\"elementor-widget-container\">\n\t\t\t\t\t\t\t<div class=\"elementor-divider\">\n\t\t\t<span class=\"elementor-divider-separator\">\n\t\t\t\t\t\t\t<div class=\"elementor-icon elementor-divider__element\">\n\t\t\t\t\t<svg xmlns=\"http:\/\/www.w3.org\/2000\/svg\" id=\"Camada_2\" data-name=\"Camada 2\" viewBox=\"0 0 196.05 366.17\"><defs><style>      .cls-1 {        fill: #a1b099;        fill-rule: evenodd;        stroke-width: 0px;      }    <\/style><\/defs><g id=\"Camada_1-2\" data-name=\"Camada 1\"><path class=\"cls-1\" d=\"M80.49,61.44C45.96,53.53,20.02,33.6.87,4.16-.04,1.67-1.25-.97,3.15.35c30.52,21.59,58.05,40.78,64.59,43.19,12.64,5.83,20.43,5.75,24.57,1.21,2.28-3.28,2.23-7.47-.15-12.58-2.61-4.45-3.11-9.19-3.19-14.11,1.04-8.13,1.19-13.69,4.55-15.78,2.62-1.82,4.85-1.92,9.4-.3,12.6,3.18,21.17,11.14,24.87,24.87l.3,9.1-7.58,17.29,1.21,6.07,64.61,23.66,6.98-.91,2.73,3.03-4.85,6.07-5.76.3-54.29-13.35c-4.55-.51-4.4,1.97-4.55,3.64,33.53,82.27,4.84,131.34-5.16,178.96l-3.34,49.14-3.94,2.12-5.16-3.64-1.21-5.46,10.92-126.48-3.34-1.21-14.26,98.88c-4.11,51.37-11.91,83.95-31.24,91.3-4.68,1.94-7.13.21-5.76-3.34l20.02-72.19,8.19-31.85c3.34-30.67,3.74-62.45.61-95.54-3.41-32.31-3.16-63.53,1.52-93.42-1.92-2.98-7.18-5.41-13.95-7.58Z\"><\/path><\/g><\/svg><\/div>\n\t\t\t\t\t\t<\/span>\n\t\t<\/div>\n\t\t\t\t\t\t<\/div>\n\t\t\t\t<\/div>\n\t\t\t\t<div class=\"elementor-element elementor-element-2b9133b elementor-widget elementor-widget-text-editor\" data-id=\"2b9133b\" data-element_type=\"widget\" data-widget_type=\"text-editor.default\">\n\t\t\t\t<div class=\"elementor-widget-container\">\n\t\t\t\t\t\t\t\t\t<ul><li>Membro titular da sociedade brasileira de dermatologia (SBD);<\/li><li>Membro titular da Sociedade Brasileira de Cirurgia Dermatol\u00f3gica (SBCD);<\/li><li>T\u00edtulo de especialista em Dermatologia pela SBD\/AMB;<\/li><li>Resid\u00eancia M\u00e9dica em Dermatologia no Hospital do Servidor P\u00fablico Municipal de S\u00e3o Paulo;<\/li><li>Gradua\u00e7\u00e3o em Medicina pela UFES (Universidade Federal do Esp\u00edrito Santo).<\/li><\/ul>\t\t\t\t\t\t\t\t<\/div>\n\t\t\t\t<\/div>\n\t\t\t\t<div class=\"elementor-element elementor-element-7dd7859 elementor-widget__width-initial elementor-widget elementor-widget-heading\" data-id=\"7dd7859\" data-element_type=\"widget\" data-widget_type=\"heading.default\">\n\t\t\t\t<div class=\"elementor-widget-container\">\n\t\t\t\t\t<h2 class=\"elementor-heading-title elementor-size-default\"><a href=\"https:\/\/dermcenter.com.br\/equipe\/\">voltar para equipe<\/a><\/h2>\t\t\t\t<\/div>\n\t\t\t\t<\/div>\n\t\t\t\t\t<\/div>\n\t\t\t\t<\/div>\n\t\t\t\t\t<\/div>\n\t\t\t\t<\/div>\n\t\t\t\t<\/div>\n\t\t","protected":false},"excerpt":{"rendered":"<p>Profissional Dra Sandra Jean Moussallem Dargham CRM 74806 | RQE 42726 \u00c9 m\u00e9dica, Dermatologista,atende na Cl\u00ednica Dermatol\u00f3gica DermCenter desde 2.000, onde \u00e9 s\u00f3cia- fundadora.\u00a0 Graduada pela UFES (Universidade Federal do Esp\u00edrito Santo), fez sua especializa\u00e7\u00e3o em Dematologia e Cirurgia Dermatol\u00f3gica no Hospital do Servidor P\u00fablico Municipal de S\u00e3o Paulo. Com 32 anos de experi\u00eancia na [&hellip;]<\/p>\n","protected":false},"author":1,"featured_media":0,"parent":0,"menu_order":0,"comment_status":"closed","ping_status":"closed","template":"elementor_canvas","meta":{"footnotes":""},"class_list":["post-587","page","type-page","status-publish","hentry"],"_links":{"self":[{"href":"https:\/\/dermcenter.com.br\/index.php?rest_route=\/wp\/v2\/pages\/587","targetHints":{"allow":["GET"]}}],"collection":[{"href":"https:\/\/dermcenter.com.br\/index.php?rest_route=\/wp\/v2\/pages"}],"about":[{"href":"https:\/\/dermcenter.com.br\/index.php?rest_route=\/wp\/v2\/types\/page"}],"author":[{"embeddable":true,"href":"https:\/\/dermcenter.com.br\/index.php?rest_route=\/wp\/v2\/users\/1"}],"replies":[{"embeddable":true,"href":"https:\/\/dermcenter.com.br\/index.php?rest_route=%2Fwp%2Fv2%2Fcomments&post=587"}],"version-history":[{"count":19,"href":"https:\/\/dermcenter.com.br\/index.php?rest_route=\/wp\/v2\/pages\/587\/revisions"}],"predecessor-version":[{"id":2165,"href":"https:\/\/dermcenter.com.br\/index.php?rest_route=\/wp\/v2\/pages\/587\/revisions\/2165"}],"wp:attachment":[{"href":"https:\/\/dermcenter.com.br\/index.php?rest_route=%2Fwp%2Fv2%2Fmedia&parent=587"}],"curies":[{"name":"wp","href":"https:\/\/api.w.org\/{rel}","templated":true}]}}