{"id":435,"date":"2024-06-27T01:33:25","date_gmt":"2024-06-27T01:33:25","guid":{"rendered":"https:\/\/dermcenter.com.br\/?page_id=435"},"modified":"2025-08-28T21:28:44","modified_gmt":"2025-08-28T21:28:44","slug":"equipe","status":"publish","type":"page","link":"https:\/\/dermcenter.com.br\/?page_id=435","title":{"rendered":"Equipe"},"content":{"rendered":"\t\t<div data-elementor-type=\"wp-page\" data-elementor-id=\"435\" class=\"elementor elementor-435\" data-elementor-post-type=\"page\">\n\t\t\t\t<div class=\"elementor-element elementor-element-7b53983 e-con-full e-flex e-con e-parent\" data-id=\"7b53983\" data-element_type=\"container\" id=\"topo\" data-settings=\"{&quot;background_background&quot;:&quot;classic&quot;}\">\n\t\t\t\t<div class=\"elementor-element elementor-element-1d031af elementor-widget__width-initial elementor-widget elementor-widget-heading\" data-id=\"1d031af\" data-element_type=\"widget\" data-widget_type=\"heading.default\">\n\t\t\t\t<div class=\"elementor-widget-container\">\n\t\t\t\t\t<h2 class=\"elementor-heading-title elementor-size-default\">Equipe<\/h2>\t\t\t\t<\/div>\n\t\t\t\t<\/div>\n\t\t\t\t<\/div>\n\t\t<div class=\"elementor-element elementor-element-9c2ffb9 e-con-full e-flex e-con e-parent\" data-id=\"9c2ffb9\" data-element_type=\"container\" data-settings=\"{&quot;background_background&quot;:&quot;classic&quot;}\">\n\t\t<div class=\"elementor-element elementor-element-a8876cd e-grid e-con-full elementor-invisible e-con e-child\" data-id=\"a8876cd\" data-element_type=\"container\" data-settings=\"{&quot;background_background&quot;:&quot;classic&quot;,&quot;animation&quot;:&quot;fadeInDown&quot;}\">\n\t\t\t\t<div class=\"elementor-element elementor-element-ec9f42c elementor-widget elementor-widget-text-editor\" data-id=\"ec9f42c\" data-element_type=\"widget\" data-widget_type=\"text-editor.default\">\n\t\t\t\t<div class=\"elementor-widget-container\">\n\t\t\t\t\t\t\t\t\tLorem ipsum dolor sit amet, consectetur adipiscing elit. Ut elit tellus, luctus nec ullamcorper mattis, pulvinar dapibus leo. ipsum dolor sit amet, consectetur adipiscing elit. Ut elit tellus, luctus nec ullamcorper mattis, pulvinar dapibus leo. Ut elit tellus, luctus nec ullamcorper mattis, pulvinar dapibus leo.\t\t\t\t\t\t\t\t<\/div>\n\t\t\t\t<\/div>\n\t\t\t\t<\/div>\n\t\t<div class=\"elementor-element elementor-element-d4a98ab e-grid e-con-full animated-slow elementor-invisible e-con e-child\" data-id=\"d4a98ab\" data-element_type=\"container\" data-settings=\"{&quot;animation&quot;:&quot;fadeIn&quot;,&quot;animation_delay&quot;:400}\">\n\t\t<div class=\"elementor-element elementor-element-959240c e-grid e-con-boxed e-con e-child\" data-id=\"959240c\" data-element_type=\"container\">\n\t\t\t\t\t<div class=\"e-con-inner\">\n\t\t\t\t<div class=\"elementor-element elementor-element-dcc8434 elementor-widget elementor-widget-image\" data-id=\"dcc8434\" data-element_type=\"widget\" data-widget_type=\"image.default\">\n\t\t\t\t<div class=\"elementor-widget-container\">\n\t\t\t\t\t\t\t\t\t\t\t\t\t\t\t<img loading=\"lazy\" decoding=\"async\" width=\"1037\" height=\"1432\" src=\"https:\/\/dermcenter.com.br\/wp-content\/uploads\/2025\/08\/dermcenter-dr-antonio.jpg\" class=\"attachment-full size-full wp-image-1839\" alt=\"\" srcset=\"https:\/\/dermcenter.com.br\/wp-content\/uploads\/2025\/08\/dermcenter-dr-antonio.jpg 1037w, https:\/\/dermcenter.com.br\/wp-content\/uploads\/2025\/08\/dermcenter-dr-antonio-217x300.jpg 217w, https:\/\/dermcenter.com.br\/wp-content\/uploads\/2025\/08\/dermcenter-dr-antonio-742x1024.jpg 742w, https:\/\/dermcenter.com.br\/wp-content\/uploads\/2025\/08\/dermcenter-dr-antonio-768x1061.jpg 768w\" sizes=\"auto, (max-width: 1037px) 100vw, 1037px\" \/>\t\t\t\t\t\t\t\t\t\t\t\t\t\t\t<\/div>\n\t\t\t\t<\/div>\n\t\t<div class=\"elementor-element elementor-element-8ebddc2 e-flex e-con-boxed e-con e-child\" data-id=\"8ebddc2\" data-element_type=\"container\" data-settings=\"{&quot;background_background&quot;:&quot;classic&quot;}\">\n\t\t\t\t\t<div class=\"e-con-inner\">\n\t\t\t\t<div class=\"elementor-element elementor-element-ecc6c83 elementor-widget elementor-widget-text-editor\" data-id=\"ecc6c83\" data-element_type=\"widget\" data-widget_type=\"text-editor.default\">\n\t\t\t\t<div class=\"elementor-widget-container\">\n\t\t\t\t\t\t\t\t\tDr. Antonio Dargham\t\t\t\t\t\t\t\t<\/div>\n\t\t\t\t<\/div>\n\t\t\t\t<div class=\"elementor-element elementor-element-b283008 elementor-widget elementor-widget-text-editor\" data-id=\"b283008\" data-element_type=\"widget\" data-widget_type=\"text-editor.default\">\n\t\t\t\t<div class=\"elementor-widget-container\">\n\t\t\t\t\t\t\t\t\tCRM:72774 | RQE:42717\t\t\t\t\t\t\t\t<\/div>\n\t\t\t\t<\/div>\n\t\t\t\t<div class=\"elementor-element elementor-element-dfc98f5 elementor-widget elementor-widget-button\" data-id=\"dfc98f5\" data-element_type=\"widget\" data-widget_type=\"button.default\">\n\t\t\t\t<div class=\"elementor-widget-container\">\n\t\t\t\t\t\t\t\t\t<div class=\"elementor-button-wrapper\">\n\t\t\t\t\t<a class=\"elementor-button elementor-button-link elementor-size-sm\" href=\"https:\/\/dermcenter.com.br\/dr-antonio-dargham\/\">\n\t\t\t\t\t\t<span class=\"elementor-button-content-wrapper\">\n\t\t\t\t\t\t\t\t\t<span class=\"elementor-button-text\">saiba mais<\/span>\n\t\t\t\t\t<\/span>\n\t\t\t\t\t<\/a>\n\t\t\t\t<\/div>\n\t\t\t\t\t\t\t\t<\/div>\n\t\t\t\t<\/div>\n\t\t\t\t\t<\/div>\n\t\t\t\t<\/div>\n\t\t\t\t\t<\/div>\n\t\t\t\t<\/div>\n\t\t<div class=\"elementor-element elementor-element-11629d4 e-grid e-con-boxed e-con e-child\" data-id=\"11629d4\" data-element_type=\"container\">\n\t\t\t\t\t<div class=\"e-con-inner\">\n\t\t\t\t<div class=\"elementor-element elementor-element-53d2d05 elementor-widget elementor-widget-image\" data-id=\"53d2d05\" data-element_type=\"widget\" data-widget_type=\"image.default\">\n\t\t\t\t<div class=\"elementor-widget-container\">\n\t\t\t\t\t\t\t\t\t\t\t\t\t\t\t<img loading=\"lazy\" decoding=\"async\" width=\"1037\" height=\"1432\" src=\"https:\/\/dermcenter.com.br\/wp-content\/uploads\/2025\/08\/dermcenter-dra-sandra.jpg\" class=\"attachment-full size-full wp-image-1838\" alt=\"\" srcset=\"https:\/\/dermcenter.com.br\/wp-content\/uploads\/2025\/08\/dermcenter-dra-sandra.jpg 1037w, https:\/\/dermcenter.com.br\/wp-content\/uploads\/2025\/08\/dermcenter-dra-sandra-217x300.jpg 217w, https:\/\/dermcenter.com.br\/wp-content\/uploads\/2025\/08\/dermcenter-dra-sandra-742x1024.jpg 742w, https:\/\/dermcenter.com.br\/wp-content\/uploads\/2025\/08\/dermcenter-dra-sandra-768x1061.jpg 768w\" sizes=\"auto, (max-width: 1037px) 100vw, 1037px\" \/>\t\t\t\t\t\t\t\t\t\t\t\t\t\t\t<\/div>\n\t\t\t\t<\/div>\n\t\t<div class=\"elementor-element elementor-element-13bf7ea e-flex e-con-boxed e-con e-child\" data-id=\"13bf7ea\" data-element_type=\"container\" data-settings=\"{&quot;background_background&quot;:&quot;classic&quot;}\">\n\t\t\t\t\t<div class=\"e-con-inner\">\n\t\t\t\t<div class=\"elementor-element elementor-element-b29e51e elementor-widget elementor-widget-text-editor\" data-id=\"b29e51e\" data-element_type=\"widget\" data-widget_type=\"text-editor.default\">\n\t\t\t\t<div class=\"elementor-widget-container\">\n\t\t\t\t\t\t\t\t\tDra Sandra Jean Moussallem Dargham\t\t\t\t\t\t\t\t<\/div>\n\t\t\t\t<\/div>\n\t\t\t\t<div class=\"elementor-element elementor-element-d7f546e elementor-widget elementor-widget-text-editor\" data-id=\"d7f546e\" data-element_type=\"widget\" data-widget_type=\"text-editor.default\">\n\t\t\t\t<div class=\"elementor-widget-container\">\n\t\t\t\t\t\t\t\t\tCRM:<span style=\"font-weight: 400;\">74806 <\/span>| RQE:<span style=\"font-weight: 400;\">42726<\/span>\t\t\t\t\t\t\t\t<\/div>\n\t\t\t\t<\/div>\n\t\t\t\t<div class=\"elementor-element elementor-element-d264896 elementor-widget elementor-widget-button\" data-id=\"d264896\" data-element_type=\"widget\" data-widget_type=\"button.default\">\n\t\t\t\t<div class=\"elementor-widget-container\">\n\t\t\t\t\t\t\t\t\t<div class=\"elementor-button-wrapper\">\n\t\t\t\t\t<a class=\"elementor-button elementor-button-link elementor-size-sm\" href=\"https:\/\/dermcenter.com.br\/dra-sandra-jean\/\">\n\t\t\t\t\t\t<span class=\"elementor-button-content-wrapper\">\n\t\t\t\t\t\t\t\t\t<span class=\"elementor-button-text\">saiba mais<\/span>\n\t\t\t\t\t<\/span>\n\t\t\t\t\t<\/a>\n\t\t\t\t<\/div>\n\t\t\t\t\t\t\t\t<\/div>\n\t\t\t\t<\/div>\n\t\t\t\t\t<\/div>\n\t\t\t\t<\/div>\n\t\t\t\t\t<\/div>\n\t\t\t\t<\/div>\n\t\t<div class=\"elementor-element elementor-element-2126cc7 e-grid e-con-boxed e-con e-child\" data-id=\"2126cc7\" data-element_type=\"container\">\n\t\t\t\t\t<div class=\"e-con-inner\">\n\t\t\t\t<div class=\"elementor-element elementor-element-99315fe elementor-widget elementor-widget-image\" data-id=\"99315fe\" data-element_type=\"widget\" data-widget_type=\"image.default\">\n\t\t\t\t<div class=\"elementor-widget-container\">\n\t\t\t\t\t\t\t\t\t\t\t\t\t\t\t<img loading=\"lazy\" decoding=\"async\" width=\"555\" height=\"764\" src=\"https:\/\/dermcenter.com.br\/wp-content\/uploads\/2024\/06\/dermcenter-dra-mini.jpg\" class=\"attachment-full size-full wp-image-471\" alt=\"\" srcset=\"https:\/\/dermcenter.com.br\/wp-content\/uploads\/2024\/06\/dermcenter-dra-mini.jpg 555w, https:\/\/dermcenter.com.br\/wp-content\/uploads\/2024\/06\/dermcenter-dra-mini-218x300.jpg 218w\" sizes=\"auto, (max-width: 555px) 100vw, 555px\" \/>\t\t\t\t\t\t\t\t\t\t\t\t\t\t\t<\/div>\n\t\t\t\t<\/div>\n\t\t<div class=\"elementor-element elementor-element-7dd9f18 e-flex e-con-boxed e-con e-child\" data-id=\"7dd9f18\" data-element_type=\"container\" data-settings=\"{&quot;background_background&quot;:&quot;classic&quot;}\">\n\t\t\t\t\t<div class=\"e-con-inner\">\n\t\t\t\t<div class=\"elementor-element elementor-element-848234c elementor-widget elementor-widget-text-editor\" data-id=\"848234c\" data-element_type=\"widget\" data-widget_type=\"text-editor.default\">\n\t\t\t\t<div class=\"elementor-widget-container\">\n\t\t\t\t\t\t\t\t\tAlice\t\t\t\t\t\t\t\t<\/div>\n\t\t\t\t<\/div>\n\t\t\t\t<div class=\"elementor-element elementor-element-59066ab elementor-widget elementor-widget-text-editor\" data-id=\"59066ab\" data-element_type=\"widget\" data-widget_type=\"text-editor.default\">\n\t\t\t\t<div class=\"elementor-widget-container\">\n\t\t\t\t\t\t\t\t\t<ul><li>Pod\u00f3loga a 20 anos;<\/li><\/ul>\t\t\t\t\t\t\t\t<\/div>\n\t\t\t\t<\/div>\n\t\t\t\t\t<\/div>\n\t\t\t\t<\/div>\n\t\t\t\t\t<\/div>\n\t\t\t\t<\/div>\n\t\t<div class=\"elementor-element elementor-element-5c13e2c e-grid e-con-boxed e-con e-child\" data-id=\"5c13e2c\" data-element_type=\"container\">\n\t\t\t\t\t<div class=\"e-con-inner\">\n\t\t\t\t<div class=\"elementor-element elementor-element-f972705 elementor-widget elementor-widget-image\" data-id=\"f972705\" data-element_type=\"widget\" data-widget_type=\"image.default\">\n\t\t\t\t<div class=\"elementor-widget-container\">\n\t\t\t\t\t\t\t\t\t\t\t\t\t\t\t<img loading=\"lazy\" decoding=\"async\" width=\"555\" height=\"764\" src=\"https:\/\/dermcenter.com.br\/wp-content\/uploads\/2024\/06\/dermcenter-dra-mini.jpg\" class=\"attachment-full size-full wp-image-471\" alt=\"\" srcset=\"https:\/\/dermcenter.com.br\/wp-content\/uploads\/2024\/06\/dermcenter-dra-mini.jpg 555w, https:\/\/dermcenter.com.br\/wp-content\/uploads\/2024\/06\/dermcenter-dra-mini-218x300.jpg 218w\" sizes=\"auto, (max-width: 555px) 100vw, 555px\" \/>\t\t\t\t\t\t\t\t\t\t\t\t\t\t\t<\/div>\n\t\t\t\t<\/div>\n\t\t<div class=\"elementor-element elementor-element-fd55a2b e-flex e-con-boxed e-con e-child\" data-id=\"fd55a2b\" data-element_type=\"container\" data-settings=\"{&quot;background_background&quot;:&quot;classic&quot;}\">\n\t\t\t\t\t<div class=\"e-con-inner\">\n\t\t\t\t<div class=\"elementor-element elementor-element-7f6030f elementor-widget elementor-widget-text-editor\" data-id=\"7f6030f\" data-element_type=\"widget\" data-widget_type=\"text-editor.default\">\n\t\t\t\t<div class=\"elementor-widget-container\">\n\t\t\t\t\t\t\t\t\tPriscila \t\t\t\t\t\t\t\t<\/div>\n\t\t\t\t<\/div>\n\t\t\t\t<div class=\"elementor-element elementor-element-1e93c73 elementor-widget elementor-widget-text-editor\" data-id=\"1e93c73\" data-element_type=\"widget\" data-widget_type=\"text-editor.default\">\n\t\t\t\t<div class=\"elementor-widget-container\">\n\t\t\t\t\t\t\t\t\t<ul><li><span style=\"font-weight: 400;\">Fisioterapeuta h\u00e1 19 anos;<\/span><\/li><li>P\u00f3s graduada em RPG (Reeduca\u00e7\u00e3o Postural Global);<\/li><li>P\u00f3s graduada em Fisioterapia Dermatofuncional.<\/li><\/ul>\t\t\t\t\t\t\t\t<\/div>\n\t\t\t\t<\/div>\n\t\t\t\t\t<\/div>\n\t\t\t\t<\/div>\n\t\t\t\t\t<\/div>\n\t\t\t\t<\/div>\n\t\t<div class=\"elementor-element elementor-element-062d6df e-grid e-con-boxed e-con e-child\" data-id=\"062d6df\" data-element_type=\"container\">\n\t\t\t\t\t<div class=\"e-con-inner\">\n\t\t\t\t<div class=\"elementor-element elementor-element-b520734 elementor-widget elementor-widget-image\" data-id=\"b520734\" data-element_type=\"widget\" data-widget_type=\"image.default\">\n\t\t\t\t<div class=\"elementor-widget-container\">\n\t\t\t\t\t\t\t\t\t\t\t\t\t\t\t<img loading=\"lazy\" decoding=\"async\" width=\"555\" height=\"764\" src=\"https:\/\/dermcenter.com.br\/wp-content\/uploads\/2024\/06\/dermcenter-dra-mini.jpg\" class=\"attachment-full size-full wp-image-471\" alt=\"\" srcset=\"https:\/\/dermcenter.com.br\/wp-content\/uploads\/2024\/06\/dermcenter-dra-mini.jpg 555w, https:\/\/dermcenter.com.br\/wp-content\/uploads\/2024\/06\/dermcenter-dra-mini-218x300.jpg 218w\" sizes=\"auto, (max-width: 555px) 100vw, 555px\" \/>\t\t\t\t\t\t\t\t\t\t\t\t\t\t\t<\/div>\n\t\t\t\t<\/div>\n\t\t<div class=\"elementor-element elementor-element-d0e78cc e-flex e-con-boxed e-con e-child\" data-id=\"d0e78cc\" data-element_type=\"container\" data-settings=\"{&quot;background_background&quot;:&quot;classic&quot;}\">\n\t\t\t\t\t<div class=\"e-con-inner\">\n\t\t\t\t<div class=\"elementor-element elementor-element-98fda7f elementor-widget elementor-widget-text-editor\" data-id=\"98fda7f\" data-element_type=\"widget\" data-widget_type=\"text-editor.default\">\n\t\t\t\t<div class=\"elementor-widget-container\">\n\t\t\t\t\t\t\t\t\tGabriela\t\t\t\t\t\t\t\t<\/div>\n\t\t\t\t<\/div>\n\t\t\t\t<div class=\"elementor-element elementor-element-d65d1f3 elementor-widget elementor-widget-text-editor\" data-id=\"d65d1f3\" data-element_type=\"widget\" data-widget_type=\"text-editor.default\">\n\t\t\t\t<div class=\"elementor-widget-container\">\n\t\t\t\t\t\t\t\t\t<p><span style=\"font-weight: 400;\">Coordenadora e Recepcionista\u00a0<\/span><\/p>\t\t\t\t\t\t\t\t<\/div>\n\t\t\t\t<\/div>\n\t\t\t\t\t<\/div>\n\t\t\t\t<\/div>\n\t\t\t\t\t<\/div>\n\t\t\t\t<\/div>\n\t\t<div class=\"elementor-element elementor-element-374975f e-grid e-con-boxed e-con e-child\" data-id=\"374975f\" data-element_type=\"container\">\n\t\t\t\t\t<div class=\"e-con-inner\">\n\t\t\t\t<div class=\"elementor-element elementor-element-31fc030 elementor-widget elementor-widget-image\" data-id=\"31fc030\" data-element_type=\"widget\" data-widget_type=\"image.default\">\n\t\t\t\t<div class=\"elementor-widget-container\">\n\t\t\t\t\t\t\t\t\t\t\t\t\t\t\t<img loading=\"lazy\" decoding=\"async\" width=\"555\" height=\"764\" src=\"https:\/\/dermcenter.com.br\/wp-content\/uploads\/2024\/06\/dermcenter-dra-mini.jpg\" class=\"attachment-full size-full wp-image-471\" alt=\"\" srcset=\"https:\/\/dermcenter.com.br\/wp-content\/uploads\/2024\/06\/dermcenter-dra-mini.jpg 555w, https:\/\/dermcenter.com.br\/wp-content\/uploads\/2024\/06\/dermcenter-dra-mini-218x300.jpg 218w\" sizes=\"auto, (max-width: 555px) 100vw, 555px\" \/>\t\t\t\t\t\t\t\t\t\t\t\t\t\t\t<\/div>\n\t\t\t\t<\/div>\n\t\t<div class=\"elementor-element elementor-element-00408e0 e-flex e-con-boxed e-con e-child\" data-id=\"00408e0\" data-element_type=\"container\" data-settings=\"{&quot;background_background&quot;:&quot;classic&quot;}\">\n\t\t\t\t\t<div class=\"e-con-inner\">\n\t\t\t\t<div class=\"elementor-element elementor-element-82e2c96 elementor-widget elementor-widget-text-editor\" data-id=\"82e2c96\" data-element_type=\"widget\" data-widget_type=\"text-editor.default\">\n\t\t\t\t<div class=\"elementor-widget-container\">\n\t\t\t\t\t\t\t\t\tSecyra\t\t\t\t\t\t\t\t<\/div>\n\t\t\t\t<\/div>\n\t\t\t\t<div class=\"elementor-element elementor-element-8b7aaa9 elementor-widget elementor-widget-text-editor\" data-id=\"8b7aaa9\" data-element_type=\"widget\" data-widget_type=\"text-editor.default\">\n\t\t\t\t<div class=\"elementor-widget-container\">\n\t\t\t\t\t\t\t\t\t<ul><li>Gradua\u00e7\u00e3o em Enfermagem Unilus;<\/li><li>P\u00f3s Gradua\u00e7\u00e3o em Est\u00e9tica e Cosm\u00e9tica Unifesp<\/li><\/ul>\t\t\t\t\t\t\t\t<\/div>\n\t\t\t\t<\/div>\n\t\t\t\t\t<\/div>\n\t\t\t\t<\/div>\n\t\t\t\t\t<\/div>\n\t\t\t\t<\/div>\n\t\t<div class=\"elementor-element elementor-element-187e8ed e-grid e-con-boxed e-con e-child\" data-id=\"187e8ed\" data-element_type=\"container\">\n\t\t\t\t\t<div class=\"e-con-inner\">\n\t\t\t\t<div class=\"elementor-element elementor-element-3f895ff elementor-widget elementor-widget-image\" data-id=\"3f895ff\" data-element_type=\"widget\" data-widget_type=\"image.default\">\n\t\t\t\t<div class=\"elementor-widget-container\">\n\t\t\t\t\t\t\t\t\t\t\t\t\t\t\t<img loading=\"lazy\" decoding=\"async\" width=\"555\" height=\"764\" src=\"https:\/\/dermcenter.com.br\/wp-content\/uploads\/2024\/06\/dermcenter-dr.jpg\" class=\"attachment-full size-full wp-image-472\" alt=\"\" srcset=\"https:\/\/dermcenter.com.br\/wp-content\/uploads\/2024\/06\/dermcenter-dr.jpg 555w, https:\/\/dermcenter.com.br\/wp-content\/uploads\/2024\/06\/dermcenter-dr-218x300.jpg 218w\" sizes=\"auto, (max-width: 555px) 100vw, 555px\" \/>\t\t\t\t\t\t\t\t\t\t\t\t\t\t\t<\/div>\n\t\t\t\t<\/div>\n\t\t<div class=\"elementor-element elementor-element-4b39a2d e-flex e-con-boxed e-con e-child\" data-id=\"4b39a2d\" data-element_type=\"container\" data-settings=\"{&quot;background_background&quot;:&quot;classic&quot;}\">\n\t\t\t\t\t<div class=\"e-con-inner\">\n\t\t\t\t<div class=\"elementor-element elementor-element-253190a elementor-widget elementor-widget-text-editor\" data-id=\"253190a\" data-element_type=\"widget\" data-widget_type=\"text-editor.default\">\n\t\t\t\t<div class=\"elementor-widget-container\">\n\t\t\t\t\t\t\t\t\tWagner\t\t\t\t\t\t\t\t<\/div>\n\t\t\t\t<\/div>\n\t\t\t\t<div class=\"elementor-element elementor-element-c0649d5 elementor-widget elementor-widget-text-editor\" data-id=\"c0649d5\" data-element_type=\"widget\" data-widget_type=\"text-editor.default\">\n\t\t\t\t<div class=\"elementor-widget-container\">\n\t\t\t\t\t\t\t\t\tManobrista \t\t\t\t\t\t\t\t<\/div>\n\t\t\t\t<\/div>\n\t\t\t\t\t<\/div>\n\t\t\t\t<\/div>\n\t\t\t\t\t<\/div>\n\t\t\t\t<\/div>\n\t\t\t\t<\/div>\n\t\t\t\t<\/div>\n\t\t\t\t<\/div>\n\t\t","protected":false},"excerpt":{"rendered":"<p>Equipe Lorem ipsum dolor sit amet, consectetur adipiscing elit. Ut elit tellus, luctus nec ullamcorper mattis, pulvinar dapibus leo. ipsum dolor sit amet, consectetur adipiscing elit. Ut elit tellus, luctus nec ullamcorper mattis, pulvinar dapibus leo. Ut elit tellus, luctus nec ullamcorper mattis, pulvinar dapibus leo. Dr. Antonio DarghamCRM:72774 | RQE:42717 saiba mais Dra Sandra [&hellip;]<\/p>\n","protected":false},"author":1,"featured_media":0,"parent":0,"menu_order":0,"comment_status":"closed","ping_status":"closed","template":"elementor_canvas","meta":{"footnotes":""},"class_list":["post-435","page","type-page","status-publish","hentry"],"_links":{"self":[{"href":"https:\/\/dermcenter.com.br\/index.php?rest_route=\/wp\/v2\/pages\/435","targetHints":{"allow":["GET"]}}],"collection":[{"href":"https:\/\/dermcenter.com.br\/index.php?rest_route=\/wp\/v2\/pages"}],"about":[{"href":"https:\/\/dermcenter.com.br\/index.php?rest_route=\/wp\/v2\/types\/page"}],"author":[{"embeddable":true,"href":"https:\/\/dermcenter.com.br\/index.php?rest_route=\/wp\/v2\/users\/1"}],"replies":[{"embeddable":true,"href":"https:\/\/dermcenter.com.br\/index.php?rest_route=%2Fwp%2Fv2%2Fcomments&post=435"}],"version-history":[{"count":131,"href":"https:\/\/dermcenter.com.br\/index.php?rest_route=\/wp\/v2\/pages\/435\/revisions"}],"predecessor-version":[{"id":2173,"href":"https:\/\/dermcenter.com.br\/index.php?rest_route=\/wp\/v2\/pages\/435\/revisions\/2173"}],"wp:attachment":[{"href":"https:\/\/dermcenter.com.br\/index.php?rest_route=%2Fwp%2Fv2%2Fmedia&parent=435"}],"curies":[{"name":"wp","href":"https:\/\/api.w.org\/{rel}","templated":true}]}}