{"id":1938,"date":"2025-08-27T19:23:12","date_gmt":"2025-08-27T19:23:12","guid":{"rendered":"https:\/\/dermcenter.com.br\/?page_id=1938"},"modified":"2025-08-27T19:30:21","modified_gmt":"2025-08-27T19:30:21","slug":"acne","status":"publish","type":"page","link":"https:\/\/dermcenter.com.br\/?page_id=1938","title":{"rendered":"Acne"},"content":{"rendered":"\t\t<div data-elementor-type=\"wp-page\" data-elementor-id=\"1938\" class=\"elementor elementor-1938\" data-elementor-post-type=\"page\">\n\t\t\t\t<div class=\"elementor-element elementor-element-b48d2fe e-flex e-con-boxed e-con e-parent\" data-id=\"b48d2fe\" data-element_type=\"container\">\n\t\t\t\t\t<div class=\"e-con-inner\">\n\t\t<div class=\"elementor-element elementor-element-472dc4e e-con-full e-grid e-con e-child\" data-id=\"472dc4e\" data-element_type=\"container\">\n\t\t<div class=\"elementor-element elementor-element-20f9a06 e-con-full e-flex e-con e-child\" data-id=\"20f9a06\" data-element_type=\"container\">\n\t\t\t\t<div class=\"elementor-element elementor-element-a7581d0 elementor-widget elementor-widget-heading\" data-id=\"a7581d0\" data-element_type=\"widget\" data-widget_type=\"heading.default\">\n\t\t\t\t<div class=\"elementor-widget-container\">\n\t\t\t\t\t<h1 class=\"elementor-heading-title elementor-size-default\">ACNE<\/h1>\t\t\t\t<\/div>\n\t\t\t\t<\/div>\n\t\t\t\t<div class=\"elementor-element elementor-element-2f28ed9 elementor-widget-divider--view-line_icon elementor-widget-divider--element-align-right elementor-view-default elementor-widget elementor-widget-divider\" data-id=\"2f28ed9\" data-element_type=\"widget\" data-widget_type=\"divider.default\">\n\t\t\t\t<div class=\"elementor-widget-container\">\n\t\t\t\t\t\t\t<div class=\"elementor-divider\">\n\t\t\t<span class=\"elementor-divider-separator\">\n\t\t\t\t\t\t\t<div class=\"elementor-icon elementor-divider__element\">\n\t\t\t\t\t<svg xmlns=\"http:\/\/www.w3.org\/2000\/svg\" id=\"Camada_2\" data-name=\"Camada 2\" viewBox=\"0 0 196.05 366.17\"><defs><style>      .cls-1 {        fill: #a1b099;        fill-rule: evenodd;        stroke-width: 0px;      }    <\/style><\/defs><g id=\"Camada_1-2\" data-name=\"Camada 1\"><path class=\"cls-1\" d=\"M80.49,61.44C45.96,53.53,20.02,33.6.87,4.16-.04,1.67-1.25-.97,3.15.35c30.52,21.59,58.05,40.78,64.59,43.19,12.64,5.83,20.43,5.75,24.57,1.21,2.28-3.28,2.23-7.47-.15-12.58-2.61-4.45-3.11-9.19-3.19-14.11,1.04-8.13,1.19-13.69,4.55-15.78,2.62-1.82,4.85-1.92,9.4-.3,12.6,3.18,21.17,11.14,24.87,24.87l.3,9.1-7.58,17.29,1.21,6.07,64.61,23.66,6.98-.91,2.73,3.03-4.85,6.07-5.76.3-54.29-13.35c-4.55-.51-4.4,1.97-4.55,3.64,33.53,82.27,4.84,131.34-5.16,178.96l-3.34,49.14-3.94,2.12-5.16-3.64-1.21-5.46,10.92-126.48-3.34-1.21-14.26,98.88c-4.11,51.37-11.91,83.95-31.24,91.3-4.68,1.94-7.13.21-5.76-3.34l20.02-72.19,8.19-31.85c3.34-30.67,3.74-62.45.61-95.54-3.41-32.31-3.16-63.53,1.52-93.42-1.92-2.98-7.18-5.41-13.95-7.58Z\"><\/path><\/g><\/svg><\/div>\n\t\t\t\t\t\t<\/span>\n\t\t<\/div>\n\t\t\t\t\t\t<\/div>\n\t\t\t\t<\/div>\n\t\t\t\t<div class=\"elementor-element elementor-element-88f1048 elementor-widget elementor-widget-text-editor\" data-id=\"88f1048\" data-element_type=\"widget\" data-widget_type=\"text-editor.default\">\n\t\t\t\t<div class=\"elementor-widget-container\">\n\t\t\t\t\t\t\t\t\tA acne \u00e9 uma condi\u00e7\u00e3o cut\u00e2nea extremamente comum que atinge milh\u00f5es de brasileiros, especialmente adolescentes e jovens. A acne surge pela inflama\u00e7\u00e3o dos fol\u00edculos pilo-seb\u00e1ceos, aumento do volume das gl\u00e2ndulas seb\u00e1ceas e tend\u00eancia a obstru\u00e7\u00e3o do canal folicular. O resultado? As temidas espinhas e cravos, que podem afetar a autoestima e o bem-estar de qualquer pessoa.\n\t\t\t\t\t\t\t\t<\/div>\n\t\t\t\t<\/div>\n\t\t\t\t<\/div>\n\t\t<div class=\"elementor-element elementor-element-3d8812d e-con-full e-flex e-con e-child\" data-id=\"3d8812d\" data-element_type=\"container\">\n\t\t\t\t<div class=\"elementor-element elementor-element-c220b8c elementor-widget elementor-widget-image\" data-id=\"c220b8c\" data-element_type=\"widget\" data-widget_type=\"image.default\">\n\t\t\t\t<div class=\"elementor-widget-container\">\n\t\t\t\t\t\t\t\t\t\t\t\t\t\t\t<img loading=\"lazy\" decoding=\"async\" width=\"800\" height=\"600\" src=\"https:\/\/dermcenter.com.br\/wp-content\/uploads\/2025\/04\/dermcenter-dermatologia-clinica-acne.jpg\" class=\"attachment-large size-large wp-image-1162\" alt=\"\" srcset=\"https:\/\/dermcenter.com.br\/wp-content\/uploads\/2025\/04\/dermcenter-dermatologia-clinica-acne.jpg 800w, https:\/\/dermcenter.com.br\/wp-content\/uploads\/2025\/04\/dermcenter-dermatologia-clinica-acne-300x225.jpg 300w, https:\/\/dermcenter.com.br\/wp-content\/uploads\/2025\/04\/dermcenter-dermatologia-clinica-acne-768x576.jpg 768w\" sizes=\"auto, (max-width: 800px) 100vw, 800px\" \/>\t\t\t\t\t\t\t\t\t\t\t\t\t\t\t<\/div>\n\t\t\t\t<\/div>\n\t\t\t\t<\/div>\n\t\t\t\t<\/div>\n\t\t<div class=\"elementor-element elementor-element-4dfcf4c e-con-full e-flex e-con e-child\" data-id=\"4dfcf4c\" data-element_type=\"container\">\n\t\t\t\t<div class=\"elementor-element elementor-element-d7f793b elementor-widget elementor-widget-heading\" data-id=\"d7f793b\" data-element_type=\"widget\" data-widget_type=\"heading.default\">\n\t\t\t\t<div class=\"elementor-widget-container\">\n\t\t\t\t\t<h2 class=\"elementor-heading-title elementor-size-default\">Do rosto ao corpo: a acne n\u00e3o escolhe lugar<\/h2>\t\t\t\t<\/div>\n\t\t\t\t<\/div>\n\t\t\t\t<div class=\"elementor-element elementor-element-8231c95 elementor-widget elementor-widget-text-editor\" data-id=\"8231c95\" data-element_type=\"widget\" data-widget_type=\"text-editor.default\">\n\t\t\t\t<div class=\"elementor-widget-container\">\n\t\t\t\t\t\t\t\t\tEmbora seja mais frequente no rosto, a acne pode aparecer em diversas partes do corpo, como pesco\u00e7o, peito, costas e ombros. Atinge pessoas de todas as idades e sexos, mas \u00e9 mais comum durante a adolesc\u00eancia, devido \u00e0s mudan\u00e7as hormonais caracter\u00edsticas dessa fase da vida.\n\t\t\t\t\t\t\t\t<\/div>\n\t\t\t\t<\/div>\n\t\t\t\t<div class=\"elementor-element elementor-element-4df3fcf elementor-widget elementor-widget-heading\" data-id=\"4df3fcf\" data-element_type=\"widget\" data-widget_type=\"heading.default\">\n\t\t\t\t<div class=\"elementor-widget-container\">\n\t\t\t\t\t<h2 class=\"elementor-heading-title elementor-size-default\">Causas da acne: horm\u00f4nios, gen\u00e9tica e estilo de vida\n<\/h2>\t\t\t\t<\/div>\n\t\t\t\t<\/div>\n\t\t\t\t<div class=\"elementor-element elementor-element-254bf39 elementor-widget elementor-widget-text-editor\" data-id=\"254bf39\" data-element_type=\"widget\" data-widget_type=\"text-editor.default\">\n\t\t\t\t<div class=\"elementor-widget-container\">\n\t\t\t\t\t\t\t\t\tAs causas da acne s\u00e3o multifatoriais, mas os horm\u00f4nios desempenham um papel crucial. Tanto os horm\u00f4nios femininos (estr\u00f3genos) quanto os masculinos (andr\u00f3genos) podem estimular a produ\u00e7\u00e3o de sebo, contribuindo para o surgimento da acne. Fatores gen\u00e9ticos tamb\u00e9m influenciam, tornando mais propensas as pessoas com hist\u00f3rico familiar da doen\u00e7a. Estresse, alimenta\u00e7\u00e3o inadequada e alguns medicamentos tamb\u00e9m podem desencadear ou agravar o quadro.\n\t\t\t\t\t\t\t\t<\/div>\n\t\t\t\t<\/div>\n\t\t\t\t<div class=\"elementor-element elementor-element-41d1183 elementor-widget elementor-widget-heading\" data-id=\"41d1183\" data-element_type=\"widget\" data-widget_type=\"heading.default\">\n\t\t\t\t<div class=\"elementor-widget-container\">\n\t\t\t\t\t<h2 class=\"elementor-heading-title elementor-size-default\">Tipos de acne: dos cravos \u00e0s les\u00f5es mais graves\n<\/h2>\t\t\t\t<\/div>\n\t\t\t\t<\/div>\n\t\t\t\t<div class=\"elementor-element elementor-element-af6c4bb elementor-widget elementor-widget-text-editor\" data-id=\"af6c4bb\" data-element_type=\"widget\" data-widget_type=\"text-editor.default\">\n\t\t\t\t<div class=\"elementor-widget-container\">\n\t\t\t\t\t\t\t\t\t<p><span style=\"font-weight: 400;\">A acne se manifesta de <\/span><b>diferentes formas<\/b><span style=\"font-weight: 400;\">, desde <\/span><b>cravos brancos (poros obstru\u00eddos com orif\u00edcio fechado) e cravos pretos (poros obstru\u00eddos com orif\u00edcio aberto)<\/b><span style=\"font-weight: 400;\"> at\u00e9 <\/span><b>espinhas (p\u00fastulas)<\/b><span style=\"font-weight: 400;\">, que s\u00e3o les\u00f5es inflamadas e cheias de pus. Nos casos mais graves, podem surgir <\/span><b>n\u00f3dulos e cistos<\/b><span style=\"font-weight: 400;\">, les\u00f5es maiores, inflamadas e dolorosas que podem deixar cicatrizes.<\/span><\/p>\t\t\t\t\t\t\t\t<\/div>\n\t\t\t\t<\/div>\n\t\t\t\t<div class=\"elementor-element elementor-element-a5c8eee elementor-widget elementor-widget-heading\" data-id=\"a5c8eee\" data-element_type=\"widget\" data-widget_type=\"heading.default\">\n\t\t\t\t<div class=\"elementor-widget-container\">\n\t\t\t\t\t<h2 class=\"elementor-heading-title elementor-size-default\">Tratamento da acne: op\u00e7\u00f5es para todos os casos\n<\/h2>\t\t\t\t<\/div>\n\t\t\t\t<\/div>\n\t\t\t\t<div class=\"elementor-element elementor-element-8b27aef elementor-widget elementor-widget-text-editor\" data-id=\"8b27aef\" data-element_type=\"widget\" data-widget_type=\"text-editor.default\">\n\t\t\t\t<div class=\"elementor-widget-container\">\n\t\t\t\t\t\t\t\t\tO tratamento da acne varia de acordo com a gravidade e o tipo de les\u00e3o. Casos leves podem ser tratados com produtos t\u00f3picos, como sabonetes e g\u00e9is de limpeza, per\u00f3xido de benzo\u00edla, \u00e1cido salic\u00edlico, \u00e1cido azelaico e retinoides. Casos mais moderados a graves podem exigir o uso de antibi\u00f3ticos orais ou isotretino\u00edna, um medicamento potente que exige acompanhamento m\u00e9dico rigoroso devido aos seus efeitos colaterais.\n\t\t\t\t\t\t\t\t<\/div>\n\t\t\t\t<\/div>\n\t\t\t\t<div class=\"elementor-element elementor-element-8b628ec elementor-widget elementor-widget-heading\" data-id=\"8b628ec\" data-element_type=\"widget\" data-widget_type=\"heading.default\">\n\t\t\t\t<div class=\"elementor-widget-container\">\n\t\t\t\t\t<h2 class=\"elementor-heading-title elementor-size-default\">Tratamentos est\u00e9ticos para acne e cicatrizes\n<\/h2>\t\t\t\t<\/div>\n\t\t\t\t<\/div>\n\t\t\t\t<div class=\"elementor-element elementor-element-0ebd4c1 elementor-widget elementor-widget-text-editor\" data-id=\"0ebd4c1\" data-element_type=\"widget\" data-widget_type=\"text-editor.default\">\n\t\t\t\t<div class=\"elementor-widget-container\">\n\t\t\t\t\t\t\t\t\tPara melhorar o aspecto da pele e tratar cicatrizes de acne, procedimentos est\u00e9ticos como peelings qu\u00edmicos, IPCA (Remodela\u00e7\u00e3o do col\u00e1geno induzido por agulhas), bioestimuladores e laser podem ser indicados. \u00c9 fundamental consultar um dermatologista para avaliar o seu caso e determinar o tratamento mais adequado.\n\t\t\t\t\t\t\t\t<\/div>\n\t\t\t\t<\/div>\n\t\t\t\t<div class=\"elementor-element elementor-element-58296e4 elementor-widget elementor-widget-heading\" data-id=\"58296e4\" data-element_type=\"widget\" data-widget_type=\"heading.default\">\n\t\t\t\t<div class=\"elementor-widget-container\">\n\t\t\t\t\t<h2 class=\"elementor-heading-title elementor-size-default\">Preven\u00e7\u00e3o da acne: cuidados di\u00e1rios com a pele\n<\/h2>\t\t\t\t<\/div>\n\t\t\t\t<\/div>\n\t\t\t\t<div class=\"elementor-element elementor-element-a60bf47 elementor-widget elementor-widget-text-editor\" data-id=\"a60bf47\" data-element_type=\"widget\" data-widget_type=\"text-editor.default\">\n\t\t\t\t<div class=\"elementor-widget-container\">\n\t\t\t\t\t\t\t\t\tA preven\u00e7\u00e3o da acne envolve cuidados di\u00e1rios com a pele, como limpeza suave com produtos adequados, hidrata\u00e7\u00e3o, prote\u00e7\u00e3o solar e evitar manipular as les\u00f5es. Adotar h\u00e1bitos alimentares saud\u00e1veis, evitar o estresse e manter uma rotina de sono regular tamb\u00e9m s\u00e3o medidas importantes.\n\t\t\t\t\t\t\t\t<\/div>\n\t\t\t\t<\/div>\n\t\t\t\t<div class=\"elementor-element elementor-element-17a6de0 elementor-widget elementor-widget-heading\" data-id=\"17a6de0\" data-element_type=\"widget\" data-widget_type=\"heading.default\">\n\t\t\t\t<div class=\"elementor-widget-container\">\n\t\t\t\t\t<h2 class=\"elementor-heading-title elementor-size-default\">Dicas importantes:\n<\/h2>\t\t\t\t<\/div>\n\t\t\t\t<\/div>\n\t\t\t\t<div class=\"elementor-element elementor-element-e521c45 elementor-widget elementor-widget-text-editor\" data-id=\"e521c45\" data-element_type=\"widget\" data-widget_type=\"text-editor.default\">\n\t\t\t\t<div class=\"elementor-widget-container\">\n\t\t\t\t\t\t\t\t\t<ul><li>N\u00e3o esprema espinhas ou cravos, pois isso pode piorar a inflama\u00e7\u00e3o e aumentar o risco de cicatrizes.<\/li><li>Lave o rosto duas vezes ao dia com um sabonete suave e espec\u00edfico para peles acneicas.<\/li><li>Use protetor solar adequado para pele acneica.<\/li><li>Remova a maquiagem antes de dormir.<\/li><li>Evite alimentos gordurosos e processados.<\/li><li>Consulte um dermatologista para obter diagn\u00f3stico e tratamento adequados para o seu caso.<\/li><\/ul><p><br \/>Lembre-se: a acne tem tratamento e voc\u00ea n\u00e3o precisa sofrer com ela! Com os cuidados adequados e acompanhamento profissional, \u00e9 poss\u00edvel controlar a acne e ter uma pele saud\u00e1vel e bonita.<\/p>\t\t\t\t\t\t\t\t<\/div>\n\t\t\t\t<\/div>\n\t\t\t\t<div class=\"elementor-element elementor-element-d70e80c elementor-widget elementor-widget-heading\" data-id=\"d70e80c\" data-element_type=\"widget\" data-widget_type=\"heading.default\">\n\t\t\t\t<div class=\"elementor-widget-container\">\n\t\t\t\t\t<h2 class=\"elementor-heading-title elementor-size-default\">Importante:<\/h2>\t\t\t\t<\/div>\n\t\t\t\t<\/div>\n\t\t\t\t<div class=\"elementor-element elementor-element-fa4a095 elementor-widget elementor-widget-text-editor\" data-id=\"fa4a095\" data-element_type=\"widget\" data-widget_type=\"text-editor.default\">\n\t\t\t\t<div class=\"elementor-widget-container\">\n\t\t\t\t\t\t\t\t\t<ul><li style=\"font-weight: 400;\" aria-level=\"1\"><span style=\"font-weight: 400;\">O diagn\u00f3stico da onicomicose deve ser feito por um dermatologista, que poder\u00e1 realizar um exame micol\u00f3gico para confirmar a presen\u00e7a do fungo.<\/span><\/li><li style=\"font-weight: 400;\" aria-level=\"1\"><span style=\"font-weight: 400;\">O tratamento pode incluir medicamentos antif\u00fangicos t\u00f3picos (esmaltes ou solu\u00e7\u00f5es) ou orais, dependendo da gravidade da infec\u00e7\u00e3o.<\/span><\/li><li style=\"font-weight: 400;\" aria-level=\"1\"><span style=\"font-weight: 400;\">A preven\u00e7\u00e3o \u00e9 fundamental e inclui medidas como manter as unhas limpas e secas, usar cal\u00e7ados adequados e evitar compartilhar objetos de uso pessoal.<\/span><\/li><\/ul>\t\t\t\t\t\t\t\t<\/div>\n\t\t\t\t<\/div>\n\t\t\t\t<\/div>\n\t\t\t\t\t<\/div>\n\t\t\t\t<\/div>\n\t\t\t\t<\/div>\n\t\t","protected":false},"excerpt":{"rendered":"<p>ACNE A acne \u00e9 uma condi\u00e7\u00e3o cut\u00e2nea extremamente comum que atinge milh\u00f5es de brasileiros, especialmente adolescentes e jovens. A acne surge pela inflama\u00e7\u00e3o dos fol\u00edculos pilo-seb\u00e1ceos, aumento do volume das gl\u00e2ndulas seb\u00e1ceas e tend\u00eancia a obstru\u00e7\u00e3o do canal folicular. O resultado? As temidas espinhas e cravos, que podem afetar a autoestima e o bem-estar de [&hellip;]<\/p>\n","protected":false},"author":1,"featured_media":0,"parent":1159,"menu_order":0,"comment_status":"closed","ping_status":"closed","template":"elementor_canvas","meta":{"footnotes":""},"class_list":["post-1938","page","type-page","status-publish","hentry"],"_links":{"self":[{"href":"https:\/\/dermcenter.com.br\/index.php?rest_route=\/wp\/v2\/pages\/1938","targetHints":{"allow":["GET"]}}],"collection":[{"href":"https:\/\/dermcenter.com.br\/index.php?rest_route=\/wp\/v2\/pages"}],"about":[{"href":"https:\/\/dermcenter.com.br\/index.php?rest_route=\/wp\/v2\/types\/page"}],"author":[{"embeddable":true,"href":"https:\/\/dermcenter.com.br\/index.php?rest_route=\/wp\/v2\/users\/1"}],"replies":[{"embeddable":true,"href":"https:\/\/dermcenter.com.br\/index.php?rest_route=%2Fwp%2Fv2%2Fcomments&post=1938"}],"version-history":[{"count":4,"href":"https:\/\/dermcenter.com.br\/index.php?rest_route=\/wp\/v2\/pages\/1938\/revisions"}],"predecessor-version":[{"id":1942,"href":"https:\/\/dermcenter.com.br\/index.php?rest_route=\/wp\/v2\/pages\/1938\/revisions\/1942"}],"up":[{"embeddable":true,"href":"https:\/\/dermcenter.com.br\/index.php?rest_route=\/wp\/v2\/pages\/1159"}],"wp:attachment":[{"href":"https:\/\/dermcenter.com.br\/index.php?rest_route=%2Fwp%2Fv2%2Fmedia&parent=1938"}],"curies":[{"name":"wp","href":"https:\/\/api.w.org\/{rel}","templated":true}]}}