{"id":1712,"date":"2025-05-06T18:15:22","date_gmt":"2025-05-06T18:15:22","guid":{"rendered":"https:\/\/dermcenter.com.br\/?page_id=1712"},"modified":"2025-08-28T02:31:49","modified_gmt":"2025-08-28T02:31:49","slug":"estetica-corporal","status":"publish","type":"page","link":"https:\/\/dermcenter.com.br\/?page_id=1712","title":{"rendered":"Est\u00e9tica Corporal"},"content":{"rendered":"\t\t<div data-elementor-type=\"wp-page\" data-elementor-id=\"1712\" class=\"elementor elementor-1712\" data-elementor-post-type=\"page\">\n\t\t\t\t<div class=\"elementor-element elementor-element-b48d2fe e-flex e-con-boxed e-con e-parent\" data-id=\"b48d2fe\" data-element_type=\"container\">\n\t\t\t\t\t<div class=\"e-con-inner\">\n\t\t<div class=\"elementor-element elementor-element-472dc4e e-con-full e-grid e-con e-child\" data-id=\"472dc4e\" data-element_type=\"container\">\n\t\t<div class=\"elementor-element elementor-element-20f9a06 e-con-full e-flex e-con e-child\" data-id=\"20f9a06\" data-element_type=\"container\">\n\t\t\t\t<div class=\"elementor-element elementor-element-a7581d0 elementor-widget elementor-widget-heading\" data-id=\"a7581d0\" data-element_type=\"widget\" data-widget_type=\"heading.default\">\n\t\t\t\t<div class=\"elementor-widget-container\">\n\t\t\t\t\t<h1 class=\"elementor-heading-title elementor-size-default\">EST\u00c9TICA CORPORAL<\/h1>\t\t\t\t<\/div>\n\t\t\t\t<\/div>\n\t\t\t\t<div class=\"elementor-element elementor-element-d7f793b elementor-widget elementor-widget-heading\" data-id=\"d7f793b\" data-element_type=\"widget\" data-widget_type=\"heading.default\">\n\t\t\t\t<div class=\"elementor-widget-container\">\n\t\t\t\t\t<h2 class=\"elementor-heading-title elementor-size-default\">Drenagem linf\u00e1tica corporal<\/h2>\t\t\t\t<\/div>\n\t\t\t\t<\/div>\n\t\t\t\t<div class=\"elementor-element elementor-element-8231c95 elementor-widget elementor-widget-text-editor\" data-id=\"8231c95\" data-element_type=\"widget\" data-widget_type=\"text-editor.default\">\n\t\t\t\t<div class=\"elementor-widget-container\">\n\t\t\t\t\t\t\t\t\t<p><span style=\"font-weight: 400;\">\u00c9 uma t\u00e9cnica de manobras seq\u00fcenciais de massagens e toques em pontos espec\u00edficos do corpo (linfonodos) promovendo a redu\u00e7\u00e3o de edemas (incha\u00e7os), melhorando a troca de nutrientes celulares, facilitando a recupera\u00e7\u00e3o e cicatriza\u00e7\u00e3o da pele.<\/span><\/p><p><span style=\"font-weight: 400;\">\u00c9 indicado para pr\u00e9 e p\u00f3s operat\u00f3rio e para casos em que h\u00e1 maior reten\u00e7\u00e3o de l\u00edquidos no per\u00edodo pr\u00e9 menstrual. Estes l\u00edquidos retidos sempre acentuam a celulite.<\/span><span style=\"font-weight: 400;\"><br \/><\/span><\/p>\t\t\t\t\t\t\t\t<\/div>\n\t\t\t\t<\/div>\n\t\t\t\t<\/div>\n\t\t<div class=\"elementor-element elementor-element-3d8812d e-con-full e-flex e-con e-child\" data-id=\"3d8812d\" data-element_type=\"container\">\n\t\t\t\t<div class=\"elementor-element elementor-element-c220b8c elementor-widget elementor-widget-image\" data-id=\"c220b8c\" data-element_type=\"widget\" data-widget_type=\"image.default\">\n\t\t\t\t<div class=\"elementor-widget-container\">\n\t\t\t\t\t\t\t\t\t\t\t\t\t\t\t<img loading=\"lazy\" decoding=\"async\" width=\"800\" height=\"600\" src=\"https:\/\/dermcenter.com.br\/wp-content\/uploads\/2025\/08\/dermcenter-relaxamento-e-bem-estar-1.jpg\" class=\"attachment-large size-large wp-image-2022\" alt=\"\" srcset=\"https:\/\/dermcenter.com.br\/wp-content\/uploads\/2025\/08\/dermcenter-relaxamento-e-bem-estar-1.jpg 800w, https:\/\/dermcenter.com.br\/wp-content\/uploads\/2025\/08\/dermcenter-relaxamento-e-bem-estar-1-300x225.jpg 300w, https:\/\/dermcenter.com.br\/wp-content\/uploads\/2025\/08\/dermcenter-relaxamento-e-bem-estar-1-768x576.jpg 768w\" sizes=\"auto, (max-width: 800px) 100vw, 800px\" \/>\t\t\t\t\t\t\t\t\t\t\t\t\t\t\t<\/div>\n\t\t\t\t<\/div>\n\t\t\t\t<\/div>\n\t\t\t\t<\/div>\n\t\t<div class=\"elementor-element elementor-element-4dfcf4c e-con-full e-flex e-con e-child\" data-id=\"4dfcf4c\" data-element_type=\"container\">\n\t\t\t\t<div class=\"elementor-element elementor-element-254bf39 elementor-widget elementor-widget-text-editor\" data-id=\"254bf39\" data-element_type=\"widget\" data-widget_type=\"text-editor.default\">\n\t\t\t\t<div class=\"elementor-widget-container\">\n\t\t\t\t\t\t\t\t\t<p><b>Benef\u00edcios:<\/b><\/p><ul><li><span style=\"font-weight: 400;\">Redu\u00e7\u00e3o de Celulite;<\/span><\/li><li>Redu\u00e7\u00e3o do lipedema;<\/li><li>Redu\u00e7\u00e3o de Gorduras , quando associado \u00e0s aplica\u00e7\u00f5es de enzimas lipol\u00edticas;<\/li><li>Anti-stress;<\/li><li>Redu\u00e7\u00e3o de incha\u00e7o.<\/li><\/ul>\t\t\t\t\t\t\t\t<\/div>\n\t\t\t\t<\/div>\n\t\t\t\t<div class=\"elementor-element elementor-element-d00de7f elementor-widget-divider--view-line_icon elementor-widget-divider--element-align-right elementor-view-default elementor-widget elementor-widget-divider\" data-id=\"d00de7f\" data-element_type=\"widget\" data-widget_type=\"divider.default\">\n\t\t\t\t<div class=\"elementor-widget-container\">\n\t\t\t\t\t\t\t<div class=\"elementor-divider\">\n\t\t\t<span class=\"elementor-divider-separator\">\n\t\t\t\t\t\t\t<div class=\"elementor-icon elementor-divider__element\">\n\t\t\t\t\t<svg xmlns=\"http:\/\/www.w3.org\/2000\/svg\" id=\"Camada_2\" data-name=\"Camada 2\" viewBox=\"0 0 196.05 366.17\"><defs><style>      .cls-1 {        fill: #a1b099;        fill-rule: evenodd;        stroke-width: 0px;      }    <\/style><\/defs><g id=\"Camada_1-2\" data-name=\"Camada 1\"><path class=\"cls-1\" d=\"M80.49,61.44C45.96,53.53,20.02,33.6.87,4.16-.04,1.67-1.25-.97,3.15.35c30.52,21.59,58.05,40.78,64.59,43.19,12.64,5.83,20.43,5.75,24.57,1.21,2.28-3.28,2.23-7.47-.15-12.58-2.61-4.45-3.11-9.19-3.19-14.11,1.04-8.13,1.19-13.69,4.55-15.78,2.62-1.82,4.85-1.92,9.4-.3,12.6,3.18,21.17,11.14,24.87,24.87l.3,9.1-7.58,17.29,1.21,6.07,64.61,23.66,6.98-.91,2.73,3.03-4.85,6.07-5.76.3-54.29-13.35c-4.55-.51-4.4,1.97-4.55,3.64,33.53,82.27,4.84,131.34-5.16,178.96l-3.34,49.14-3.94,2.12-5.16-3.64-1.21-5.46,10.92-126.48-3.34-1.21-14.26,98.88c-4.11,51.37-11.91,83.95-31.24,91.3-4.68,1.94-7.13.21-5.76-3.34l20.02-72.19,8.19-31.85c3.34-30.67,3.74-62.45.61-95.54-3.41-32.31-3.16-63.53,1.52-93.42-1.92-2.98-7.18-5.41-13.95-7.58Z\"><\/path><\/g><\/svg><\/div>\n\t\t\t\t\t\t<\/span>\n\t\t<\/div>\n\t\t\t\t\t\t<\/div>\n\t\t\t\t<\/div>\n\t\t\t\t<div class=\"elementor-element elementor-element-c5605a4 elementor-widget elementor-widget-heading\" data-id=\"c5605a4\" data-element_type=\"widget\" data-widget_type=\"heading.default\">\n\t\t\t\t<div class=\"elementor-widget-container\">\n\t\t\t\t\t<h2 class=\"elementor-heading-title elementor-size-default\">Drenagem linf\u00e1tica gestante<\/h2>\t\t\t\t<\/div>\n\t\t\t\t<\/div>\n\t\t\t\t<div class=\"elementor-element elementor-element-af6c4bb elementor-widget elementor-widget-text-editor\" data-id=\"af6c4bb\" data-element_type=\"widget\" data-widget_type=\"text-editor.default\">\n\t\t\t\t<div class=\"elementor-widget-container\">\n\t\t\t\t\t\t\t\t\t<p><span style=\"font-weight: 400;\">\u00c9 uma t\u00e9cnica de manobras seq\u00fcenciais de massagens e toques em pontos espec\u00edficos do corpo (linfonodos) facilitando muito o retorno \u00e0s formas corporais que a mulher apresentava antes da gesta\u00e7\u00e3o. Deve ser realizada por profissional habilitado, pois existem alguns pontos que n\u00e3o podem ser tocados, para que n\u00e3o haja risco de contra\u00e7\u00f5es uterinas precoces.<\/span><\/p><p><span style=\"font-weight: 400;\">\u00c9 indicada a partir 16\u00aa semana de gesta\u00e7\u00e3o, eliminando a reten\u00e7\u00e3o de l\u00edquidos e aumentando a oxida\u00e7\u00e3o dos tecidos.<\/span><\/p>\t\t\t\t\t\t\t\t<\/div>\n\t\t\t\t<\/div>\n\t\t\t\t<div class=\"elementor-element elementor-element-169296e elementor-widget-divider--view-line_icon elementor-widget-divider--element-align-right elementor-view-default elementor-widget elementor-widget-divider\" data-id=\"169296e\" data-element_type=\"widget\" data-widget_type=\"divider.default\">\n\t\t\t\t<div class=\"elementor-widget-container\">\n\t\t\t\t\t\t\t<div class=\"elementor-divider\">\n\t\t\t<span class=\"elementor-divider-separator\">\n\t\t\t\t\t\t\t<div class=\"elementor-icon elementor-divider__element\">\n\t\t\t\t\t<svg xmlns=\"http:\/\/www.w3.org\/2000\/svg\" id=\"Camada_2\" data-name=\"Camada 2\" viewBox=\"0 0 196.05 366.17\"><defs><style>      .cls-1 {        fill: #a1b099;        fill-rule: evenodd;        stroke-width: 0px;      }    <\/style><\/defs><g id=\"Camada_1-2\" data-name=\"Camada 1\"><path class=\"cls-1\" d=\"M80.49,61.44C45.96,53.53,20.02,33.6.87,4.16-.04,1.67-1.25-.97,3.15.35c30.52,21.59,58.05,40.78,64.59,43.19,12.64,5.83,20.43,5.75,24.57,1.21,2.28-3.28,2.23-7.47-.15-12.58-2.61-4.45-3.11-9.19-3.19-14.11,1.04-8.13,1.19-13.69,4.55-15.78,2.62-1.82,4.85-1.92,9.4-.3,12.6,3.18,21.17,11.14,24.87,24.87l.3,9.1-7.58,17.29,1.21,6.07,64.61,23.66,6.98-.91,2.73,3.03-4.85,6.07-5.76.3-54.29-13.35c-4.55-.51-4.4,1.97-4.55,3.64,33.53,82.27,4.84,131.34-5.16,178.96l-3.34,49.14-3.94,2.12-5.16-3.64-1.21-5.46,10.92-126.48-3.34-1.21-14.26,98.88c-4.11,51.37-11.91,83.95-31.24,91.3-4.68,1.94-7.13.21-5.76-3.34l20.02-72.19,8.19-31.85c3.34-30.67,3.74-62.45.61-95.54-3.41-32.31-3.16-63.53,1.52-93.42-1.92-2.98-7.18-5.41-13.95-7.58Z\"><\/path><\/g><\/svg><\/div>\n\t\t\t\t\t\t<\/span>\n\t\t<\/div>\n\t\t\t\t\t\t<\/div>\n\t\t\t\t<\/div>\n\t\t\t\t<div class=\"elementor-element elementor-element-ffa027d elementor-widget elementor-widget-heading\" data-id=\"ffa027d\" data-element_type=\"widget\" data-widget_type=\"heading.default\">\n\t\t\t\t<div class=\"elementor-widget-container\">\n\t\t\t\t\t<h2 class=\"elementor-heading-title elementor-size-default\">Argiloterapia<\/h2>\t\t\t\t<\/div>\n\t\t\t\t<\/div>\n\t\t\t\t<div class=\"elementor-element elementor-element-8b27aef elementor-widget elementor-widget-text-editor\" data-id=\"8b27aef\" data-element_type=\"widget\" data-widget_type=\"text-editor.default\">\n\t\t\t\t<div class=\"elementor-widget-container\">\n\t\t\t\t\t\t\t\t\t<p><span style=\"font-weight: 400;\">M\u00e1scara para complementa\u00e7\u00e3o da a\u00e7\u00e3o de outros tratamentos por seu poder anti-inflamat\u00f3rio, regenerador e de desintoxica\u00e7\u00e3o.<\/span><span style=\"font-weight: 400;\"><br \/><\/span><\/p><p><b>Indica\u00e7\u00e3o:<\/b><\/p><ul><li><span style=\"font-weight: 400;\">Celulite;<\/span><\/li><li>Gordura localizada.<\/li><\/ul>\t\t\t\t\t\t\t\t<\/div>\n\t\t\t\t<\/div>\n\t\t\t\t<div class=\"elementor-element elementor-element-7788676 elementor-widget-divider--view-line_icon elementor-widget-divider--element-align-right elementor-view-default elementor-widget elementor-widget-divider\" data-id=\"7788676\" data-element_type=\"widget\" data-widget_type=\"divider.default\">\n\t\t\t\t<div class=\"elementor-widget-container\">\n\t\t\t\t\t\t\t<div class=\"elementor-divider\">\n\t\t\t<span class=\"elementor-divider-separator\">\n\t\t\t\t\t\t\t<div class=\"elementor-icon elementor-divider__element\">\n\t\t\t\t\t<svg xmlns=\"http:\/\/www.w3.org\/2000\/svg\" id=\"Camada_2\" data-name=\"Camada 2\" viewBox=\"0 0 196.05 366.17\"><defs><style>      .cls-1 {        fill: #a1b099;        fill-rule: evenodd;        stroke-width: 0px;      }    <\/style><\/defs><g id=\"Camada_1-2\" data-name=\"Camada 1\"><path class=\"cls-1\" d=\"M80.49,61.44C45.96,53.53,20.02,33.6.87,4.16-.04,1.67-1.25-.97,3.15.35c30.52,21.59,58.05,40.78,64.59,43.19,12.64,5.83,20.43,5.75,24.57,1.21,2.28-3.28,2.23-7.47-.15-12.58-2.61-4.45-3.11-9.19-3.19-14.11,1.04-8.13,1.19-13.69,4.55-15.78,2.62-1.82,4.85-1.92,9.4-.3,12.6,3.18,21.17,11.14,24.87,24.87l.3,9.1-7.58,17.29,1.21,6.07,64.61,23.66,6.98-.91,2.73,3.03-4.85,6.07-5.76.3-54.29-13.35c-4.55-.51-4.4,1.97-4.55,3.64,33.53,82.27,4.84,131.34-5.16,178.96l-3.34,49.14-3.94,2.12-5.16-3.64-1.21-5.46,10.92-126.48-3.34-1.21-14.26,98.88c-4.11,51.37-11.91,83.95-31.24,91.3-4.68,1.94-7.13.21-5.76-3.34l20.02-72.19,8.19-31.85c3.34-30.67,3.74-62.45.61-95.54-3.41-32.31-3.16-63.53,1.52-93.42-1.92-2.98-7.18-5.41-13.95-7.58Z\"><\/path><\/g><\/svg><\/div>\n\t\t\t\t\t\t<\/span>\n\t\t<\/div>\n\t\t\t\t\t\t<\/div>\n\t\t\t\t<\/div>\n\t\t\t\t<div class=\"elementor-element elementor-element-4ca4a07 elementor-widget elementor-widget-heading\" data-id=\"4ca4a07\" data-element_type=\"widget\" data-widget_type=\"heading.default\">\n\t\t\t\t<div class=\"elementor-widget-container\">\n\t\t\t\t\t<h2 class=\"elementor-heading-title elementor-size-default\">Crioterapia<\/h2>\t\t\t\t<\/div>\n\t\t\t\t<\/div>\n\t\t\t\t<div class=\"elementor-element elementor-element-02448bf elementor-widget elementor-widget-text-editor\" data-id=\"02448bf\" data-element_type=\"widget\" data-widget_type=\"text-editor.default\">\n\t\t\t\t<div class=\"elementor-widget-container\">\n\t\t\t\t\t\t\t\t\t<p><span style=\"font-weight: 400;\">M\u00e1scara que promove vaso constri\u00e7\u00e3o e resfriamento no local, onde o organismo para normalizar a temperatura ir\u00e1 ter gasto cal\u00f3rico. S\u00e3o recomendadas entre 2 a 3 sess\u00f5es por semana.<\/span><\/p><p><b>Indica\u00e7\u00e3o:<\/b><\/p><p><span style=\"font-weight: 400;\">Celulite<\/span><\/p>\t\t\t\t\t\t\t\t<\/div>\n\t\t\t\t<\/div>\n\t\t\t\t<div class=\"elementor-element elementor-element-3ff72d1 elementor-widget-divider--view-line_icon elementor-widget-divider--element-align-right elementor-view-default elementor-widget elementor-widget-divider\" data-id=\"3ff72d1\" data-element_type=\"widget\" data-widget_type=\"divider.default\">\n\t\t\t\t<div class=\"elementor-widget-container\">\n\t\t\t\t\t\t\t<div class=\"elementor-divider\">\n\t\t\t<span class=\"elementor-divider-separator\">\n\t\t\t\t\t\t\t<div class=\"elementor-icon elementor-divider__element\">\n\t\t\t\t\t<svg xmlns=\"http:\/\/www.w3.org\/2000\/svg\" id=\"Camada_2\" data-name=\"Camada 2\" viewBox=\"0 0 196.05 366.17\"><defs><style>      .cls-1 {        fill: #a1b099;        fill-rule: evenodd;        stroke-width: 0px;      }    <\/style><\/defs><g id=\"Camada_1-2\" data-name=\"Camada 1\"><path class=\"cls-1\" d=\"M80.49,61.44C45.96,53.53,20.02,33.6.87,4.16-.04,1.67-1.25-.97,3.15.35c30.52,21.59,58.05,40.78,64.59,43.19,12.64,5.83,20.43,5.75,24.57,1.21,2.28-3.28,2.23-7.47-.15-12.58-2.61-4.45-3.11-9.19-3.19-14.11,1.04-8.13,1.19-13.69,4.55-15.78,2.62-1.82,4.85-1.92,9.4-.3,12.6,3.18,21.17,11.14,24.87,24.87l.3,9.1-7.58,17.29,1.21,6.07,64.61,23.66,6.98-.91,2.73,3.03-4.85,6.07-5.76.3-54.29-13.35c-4.55-.51-4.4,1.97-4.55,3.64,33.53,82.27,4.84,131.34-5.16,178.96l-3.34,49.14-3.94,2.12-5.16-3.64-1.21-5.46,10.92-126.48-3.34-1.21-14.26,98.88c-4.11,51.37-11.91,83.95-31.24,91.3-4.68,1.94-7.13.21-5.76-3.34l20.02-72.19,8.19-31.85c3.34-30.67,3.74-62.45.61-95.54-3.41-32.31-3.16-63.53,1.52-93.42-1.92-2.98-7.18-5.41-13.95-7.58Z\"><\/path><\/g><\/svg><\/div>\n\t\t\t\t\t\t<\/span>\n\t\t<\/div>\n\t\t\t\t\t\t<\/div>\n\t\t\t\t<\/div>\n\t\t\t\t<div class=\"elementor-element elementor-element-c95f3d4 elementor-widget elementor-widget-heading\" data-id=\"c95f3d4\" data-element_type=\"widget\" data-widget_type=\"heading.default\">\n\t\t\t\t<div class=\"elementor-widget-container\">\n\t\t\t\t\t<h2 class=\"elementor-heading-title elementor-size-default\">Endermologia<\/h2>\t\t\t\t<\/div>\n\t\t\t\t<\/div>\n\t\t\t\t<div class=\"elementor-element elementor-element-f750a29 elementor-widget elementor-widget-text-editor\" data-id=\"f750a29\" data-element_type=\"widget\" data-widget_type=\"text-editor.default\">\n\t\t\t\t<div class=\"elementor-widget-container\">\n\t\t\t\t\t\t\t\t\t<p><span style=\"font-weight: 400;\">\u00c9 uma terapia atrav\u00e9s de suc\u00e7\u00e3o e rolamento da pele, n\u00e3o invasivo, indolor. Atrav\u00e9s deste mecanismo consegue-se um desfibrosamento dos tecidos, soltando as traves de fibrose que d\u00e3o aspecto de ondula\u00e7\u00f5es na pele. h\u00e1 tamb\u00e9m o remodelamento da gordural corporal.<\/span><\/p><p><span style=\"font-weight: 400;\">A endermologia tamb\u00e9m leva a uma drenagem linf\u00e1tica potente e muito eficiente, que promove elimina\u00e7\u00e3o de toxinas para os vasos linf\u00e1ticos para serem posteriormente excretadas na urina.<\/span><\/p><p><b>Indica\u00e7\u00f5es:<\/b><\/p><p><span style=\"font-weight: 400;\">Redu\u00e7\u00e3o de Celulite e gordura localizada<\/span><\/p><p><b>Benef\u00edcios:<\/b><\/p><ul><li><span style=\"font-weight: 400;\">Redu\u00e7\u00e3o de Celulite;<\/span><\/li><li>Redu\u00e7\u00e3o de Gordura Localizada;<\/li><li>Estimula\u00e7\u00e3o do sistema linf\u00e1tico e sangu\u00edneo;<\/li><li>Aumento da tonicidade da pele;<\/li><li>Melhora no aparecimento de tecido cicatrizante (no p\u00f3s-operat\u00f3rio tardio).<\/li><\/ul>\t\t\t\t\t\t\t\t<\/div>\n\t\t\t\t<\/div>\n\t\t\t\t<div class=\"elementor-element elementor-element-f1d3eed elementor-widget-divider--view-line_icon elementor-widget-divider--element-align-right elementor-view-default elementor-widget elementor-widget-divider\" data-id=\"f1d3eed\" data-element_type=\"widget\" data-widget_type=\"divider.default\">\n\t\t\t\t<div class=\"elementor-widget-container\">\n\t\t\t\t\t\t\t<div class=\"elementor-divider\">\n\t\t\t<span class=\"elementor-divider-separator\">\n\t\t\t\t\t\t\t<div class=\"elementor-icon elementor-divider__element\">\n\t\t\t\t\t<svg xmlns=\"http:\/\/www.w3.org\/2000\/svg\" id=\"Camada_2\" data-name=\"Camada 2\" viewBox=\"0 0 196.05 366.17\"><defs><style>      .cls-1 {        fill: #a1b099;        fill-rule: evenodd;        stroke-width: 0px;      }    <\/style><\/defs><g id=\"Camada_1-2\" data-name=\"Camada 1\"><path class=\"cls-1\" d=\"M80.49,61.44C45.96,53.53,20.02,33.6.87,4.16-.04,1.67-1.25-.97,3.15.35c30.52,21.59,58.05,40.78,64.59,43.19,12.64,5.83,20.43,5.75,24.57,1.21,2.28-3.28,2.23-7.47-.15-12.58-2.61-4.45-3.11-9.19-3.19-14.11,1.04-8.13,1.19-13.69,4.55-15.78,2.62-1.82,4.85-1.92,9.4-.3,12.6,3.18,21.17,11.14,24.87,24.87l.3,9.1-7.58,17.29,1.21,6.07,64.61,23.66,6.98-.91,2.73,3.03-4.85,6.07-5.76.3-54.29-13.35c-4.55-.51-4.4,1.97-4.55,3.64,33.53,82.27,4.84,131.34-5.16,178.96l-3.34,49.14-3.94,2.12-5.16-3.64-1.21-5.46,10.92-126.48-3.34-1.21-14.26,98.88c-4.11,51.37-11.91,83.95-31.24,91.3-4.68,1.94-7.13.21-5.76-3.34l20.02-72.19,8.19-31.85c3.34-30.67,3.74-62.45.61-95.54-3.41-32.31-3.16-63.53,1.52-93.42-1.92-2.98-7.18-5.41-13.95-7.58Z\"><\/path><\/g><\/svg><\/div>\n\t\t\t\t\t\t<\/span>\n\t\t<\/div>\n\t\t\t\t\t\t<\/div>\n\t\t\t\t<\/div>\n\t\t\t\t<div class=\"elementor-element elementor-element-4125739 elementor-widget elementor-widget-heading\" data-id=\"4125739\" data-element_type=\"widget\" data-widget_type=\"heading.default\">\n\t\t\t\t<div class=\"elementor-widget-container\">\n\t\t\t\t\t<h2 class=\"elementor-heading-title elementor-size-default\">Ultrassom<\/h2>\t\t\t\t<\/div>\n\t\t\t\t<\/div>\n\t\t\t\t<div class=\"elementor-element elementor-element-0177e05 elementor-widget elementor-widget-text-editor\" data-id=\"0177e05\" data-element_type=\"widget\" data-widget_type=\"text-editor.default\">\n\t\t\t\t<div class=\"elementor-widget-container\">\n\t\t\t\t\t\t\t\t\t<p>Indicado para gordura localizada e celulites fibr\u00f3ticas (duras, compactas). S\u00e3o ondas eletromagn\u00e9ticas que se propagam atrav\u00e9s da pele e atingem o tecido adiposo (gordura), promovendo a ruptura das c\u00e9lulas gordurosas, conseq\u00fcentemente facilitando a modela\u00e7\u00e3o corporal com endermologia ou estimula\u00e7\u00e3o russa.<\/p><p><b>Benef\u00edcios:<\/b><\/p><ul><li><span style=\"font-weight: 400;\">Redu\u00e7\u00e3o da gordura localizada;<\/span><\/li><li>Quebra dos n\u00f3dulos de celulite;<\/li><li>Melhora das ader\u00eancias e quel\u00f3ides.<\/li><\/ul>\t\t\t\t\t\t\t\t<\/div>\n\t\t\t\t<\/div>\n\t\t\t\t<div class=\"elementor-element elementor-element-db1aecb elementor-widget-divider--view-line_icon elementor-widget-divider--element-align-right elementor-view-default elementor-widget elementor-widget-divider\" data-id=\"db1aecb\" data-element_type=\"widget\" data-widget_type=\"divider.default\">\n\t\t\t\t<div class=\"elementor-widget-container\">\n\t\t\t\t\t\t\t<div class=\"elementor-divider\">\n\t\t\t<span class=\"elementor-divider-separator\">\n\t\t\t\t\t\t\t<div class=\"elementor-icon elementor-divider__element\">\n\t\t\t\t\t<svg xmlns=\"http:\/\/www.w3.org\/2000\/svg\" id=\"Camada_2\" data-name=\"Camada 2\" viewBox=\"0 0 196.05 366.17\"><defs><style>      .cls-1 {        fill: #a1b099;        fill-rule: evenodd;        stroke-width: 0px;      }    <\/style><\/defs><g id=\"Camada_1-2\" data-name=\"Camada 1\"><path class=\"cls-1\" d=\"M80.49,61.44C45.96,53.53,20.02,33.6.87,4.16-.04,1.67-1.25-.97,3.15.35c30.52,21.59,58.05,40.78,64.59,43.19,12.64,5.83,20.43,5.75,24.57,1.21,2.28-3.28,2.23-7.47-.15-12.58-2.61-4.45-3.11-9.19-3.19-14.11,1.04-8.13,1.19-13.69,4.55-15.78,2.62-1.82,4.85-1.92,9.4-.3,12.6,3.18,21.17,11.14,24.87,24.87l.3,9.1-7.58,17.29,1.21,6.07,64.61,23.66,6.98-.91,2.73,3.03-4.85,6.07-5.76.3-54.29-13.35c-4.55-.51-4.4,1.97-4.55,3.64,33.53,82.27,4.84,131.34-5.16,178.96l-3.34,49.14-3.94,2.12-5.16-3.64-1.21-5.46,10.92-126.48-3.34-1.21-14.26,98.88c-4.11,51.37-11.91,83.95-31.24,91.3-4.68,1.94-7.13.21-5.76-3.34l20.02-72.19,8.19-31.85c3.34-30.67,3.74-62.45.61-95.54-3.41-32.31-3.16-63.53,1.52-93.42-1.92-2.98-7.18-5.41-13.95-7.58Z\"><\/path><\/g><\/svg><\/div>\n\t\t\t\t\t\t<\/span>\n\t\t<\/div>\n\t\t\t\t\t\t<\/div>\n\t\t\t\t<\/div>\n\t\t\t\t<div class=\"elementor-element elementor-element-ca35af2 elementor-widget elementor-widget-heading\" data-id=\"ca35af2\" data-element_type=\"widget\" data-widget_type=\"heading.default\">\n\t\t\t\t<div class=\"elementor-widget-container\">\n\t\t\t\t\t<h2 class=\"elementor-heading-title elementor-size-default\">Massagem modeladora<\/h2>\t\t\t\t<\/div>\n\t\t\t\t<\/div>\n\t\t\t\t<div class=\"elementor-element elementor-element-72083c7 elementor-widget elementor-widget-text-editor\" data-id=\"72083c7\" data-element_type=\"widget\" data-widget_type=\"text-editor.default\">\n\t\t\t\t<div class=\"elementor-widget-container\">\n\t\t\t\t\t\t\t\t\t<p><span style=\"font-weight: 400;\">\u00e9 um procedimento que consiste em uma massagem com movimentos r\u00edtmicos, vigorosos e com maior press\u00e3o do que nas massagens convencionais. S\u00e3o realizados movimentos de amassamento, pin\u00e7amento, e deslizamento dando \u00eanfase em regi\u00f5es com maior quantidade de adiposidades e celulite, ocorre o aumento da circula\u00e7\u00e3o sangu\u00ednea, e modelagem corporal.<\/span><\/p><p><b>Benef\u00edcios:<\/b><\/p><ul><li><span style=\"font-weight: 400;\">Melhora a circula\u00e7\u00e3o;<\/span><\/li><li>Promove estimula\u00e7\u00e3o cal\u00f3rica;<\/li><li>Favorece a penetra\u00e7\u00e3o de princ\u00edpios ativos;<\/li><li>Melhora a textura e apar\u00eancia da pele, al\u00e9m de causar sensa\u00e7\u00e3o de bem-estar.<\/li><\/ul>\t\t\t\t\t\t\t\t<\/div>\n\t\t\t\t<\/div>\n\t\t\t\t<\/div>\n\t\t\t\t\t<\/div>\n\t\t\t\t<\/div>\n\t\t\t\t<\/div>\n\t\t","protected":false},"excerpt":{"rendered":"<p>EST\u00c9TICA CORPORAL Drenagem linf\u00e1tica corporal \u00c9 uma t\u00e9cnica de manobras seq\u00fcenciais de massagens e toques em pontos espec\u00edficos do corpo (linfonodos) promovendo a redu\u00e7\u00e3o de edemas (incha\u00e7os), melhorando a troca de nutrientes celulares, facilitando a recupera\u00e7\u00e3o e cicatriza\u00e7\u00e3o da pele. \u00c9 indicado para pr\u00e9 e p\u00f3s operat\u00f3rio e para casos em que h\u00e1 maior reten\u00e7\u00e3o [&hellip;]<\/p>\n","protected":false},"author":1,"featured_media":0,"parent":1738,"menu_order":0,"comment_status":"closed","ping_status":"closed","template":"elementor_canvas","meta":{"footnotes":""},"class_list":["post-1712","page","type-page","status-publish","hentry"],"_links":{"self":[{"href":"https:\/\/dermcenter.com.br\/index.php?rest_route=\/wp\/v2\/pages\/1712","targetHints":{"allow":["GET"]}}],"collection":[{"href":"https:\/\/dermcenter.com.br\/index.php?rest_route=\/wp\/v2\/pages"}],"about":[{"href":"https:\/\/dermcenter.com.br\/index.php?rest_route=\/wp\/v2\/types\/page"}],"author":[{"embeddable":true,"href":"https:\/\/dermcenter.com.br\/index.php?rest_route=\/wp\/v2\/users\/1"}],"replies":[{"embeddable":true,"href":"https:\/\/dermcenter.com.br\/index.php?rest_route=%2Fwp%2Fv2%2Fcomments&post=1712"}],"version-history":[{"count":13,"href":"https:\/\/dermcenter.com.br\/index.php?rest_route=\/wp\/v2\/pages\/1712\/revisions"}],"predecessor-version":[{"id":2032,"href":"https:\/\/dermcenter.com.br\/index.php?rest_route=\/wp\/v2\/pages\/1712\/revisions\/2032"}],"up":[{"embeddable":true,"href":"https:\/\/dermcenter.com.br\/index.php?rest_route=\/wp\/v2\/pages\/1738"}],"wp:attachment":[{"href":"https:\/\/dermcenter.com.br\/index.php?rest_route=%2Fwp%2Fv2%2Fmedia&parent=1712"}],"curies":[{"name":"wp","href":"https:\/\/api.w.org\/{rel}","templated":true}]}}