{"id":1664,"date":"2025-05-06T01:38:22","date_gmt":"2025-05-06T01:38:22","guid":{"rendered":"https:\/\/dermcenter.com.br\/?page_id=1664"},"modified":"2025-08-28T01:55:28","modified_gmt":"2025-08-28T01:55:28","slug":"capilar","status":"publish","type":"page","link":"https:\/\/dermcenter.com.br\/?page_id=1664","title":{"rendered":"Capilar"},"content":{"rendered":"\t\t<div data-elementor-type=\"wp-page\" data-elementor-id=\"1664\" class=\"elementor elementor-1664\" data-elementor-post-type=\"page\">\n\t\t\t\t<div class=\"elementor-element elementor-element-b48d2fe e-flex e-con-boxed e-con e-parent\" data-id=\"b48d2fe\" data-element_type=\"container\">\n\t\t\t\t\t<div class=\"e-con-inner\">\n\t\t<div class=\"elementor-element elementor-element-472dc4e e-con-full e-grid e-con e-child\" data-id=\"472dc4e\" data-element_type=\"container\">\n\t\t<div class=\"elementor-element elementor-element-20f9a06 e-con-full e-flex e-con e-child\" data-id=\"20f9a06\" data-element_type=\"container\">\n\t\t\t\t<div class=\"elementor-element elementor-element-a7581d0 elementor-widget elementor-widget-heading\" data-id=\"a7581d0\" data-element_type=\"widget\" data-widget_type=\"heading.default\">\n\t\t\t\t<div class=\"elementor-widget-container\">\n\t\t\t\t\t<h1 class=\"elementor-heading-title elementor-size-default\">CAPILAR<\/h1>\t\t\t\t<\/div>\n\t\t\t\t<\/div>\n\t\t\t\t<div class=\"elementor-element elementor-element-d7f793b elementor-widget elementor-widget-heading\" data-id=\"d7f793b\" data-element_type=\"widget\" data-widget_type=\"heading.default\">\n\t\t\t\t<div class=\"elementor-widget-container\">\n\t\t\t\t\t<h2 class=\"elementor-heading-title elementor-size-default\">Tratamento da Calv\u00edcie (Alopecia Androgen\u00e9tica)\n<\/h2>\t\t\t\t<\/div>\n\t\t\t\t<\/div>\n\t\t\t\t<div class=\"elementor-element elementor-element-8231c95 elementor-widget elementor-widget-text-editor\" data-id=\"8231c95\" data-element_type=\"widget\" data-widget_type=\"text-editor.default\">\n\t\t\t\t<div class=\"elementor-widget-container\">\n\t\t\t\t\t\t\t\t\tA calv\u00edcie, ou alopecia androgen\u00e9tica, afeta homens e mulheres, impactando a autoestima. Felizmente, a medicina est\u00e9tica oferece diversas op\u00e7\u00f5es de tratamento para minimizar a queda capilar e promover o crescimento e aumento da densidade dos fios:\t\t\t\t\t\t\t\t<\/div>\n\t\t\t\t<\/div>\n\t\t\t\t<\/div>\n\t\t<div class=\"elementor-element elementor-element-3d8812d e-con-full e-flex e-con e-child\" data-id=\"3d8812d\" data-element_type=\"container\">\n\t\t\t\t<div class=\"elementor-element elementor-element-c220b8c elementor-widget elementor-widget-image\" data-id=\"c220b8c\" data-element_type=\"widget\" data-widget_type=\"image.default\">\n\t\t\t\t<div class=\"elementor-widget-container\">\n\t\t\t\t\t\t\t\t\t\t\t\t\t\t\t<img loading=\"lazy\" decoding=\"async\" width=\"800\" height=\"600\" src=\"https:\/\/dermcenter.com.br\/wp-content\/uploads\/2025\/04\/dermcenter-dermatologia-clinica-alopecia.jpg\" class=\"attachment-large size-large wp-image-1343\" alt=\"\" srcset=\"https:\/\/dermcenter.com.br\/wp-content\/uploads\/2025\/04\/dermcenter-dermatologia-clinica-alopecia.jpg 800w, https:\/\/dermcenter.com.br\/wp-content\/uploads\/2025\/04\/dermcenter-dermatologia-clinica-alopecia-300x225.jpg 300w, https:\/\/dermcenter.com.br\/wp-content\/uploads\/2025\/04\/dermcenter-dermatologia-clinica-alopecia-768x576.jpg 768w\" sizes=\"auto, (max-width: 800px) 100vw, 800px\" \/>\t\t\t\t\t\t\t\t\t\t\t\t\t\t\t<\/div>\n\t\t\t\t<\/div>\n\t\t\t\t<\/div>\n\t\t\t\t<\/div>\n\t\t<div class=\"elementor-element elementor-element-4dfcf4c e-con-full e-flex e-con e-child\" data-id=\"4dfcf4c\" data-element_type=\"container\">\n\t\t\t\t<div class=\"elementor-element elementor-element-4df3fcf elementor-widget elementor-widget-heading\" data-id=\"4df3fcf\" data-element_type=\"widget\" data-widget_type=\"heading.default\">\n\t\t\t\t<div class=\"elementor-widget-container\">\n\t\t\t\t\t<h2 class=\"elementor-heading-title elementor-size-default\">Tratamentos:\n<\/h2>\t\t\t\t<\/div>\n\t\t\t\t<\/div>\n\t\t\t\t<div class=\"elementor-element elementor-element-c4de8c7 elementor-widget elementor-widget-text-editor\" data-id=\"c4de8c7\" data-element_type=\"widget\" data-widget_type=\"text-editor.default\">\n\t\t\t\t<div class=\"elementor-widget-container\">\n\t\t\t\t\t\t\t\t\t<ul><li style=\"font-weight: 400;\" aria-level=\"1\"><h3><b>Laserterapia:<\/b><span style=\"font-weight: 400;\"> A luz de baixa intensidade estimula os fol\u00edculos capilares, aumentando a circula\u00e7\u00e3o e promovendo o crescimento.<\/span><\/h3><\/li><li style=\"font-weight: 400;\" aria-level=\"1\"><h3><b>IPCA:<\/b><span style=\"font-weight: 400;\"> Micro perfura\u00e7\u00f5es no couro cabeludo estimulam a produ\u00e7\u00e3o de col\u00e1geno e o crescimento capilar pela libera\u00e7\u00e3o de fatores de crescimento pelas plaquetas.<\/span><\/h3><\/li><li style=\"font-weight: 400;\" aria-level=\"1\"><h3><b>Exossomos\/Terapia Regenerativa: <\/b><span style=\"font-weight: 400;\">Os exossomos, pequenas ves\u00edculas liberadas pelas c\u00e9lulas, surgem como uma promissora alternativa no tratamento da calv\u00edcie. Ricas em fatores de crescimento, prote\u00ednas e RNA mensageiro, essas ves\u00edculas atuam diretamente nos fol\u00edculos capilares, estimulando a regenera\u00e7\u00e3o e o crescimento dos fios.<\/span><\/h3><\/li><\/ul>\t\t\t\t\t\t\t\t<\/div>\n\t\t\t\t<\/div>\n\t\t\t\t<div class=\"elementor-element elementor-element-41d1183 elementor-widget elementor-widget-heading\" data-id=\"41d1183\" data-element_type=\"widget\" data-widget_type=\"heading.default\">\n\t\t\t\t<div class=\"elementor-widget-container\">\n\t\t\t\t\t<h2 class=\"elementor-heading-title elementor-size-default\">Como funcionam:\n<\/h2>\t\t\t\t<\/div>\n\t\t\t\t<\/div>\n\t\t\t\t<div class=\"elementor-element elementor-element-af6c4bb elementor-widget elementor-widget-text-editor\" data-id=\"af6c4bb\" data-element_type=\"widget\" data-widget_type=\"text-editor.default\">\n\t\t\t\t<div class=\"elementor-widget-container\">\n\t\t\t\t\t\t\t\t\t<ul><li style=\"font-weight: 400;\" aria-level=\"1\"><span style=\"font-weight: 400;\">Tratamento minimamente invasivo<\/span><\/li><li style=\"font-weight: 400;\" aria-level=\"1\"><span style=\"font-weight: 400;\">Resultados naturais<\/span><\/li><li style=\"font-weight: 400;\" aria-level=\"1\"><span style=\"font-weight: 400;\">Baixo risco de efeitos colaterais<\/span><\/li><\/ul>\t\t\t\t\t\t\t\t<\/div>\n\t\t\t\t<\/div>\n\t\t\t\t<div class=\"elementor-element elementor-element-a5c8eee elementor-widget elementor-widget-heading\" data-id=\"a5c8eee\" data-element_type=\"widget\" data-widget_type=\"heading.default\">\n\t\t\t\t<div class=\"elementor-widget-container\">\n\t\t\t\t\t<h2 class=\"elementor-heading-title elementor-size-default\">Importante:\n<\/h2>\t\t\t\t<\/div>\n\t\t\t\t<\/div>\n\t\t\t\t<div class=\"elementor-element elementor-element-8b27aef elementor-widget elementor-widget-text-editor\" data-id=\"8b27aef\" data-element_type=\"widget\" data-widget_type=\"text-editor.default\">\n\t\t\t\t<div class=\"elementor-widget-container\">\n\t\t\t\t\t\t\t\t\t<p><span style=\"font-weight: 400;\">A pesquisa sobre exossomos para tratamento da calv\u00edcie ainda est\u00e1 em andamento, e mais estudos s\u00e3o necess\u00e1rios para confirmar sua efic\u00e1cia e seguran\u00e7a a longo prazo.<\/span><\/p>\t\t\t\t\t\t\t\t<\/div>\n\t\t\t\t<\/div>\n\t\t\t\t<\/div>\n\t\t\t\t\t<\/div>\n\t\t\t\t<\/div>\n\t\t\t\t<\/div>\n\t\t","protected":false},"excerpt":{"rendered":"<p>CAPILAR Tratamento da Calv\u00edcie (Alopecia Androgen\u00e9tica) A calv\u00edcie, ou alopecia androgen\u00e9tica, afeta homens e mulheres, impactando a autoestima. Felizmente, a medicina est\u00e9tica oferece diversas op\u00e7\u00f5es de tratamento para minimizar a queda capilar e promover o crescimento e aumento da densidade dos fios: Tratamentos: Laserterapia: A luz de baixa intensidade estimula os fol\u00edculos capilares, aumentando a [&hellip;]<\/p>\n","protected":false},"author":1,"featured_media":0,"parent":861,"menu_order":0,"comment_status":"closed","ping_status":"closed","template":"elementor_canvas","meta":{"footnotes":""},"class_list":["post-1664","page","type-page","status-publish","hentry"],"_links":{"self":[{"href":"https:\/\/dermcenter.com.br\/index.php?rest_route=\/wp\/v2\/pages\/1664","targetHints":{"allow":["GET"]}}],"collection":[{"href":"https:\/\/dermcenter.com.br\/index.php?rest_route=\/wp\/v2\/pages"}],"about":[{"href":"https:\/\/dermcenter.com.br\/index.php?rest_route=\/wp\/v2\/types\/page"}],"author":[{"embeddable":true,"href":"https:\/\/dermcenter.com.br\/index.php?rest_route=\/wp\/v2\/users\/1"}],"replies":[{"embeddable":true,"href":"https:\/\/dermcenter.com.br\/index.php?rest_route=%2Fwp%2Fv2%2Fcomments&post=1664"}],"version-history":[{"count":7,"href":"https:\/\/dermcenter.com.br\/index.php?rest_route=\/wp\/v2\/pages\/1664\/revisions"}],"predecessor-version":[{"id":2000,"href":"https:\/\/dermcenter.com.br\/index.php?rest_route=\/wp\/v2\/pages\/1664\/revisions\/2000"}],"up":[{"embeddable":true,"href":"https:\/\/dermcenter.com.br\/index.php?rest_route=\/wp\/v2\/pages\/861"}],"wp:attachment":[{"href":"https:\/\/dermcenter.com.br\/index.php?rest_route=%2Fwp%2Fv2%2Fmedia&parent=1664"}],"curies":[{"name":"wp","href":"https:\/\/api.w.org\/{rel}","templated":true}]}}