{"id":1592,"date":"2025-04-16T16:10:40","date_gmt":"2025-04-16T16:10:40","guid":{"rendered":"https:\/\/dermcenter.com.br\/?page_id=1592"},"modified":"2025-04-16T16:20:07","modified_gmt":"2025-04-16T16:20:07","slug":"radiofrequencia","status":"publish","type":"page","link":"https:\/\/dermcenter.com.br\/?page_id=1592","title":{"rendered":"Radiofrequ\u00eancia"},"content":{"rendered":"\t\t<div data-elementor-type=\"wp-page\" data-elementor-id=\"1592\" class=\"elementor elementor-1592\" data-elementor-post-type=\"page\">\n\t\t\t\t<div class=\"elementor-element elementor-element-b48d2fe e-flex e-con-boxed e-con e-parent\" data-id=\"b48d2fe\" data-element_type=\"container\">\n\t\t\t\t\t<div class=\"e-con-inner\">\n\t\t<div class=\"elementor-element elementor-element-472dc4e e-con-full e-grid e-con e-child\" data-id=\"472dc4e\" data-element_type=\"container\">\n\t\t<div class=\"elementor-element elementor-element-20f9a06 e-con-full e-flex e-con e-child\" data-id=\"20f9a06\" data-element_type=\"container\">\n\t\t\t\t<div class=\"elementor-element elementor-element-a7581d0 elementor-widget elementor-widget-heading\" data-id=\"a7581d0\" data-element_type=\"widget\" data-widget_type=\"heading.default\">\n\t\t\t\t<div class=\"elementor-widget-container\">\n\t\t\t\t\t<h1 class=\"elementor-heading-title elementor-size-default\">Radiofrequ\u00eancia<\/h1>\t\t\t\t<\/div>\n\t\t\t\t<\/div>\n\t\t\t\t<div class=\"elementor-element elementor-element-2f28ed9 elementor-widget-divider--view-line_icon elementor-widget-divider--element-align-right elementor-view-default elementor-widget elementor-widget-divider\" data-id=\"2f28ed9\" data-element_type=\"widget\" data-widget_type=\"divider.default\">\n\t\t\t\t<div class=\"elementor-widget-container\">\n\t\t\t\t\t\t\t<div class=\"elementor-divider\">\n\t\t\t<span class=\"elementor-divider-separator\">\n\t\t\t\t\t\t\t<div class=\"elementor-icon elementor-divider__element\">\n\t\t\t\t\t<svg xmlns=\"http:\/\/www.w3.org\/2000\/svg\" id=\"Camada_2\" data-name=\"Camada 2\" viewBox=\"0 0 196.05 366.17\"><defs><style>      .cls-1 {        fill: #a1b099;        fill-rule: evenodd;        stroke-width: 0px;      }    <\/style><\/defs><g id=\"Camada_1-2\" data-name=\"Camada 1\"><path class=\"cls-1\" d=\"M80.49,61.44C45.96,53.53,20.02,33.6.87,4.16-.04,1.67-1.25-.97,3.15.35c30.52,21.59,58.05,40.78,64.59,43.19,12.64,5.83,20.43,5.75,24.57,1.21,2.28-3.28,2.23-7.47-.15-12.58-2.61-4.45-3.11-9.19-3.19-14.11,1.04-8.13,1.19-13.69,4.55-15.78,2.62-1.82,4.85-1.92,9.4-.3,12.6,3.18,21.17,11.14,24.87,24.87l.3,9.1-7.58,17.29,1.21,6.07,64.61,23.66,6.98-.91,2.73,3.03-4.85,6.07-5.76.3-54.29-13.35c-4.55-.51-4.4,1.97-4.55,3.64,33.53,82.27,4.84,131.34-5.16,178.96l-3.34,49.14-3.94,2.12-5.16-3.64-1.21-5.46,10.92-126.48-3.34-1.21-14.26,98.88c-4.11,51.37-11.91,83.95-31.24,91.3-4.68,1.94-7.13.21-5.76-3.34l20.02-72.19,8.19-31.85c3.34-30.67,3.74-62.45.61-95.54-3.41-32.31-3.16-63.53,1.52-93.42-1.92-2.98-7.18-5.41-13.95-7.58Z\"><\/path><\/g><\/svg><\/div>\n\t\t\t\t\t\t<\/span>\n\t\t<\/div>\n\t\t\t\t\t\t<\/div>\n\t\t\t\t<\/div>\n\t\t\t\t<div class=\"elementor-element elementor-element-88f1048 elementor-widget elementor-widget-text-editor\" data-id=\"88f1048\" data-element_type=\"widget\" data-widget_type=\"text-editor.default\">\n\t\t\t\t<div class=\"elementor-widget-container\">\n\t\t\t\t\t\t\t\t\t<p><span style=\"font-weight: 400;\">A radiofrequ\u00eancia \u00e9 um procedimento est\u00e9tico n\u00e3o invasivo que utiliza ondas eletromagn\u00e9ticas para aquecer as camadas mais profundas da pele,<\/span><span style=\"font-weight: 400;\">\u00a0 <\/span><span style=\"font-weight: 400;\">estimulando a produ\u00e7\u00e3o de col\u00e1geno e elastina.<\/span><span style=\"font-weight: 400;\">\u00a0 <\/span><span style=\"font-weight: 400;\">Essa tecnologia \u00e9 vers\u00e1til e pode ser utilizada tanto no rosto quanto no corpo, proporcionando diversos benef\u00edcios.\u00a0<\/span><\/p>\t\t\t\t\t\t\t\t<\/div>\n\t\t\t\t<\/div>\n\t\t\t\t<\/div>\n\t\t<div class=\"elementor-element elementor-element-3d8812d e-con-full e-flex e-con e-child\" data-id=\"3d8812d\" data-element_type=\"container\">\n\t\t\t\t<div class=\"elementor-element elementor-element-c220b8c elementor-widget elementor-widget-image\" data-id=\"c220b8c\" data-element_type=\"widget\" data-widget_type=\"image.default\">\n\t\t\t\t<div class=\"elementor-widget-container\">\n\t\t\t\t\t\t\t\t\t\t\t\t\t\t\t<img loading=\"lazy\" decoding=\"async\" width=\"800\" height=\"600\" src=\"https:\/\/dermcenter.com.br\/wp-content\/uploads\/2025\/04\/dermcenter-dermatologia-estetica-tratamentos-faciais-radiofrequencia.jpg\" class=\"attachment-large size-large wp-image-1594\" alt=\"\" srcset=\"https:\/\/dermcenter.com.br\/wp-content\/uploads\/2025\/04\/dermcenter-dermatologia-estetica-tratamentos-faciais-radiofrequencia.jpg 800w, https:\/\/dermcenter.com.br\/wp-content\/uploads\/2025\/04\/dermcenter-dermatologia-estetica-tratamentos-faciais-radiofrequencia-300x225.jpg 300w, https:\/\/dermcenter.com.br\/wp-content\/uploads\/2025\/04\/dermcenter-dermatologia-estetica-tratamentos-faciais-radiofrequencia-768x576.jpg 768w\" sizes=\"auto, (max-width: 800px) 100vw, 800px\" \/>\t\t\t\t\t\t\t\t\t\t\t\t\t\t\t<\/div>\n\t\t\t\t<\/div>\n\t\t\t\t<\/div>\n\t\t\t\t<\/div>\n\t\t<div class=\"elementor-element elementor-element-0a9db05 e-con-full e-flex e-con e-child\" data-id=\"0a9db05\" data-element_type=\"container\">\n\t\t\t\t<div class=\"elementor-element elementor-element-cc482f7 elementor-widget elementor-widget-heading\" data-id=\"cc482f7\" data-element_type=\"widget\" data-widget_type=\"heading.default\">\n\t\t\t\t<div class=\"elementor-widget-container\">\n\t\t\t\t\t<h1 class=\"elementor-heading-title elementor-size-default\">Como funciona:\n<\/h1>\t\t\t\t<\/div>\n\t\t\t\t<\/div>\n\t\t\t\t<div class=\"elementor-element elementor-element-54ab335 elementor-widget elementor-widget-text-editor\" data-id=\"54ab335\" data-element_type=\"widget\" data-widget_type=\"text-editor.default\">\n\t\t\t\t<div class=\"elementor-widget-container\">\n\t\t\t\t\t\t\t\t\t<ul><li style=\"font-weight: 400;\" aria-level=\"1\"><span style=\"font-weight: 400;\">Rejuvenescimento facial: Redu\u00e7\u00e3o de rugas e linhas de express\u00e3o, melhora da firmeza e elasticidade da pele.<\/span><\/li><li style=\"font-weight: 400;\" aria-level=\"1\"><span style=\"font-weight: 400;\">Tratamento da flacidez corporal: Melhora da firmeza da pele em \u00e1reas como abd\u00f4men, coxas, bra\u00e7os e gl\u00fateos.<\/span><\/li><li style=\"font-weight: 400;\" aria-level=\"1\"><span style=\"font-weight: 400;\">Redu\u00e7\u00e3o de celulite: Melhora da textura da pele e redu\u00e7\u00e3o do aspecto &#8220;casca de laranja&#8221;.<\/span><\/li><li style=\"font-weight: 400;\" aria-level=\"1\"><span style=\"font-weight: 400;\">Tratamento de gordura localizada: Auxilia na quebra de c\u00e9lulas de gordura, reduzindo medidas, geralmente associado aos emptiers (esvaziadores enzim\u00e1ticos).<\/span><\/li><li style=\"font-weight: 400;\" aria-level=\"1\"><span style=\"font-weight: 400;\">Tratamento de cicatrizes: Melhora da apar\u00eancia de cicatrizes de acne e outras les\u00f5es.<\/span><\/li><\/ul>\t\t\t\t\t\t\t\t<\/div>\n\t\t\t\t<\/div>\n\t\t\t\t<div class=\"elementor-element elementor-element-e4386ce elementor-widget elementor-widget-heading\" data-id=\"e4386ce\" data-element_type=\"widget\" data-widget_type=\"heading.default\">\n\t\t\t\t<div class=\"elementor-widget-container\">\n\t\t\t\t\t<h1 class=\"elementor-heading-title elementor-size-default\">Vantagens:\n<\/h1>\t\t\t\t<\/div>\n\t\t\t\t<\/div>\n\t\t\t\t<div class=\"elementor-element elementor-element-6e4e832 elementor-widget elementor-widget-text-editor\" data-id=\"6e4e832\" data-element_type=\"widget\" data-widget_type=\"text-editor.default\">\n\t\t\t\t<div class=\"elementor-widget-container\">\n\t\t\t\t\t\t\t\t\t<ul><li style=\"font-weight: 400;\" aria-level=\"1\"><span style=\"font-weight: 400;\">Procedimento n\u00e3o invasivo<\/span><\/li><li style=\"font-weight: 400;\" aria-level=\"1\"><span style=\"font-weight: 400;\">Resultados naturais e progressivos<\/span><\/li><li style=\"font-weight: 400;\" aria-level=\"1\"><span style=\"font-weight: 400;\">Recupera\u00e7\u00e3o r\u00e1pida<\/span><\/li><li style=\"font-weight: 400;\" aria-level=\"1\"><span style=\"font-weight: 400;\">Pode ser realizado em todos os tipos de pele<\/span><\/li><li style=\"font-weight: 400;\" aria-level=\"1\"><span style=\"font-weight: 400;\">Pouco ou nenhum desconforto durante o procedimento<\/span><\/li><\/ul>\t\t\t\t\t\t\t\t<\/div>\n\t\t\t\t<\/div>\n\t\t\t\t<div class=\"elementor-element elementor-element-013a15f elementor-widget elementor-widget-heading\" data-id=\"013a15f\" data-element_type=\"widget\" data-widget_type=\"heading.default\">\n\t\t\t\t<div class=\"elementor-widget-container\">\n\t\t\t\t\t<h1 class=\"elementor-heading-title elementor-size-default\">Cuidados p\u00f3s-procedimento:\n<\/h1>\t\t\t\t<\/div>\n\t\t\t\t<\/div>\n\t\t\t\t<div class=\"elementor-element elementor-element-65456ad elementor-widget elementor-widget-text-editor\" data-id=\"65456ad\" data-element_type=\"widget\" data-widget_type=\"text-editor.default\">\n\t\t\t\t<div class=\"elementor-widget-container\">\n\t\t\t\t\t\t\t\t\t<ul><li style=\"font-weight: 400;\" aria-level=\"1\"><span style=\"font-weight: 400;\">Procedimento n\u00e3o invasivo<\/span><\/li><li style=\"font-weight: 400;\" aria-level=\"1\"><span style=\"font-weight: 400;\">Resultados naturais e progressivos<\/span><\/li><li style=\"font-weight: 400;\" aria-level=\"1\"><span style=\"font-weight: 400;\">Recupera\u00e7\u00e3o r\u00e1pida<\/span><\/li><li style=\"font-weight: 400;\" aria-level=\"1\"><span style=\"font-weight: 400;\">Pode ser realizado em todos os tipos de pele<\/span><\/li><li style=\"font-weight: 400;\" aria-level=\"1\"><span style=\"font-weight: 400;\">Pouco ou nenhum desconforto durante o procedimento<\/span><\/li><\/ul>\t\t\t\t\t\t\t\t<\/div>\n\t\t\t\t<\/div>\n\t\t\t\t<div class=\"elementor-element elementor-element-eadc6e8 elementor-widget elementor-widget-heading\" data-id=\"eadc6e8\" data-element_type=\"widget\" data-widget_type=\"heading.default\">\n\t\t\t\t<div class=\"elementor-widget-container\">\n\t\t\t\t\t<h1 class=\"elementor-heading-title elementor-size-default\">Cuidados p\u00f3s-procedimento:\n<\/h1>\t\t\t\t<\/div>\n\t\t\t\t<\/div>\n\t\t\t\t<div class=\"elementor-element elementor-element-794e199 elementor-widget elementor-widget-text-editor\" data-id=\"794e199\" data-element_type=\"widget\" data-widget_type=\"text-editor.default\">\n\t\t\t\t<div class=\"elementor-widget-container\">\n\t\t\t\t\t\t\t\t\t<ul><li style=\"font-weight: 400;\" aria-level=\"1\"><span style=\"font-weight: 400;\">Evitar exposi\u00e7\u00e3o solar e usar protetor solar<\/span><\/li><li style=\"font-weight: 400;\" aria-level=\"1\"><span style=\"font-weight: 400;\">Manter a pele hidratada<\/span><\/li><li style=\"font-weight: 400;\" aria-level=\"1\"><span style=\"font-weight: 400;\">Evitar o uso de produtos irritantes na pele<\/span><\/li><li style=\"font-weight: 400;\" aria-level=\"1\"><span style=\"font-weight: 400;\">Seguir as orienta\u00e7\u00f5es do profissional<\/span><\/li><\/ul>\t\t\t\t\t\t\t\t<\/div>\n\t\t\t\t<\/div>\n\t\t\t\t<\/div>\n\t\t\t\t\t<\/div>\n\t\t\t\t<\/div>\n\t\t\t\t<\/div>\n\t\t","protected":false},"excerpt":{"rendered":"<p>Radiofrequ\u00eancia A radiofrequ\u00eancia \u00e9 um procedimento est\u00e9tico n\u00e3o invasivo que utiliza ondas eletromagn\u00e9ticas para aquecer as camadas mais profundas da pele,\u00a0 estimulando a produ\u00e7\u00e3o de col\u00e1geno e elastina.\u00a0 Essa tecnologia \u00e9 vers\u00e1til e pode ser utilizada tanto no rosto quanto no corpo, proporcionando diversos benef\u00edcios.\u00a0 Como funciona: Rejuvenescimento facial: Redu\u00e7\u00e3o de rugas e linhas de [&hellip;]<\/p>\n","protected":false},"author":1,"featured_media":0,"parent":1461,"menu_order":0,"comment_status":"closed","ping_status":"closed","template":"elementor_canvas","meta":{"footnotes":""},"class_list":["post-1592","page","type-page","status-publish","hentry"],"_links":{"self":[{"href":"https:\/\/dermcenter.com.br\/index.php?rest_route=\/wp\/v2\/pages\/1592","targetHints":{"allow":["GET"]}}],"collection":[{"href":"https:\/\/dermcenter.com.br\/index.php?rest_route=\/wp\/v2\/pages"}],"about":[{"href":"https:\/\/dermcenter.com.br\/index.php?rest_route=\/wp\/v2\/types\/page"}],"author":[{"embeddable":true,"href":"https:\/\/dermcenter.com.br\/index.php?rest_route=\/wp\/v2\/users\/1"}],"replies":[{"embeddable":true,"href":"https:\/\/dermcenter.com.br\/index.php?rest_route=%2Fwp%2Fv2%2Fcomments&post=1592"}],"version-history":[{"count":4,"href":"https:\/\/dermcenter.com.br\/index.php?rest_route=\/wp\/v2\/pages\/1592\/revisions"}],"predecessor-version":[{"id":1597,"href":"https:\/\/dermcenter.com.br\/index.php?rest_route=\/wp\/v2\/pages\/1592\/revisions\/1597"}],"up":[{"embeddable":true,"href":"https:\/\/dermcenter.com.br\/index.php?rest_route=\/wp\/v2\/pages\/1461"}],"wp:attachment":[{"href":"https:\/\/dermcenter.com.br\/index.php?rest_route=%2Fwp%2Fv2%2Fmedia&parent=1592"}],"curies":[{"name":"wp","href":"https:\/\/api.w.org\/{rel}","templated":true}]}}