{"id":1246,"date":"2025-04-11T15:27:02","date_gmt":"2025-04-11T15:27:02","guid":{"rendered":"https:\/\/dermcenter.com.br\/?page_id=1246"},"modified":"2025-04-14T14:02:00","modified_gmt":"2025-04-14T14:02:00","slug":"psoriase","status":"publish","type":"page","link":"https:\/\/dermcenter.com.br\/?page_id=1246","title":{"rendered":"Psor\u00edase"},"content":{"rendered":"\t\t<div data-elementor-type=\"wp-page\" data-elementor-id=\"1246\" class=\"elementor elementor-1246\" data-elementor-post-type=\"page\">\n\t\t\t\t<div class=\"elementor-element elementor-element-b48d2fe e-flex e-con-boxed e-con e-parent\" data-id=\"b48d2fe\" data-element_type=\"container\">\n\t\t\t\t\t<div class=\"e-con-inner\">\n\t\t<div class=\"elementor-element elementor-element-472dc4e e-con-full e-grid e-con e-child\" data-id=\"472dc4e\" data-element_type=\"container\">\n\t\t<div class=\"elementor-element elementor-element-20f9a06 e-con-full e-flex e-con e-child\" data-id=\"20f9a06\" data-element_type=\"container\">\n\t\t\t\t<div class=\"elementor-element elementor-element-a7581d0 elementor-widget elementor-widget-heading\" data-id=\"a7581d0\" data-element_type=\"widget\" data-widget_type=\"heading.default\">\n\t\t\t\t<div class=\"elementor-widget-container\">\n\t\t\t\t\t<h1 class=\"elementor-heading-title elementor-size-default\">Psor\u00edase<\/h1>\t\t\t\t<\/div>\n\t\t\t\t<\/div>\n\t\t\t\t<div class=\"elementor-element elementor-element-2f28ed9 elementor-widget-divider--view-line_icon elementor-widget-divider--element-align-right elementor-view-default elementor-widget elementor-widget-divider\" data-id=\"2f28ed9\" data-element_type=\"widget\" data-widget_type=\"divider.default\">\n\t\t\t\t<div class=\"elementor-widget-container\">\n\t\t\t\t\t\t\t<div class=\"elementor-divider\">\n\t\t\t<span class=\"elementor-divider-separator\">\n\t\t\t\t\t\t\t<div class=\"elementor-icon elementor-divider__element\">\n\t\t\t\t\t<svg xmlns=\"http:\/\/www.w3.org\/2000\/svg\" id=\"Camada_2\" data-name=\"Camada 2\" viewBox=\"0 0 196.05 366.17\"><defs><style>      .cls-1 {        fill: #a1b099;        fill-rule: evenodd;        stroke-width: 0px;      }    <\/style><\/defs><g id=\"Camada_1-2\" data-name=\"Camada 1\"><path class=\"cls-1\" d=\"M80.49,61.44C45.96,53.53,20.02,33.6.87,4.16-.04,1.67-1.25-.97,3.15.35c30.52,21.59,58.05,40.78,64.59,43.19,12.64,5.83,20.43,5.75,24.57,1.21,2.28-3.28,2.23-7.47-.15-12.58-2.61-4.45-3.11-9.19-3.19-14.11,1.04-8.13,1.19-13.69,4.55-15.78,2.62-1.82,4.85-1.92,9.4-.3,12.6,3.18,21.17,11.14,24.87,24.87l.3,9.1-7.58,17.29,1.21,6.07,64.61,23.66,6.98-.91,2.73,3.03-4.85,6.07-5.76.3-54.29-13.35c-4.55-.51-4.4,1.97-4.55,3.64,33.53,82.27,4.84,131.34-5.16,178.96l-3.34,49.14-3.94,2.12-5.16-3.64-1.21-5.46,10.92-126.48-3.34-1.21-14.26,98.88c-4.11,51.37-11.91,83.95-31.24,91.3-4.68,1.94-7.13.21-5.76-3.34l20.02-72.19,8.19-31.85c3.34-30.67,3.74-62.45.61-95.54-3.41-32.31-3.16-63.53,1.52-93.42-1.92-2.98-7.18-5.41-13.95-7.58Z\"><\/path><\/g><\/svg><\/div>\n\t\t\t\t\t\t<\/span>\n\t\t<\/div>\n\t\t\t\t\t\t<\/div>\n\t\t\t\t<\/div>\n\t\t\t\t<div class=\"elementor-element elementor-element-88f1048 elementor-widget elementor-widget-text-editor\" data-id=\"88f1048\" data-element_type=\"widget\" data-widget_type=\"text-editor.default\">\n\t\t\t\t<div class=\"elementor-widget-container\">\n\t\t\t\t\t\t\t\t\t<p><span style=\"font-weight: 400;\">A psor\u00edase \u00e9 uma doen\u00e7a cr\u00f4nica de pele, n\u00e3o contagiosa, com uma preval\u00eancia relativamente alta. Embora esteja comprovado que h\u00e1 uma liga\u00e7\u00e3o com o sistema imunol\u00f3gico, a causa exata da psor\u00edase ainda \u00e9 desconhecida.<\/span><\/p><p><span style=\"font-weight: 400;\">Essa condi\u00e7\u00e3o requer acompanhamento m\u00e9dico ao longo da vida, pois apresenta ciclos de piora e melhora dos sintomas.<\/span><\/p><p><span style=\"font-weight: 400;\">H\u00e1 diversas op\u00e7\u00f5es de tratamento dispon\u00edveis, que devem ser escolhidas e acompanhadas por um m\u00e9dico especialista. A psor\u00edase pode estar associada a artrite psori\u00e1tica, doen\u00e7as cardiometab\u00f3licas e gastrointestinais.<\/span><\/p>\t\t\t\t\t\t\t\t<\/div>\n\t\t\t\t<\/div>\n\t\t\t\t<\/div>\n\t\t<div class=\"elementor-element elementor-element-3d8812d e-con-full e-flex e-con e-child\" data-id=\"3d8812d\" data-element_type=\"container\">\n\t\t\t\t<div class=\"elementor-element elementor-element-c220b8c elementor-widget elementor-widget-image\" data-id=\"c220b8c\" data-element_type=\"widget\" data-widget_type=\"image.default\">\n\t\t\t\t<div class=\"elementor-widget-container\">\n\t\t\t\t\t\t\t\t\t\t\t\t\t\t\t<img loading=\"lazy\" decoding=\"async\" width=\"800\" height=\"600\" src=\"https:\/\/dermcenter.com.br\/wp-content\/uploads\/2025\/04\/dermcenter-dermatologia-clinica-psoriase.jpg\" class=\"attachment-large size-large wp-image-1170\" alt=\"\" srcset=\"https:\/\/dermcenter.com.br\/wp-content\/uploads\/2025\/04\/dermcenter-dermatologia-clinica-psoriase.jpg 800w, https:\/\/dermcenter.com.br\/wp-content\/uploads\/2025\/04\/dermcenter-dermatologia-clinica-psoriase-300x225.jpg 300w, https:\/\/dermcenter.com.br\/wp-content\/uploads\/2025\/04\/dermcenter-dermatologia-clinica-psoriase-768x576.jpg 768w\" sizes=\"auto, (max-width: 800px) 100vw, 800px\" \/>\t\t\t\t\t\t\t\t\t\t\t\t\t\t\t<\/div>\n\t\t\t\t<\/div>\n\t\t\t\t<\/div>\n\t\t\t\t<\/div>\n\t\t<div class=\"elementor-element elementor-element-4dfcf4c e-con-full e-flex e-con e-child\" data-id=\"4dfcf4c\" data-element_type=\"container\">\n\t\t\t\t<div class=\"elementor-element elementor-element-d7f793b elementor-widget elementor-widget-heading\" data-id=\"d7f793b\" data-element_type=\"widget\" data-widget_type=\"heading.default\">\n\t\t\t\t<div class=\"elementor-widget-container\">\n\t\t\t\t\t<h2 class=\"elementor-heading-title elementor-size-default\">O que \u00e9 psor\u00edase?\n<\/h2>\t\t\t\t<\/div>\n\t\t\t\t<\/div>\n\t\t\t\t<div class=\"elementor-element elementor-element-8231c95 elementor-widget elementor-widget-text-editor\" data-id=\"8231c95\" data-element_type=\"widget\" data-widget_type=\"text-editor.default\">\n\t\t\t\t<div class=\"elementor-widget-container\">\n\t\t\t\t\t\t\t\t\t<p><span style=\"font-weight: 400;\">A psor\u00edase \u00e9 uma doen\u00e7a autoimune cr\u00f4nica caracterizada pelo surgimento de manchas avermelhadas e escamosas na pele.<\/span><\/p><p><span style=\"font-weight: 400;\">Acredita-se que o problema se desenvolva devido \u00e0 produ\u00e7\u00e3o de subst\u00e2ncias inflamat\u00f3rias pelo sistema de defesa do corpo contra o pr\u00f3prio organismo. Esse processo inflamat\u00f3rio provoca dilata\u00e7\u00e3o dos vasos sangu\u00edneos da pele e infiltra\u00e7\u00e3o de neutr\u00f3filos, que atacam as c\u00e9lulas da pele.<\/span><\/p><p><span style=\"font-weight: 400;\">Como resultado dessas altera\u00e7\u00f5es, h\u00e1 um est\u00edmulo \u00e0 produ\u00e7\u00e3o de novas c\u00e9lulas, acelerando o ciclo evolutivo e causando descama\u00e7\u00e3o devido \u00e0 imaturidade celular.<\/span><\/p>\t\t\t\t\t\t\t\t<\/div>\n\t\t\t\t<\/div>\n\t\t\t\t<div class=\"elementor-element elementor-element-4df3fcf elementor-widget elementor-widget-heading\" data-id=\"4df3fcf\" data-element_type=\"widget\" data-widget_type=\"heading.default\">\n\t\t\t\t<div class=\"elementor-widget-container\">\n\t\t\t\t\t<h2 class=\"elementor-heading-title elementor-size-default\">Causas<\/h2>\t\t\t\t<\/div>\n\t\t\t\t<\/div>\n\t\t\t\t<div class=\"elementor-element elementor-element-254bf39 elementor-widget elementor-widget-text-editor\" data-id=\"254bf39\" data-element_type=\"widget\" data-widget_type=\"text-editor.default\">\n\t\t\t\t<div class=\"elementor-widget-container\">\n\t\t\t\t\t\t\t\t\t<p><span style=\"font-weight: 400;\">Pouco se sabe sobre a causa da psor\u00edase al\u00e9m da influ\u00eancia do sistema imunol\u00f3gico. O quadro est\u00e1 relacionado a um excesso\u00a0 de mediadores inflamat\u00f3rios[interleucinas] liberados linf\u00f3citos T, e possui um forte componente gen\u00e9tico.<\/span><\/p><p><span style=\"font-weight: 400;\">Fatores emocionais, como estresse e depress\u00e3o, que aparecem em mais de 80% dos casos, tamb\u00e9m podem agravar os sintomas.<\/span><\/p><p><span style=\"font-weight: 400;\">As mudan\u00e7as clim\u00e1ticas s\u00e3o relevantes, sendo que o clima seco e frio tende a favorecer o aparecimento precoce da doen\u00e7a.<\/span><\/p>\t\t\t\t\t\t\t\t<\/div>\n\t\t\t\t<\/div>\n\t\t\t\t<div class=\"elementor-element elementor-element-41d1183 elementor-widget elementor-widget-heading\" data-id=\"41d1183\" data-element_type=\"widget\" data-widget_type=\"heading.default\">\n\t\t\t\t<div class=\"elementor-widget-container\">\n\t\t\t\t\t<h2 class=\"elementor-heading-title elementor-size-default\">Sintomas<\/h2>\t\t\t\t<\/div>\n\t\t\t\t<\/div>\n\t\t\t\t<div class=\"elementor-element elementor-element-af6c4bb elementor-widget elementor-widget-text-editor\" data-id=\"af6c4bb\" data-element_type=\"widget\" data-widget_type=\"text-editor.default\">\n\t\t\t\t<div class=\"elementor-widget-container\">\n\t\t\t\t\t\t\t\t\t<p><span style=\"font-weight: 400;\">Os sintomas da psor\u00edase variam bastante entre os pacientes. Em geral, incluem:<\/span><\/p><ul><li style=\"font-weight: 400;\" aria-level=\"1\"><span style=\"font-weight: 400;\">Manchas vermelhas com escamas secas e esbranqui\u00e7adas<\/span><\/li><li style=\"font-weight: 400;\" aria-level=\"1\"><span style=\"font-weight: 400;\">Pele ressecada e rachada<\/span><\/li><li style=\"font-weight: 400;\" aria-level=\"1\"><span style=\"font-weight: 400;\">Coceira<\/span><\/li><li style=\"font-weight: 400;\" aria-level=\"1\"><span style=\"font-weight: 400;\">Queima\u00e7\u00e3o<\/span><\/li><li style=\"font-weight: 400;\" aria-level=\"1\"><span style=\"font-weight: 400;\">Unhas grossas e descoladas<\/span><\/li><li style=\"font-weight: 400;\" aria-level=\"1\"><span style=\"font-weight: 400;\">Incha\u00e7o e rigidez nas articula\u00e7\u00f5es<\/span><\/li><\/ul>\t\t\t\t\t\t\t\t<\/div>\n\t\t\t\t<\/div>\n\t\t\t\t<div class=\"elementor-element elementor-element-a5c8eee elementor-widget elementor-widget-heading\" data-id=\"a5c8eee\" data-element_type=\"widget\" data-widget_type=\"heading.default\">\n\t\t\t\t<div class=\"elementor-widget-container\">\n\t\t\t\t\t<h2 class=\"elementor-heading-title elementor-size-default\">Tratamento para psor\u00edase\n<\/h2>\t\t\t\t<\/div>\n\t\t\t\t<\/div>\n\t\t\t\t<div class=\"elementor-element elementor-element-8b27aef elementor-widget elementor-widget-text-editor\" data-id=\"8b27aef\" data-element_type=\"widget\" data-widget_type=\"text-editor.default\">\n\t\t\t\t<div class=\"elementor-widget-container\">\n\t\t\t\t\t\t\t\t\t<p><span style=\"font-weight: 400;\">Na maioria dos casos, utiliza-se terapia medicamentosa, que \u00e9 bastante eficaz. O uso de medicamentos t\u00f3picos e orais \u00e9 comum.<\/span><\/p><p><span style=\"font-weight: 400;\">Para casos mais graves,n\u00e3o responsivos aos tratamentos convencionais, s\u00e3o usados medicamentos imunobiol\u00f3gicos,muito eficazes . s\u00e3o de alto custo , porem os planos de sa\u00fade e SUS subsidiam boa parte deste custo,<\/span><\/p><p><span style=\"font-weight: 400;\">O tratamento deve ser direcionado por um m\u00e9dico, que levar\u00e1 em conta a gravidade e a extens\u00e3o dos sintomas.<\/span><\/p><p><span style=\"font-weight: 400;\">As alternativas terap\u00eauticas incluem:<\/span><\/p><ul><li style=\"font-weight: 400;\" aria-level=\"1\"><span style=\"font-weight: 400;\">Medicamentos t\u00f3picos: corticoster\u00f3ides, calcipotriol, tacrolimo, tazaroteno e antralina<\/span><\/li><li style=\"font-weight: 400;\" aria-level=\"1\"><span style=\"font-weight: 400;\">Fototerapia<\/span><\/li><li style=\"font-weight: 400;\" aria-level=\"1\"><span style=\"font-weight: 400;\">Imunossupressores: ciclosporina, micofenolato e metotrexato<\/span><\/li><li style=\"font-weight: 400;\" aria-level=\"1\"><span style=\"font-weight: 400;\">Acitretina<\/span><\/li><li style=\"font-weight: 400;\" aria-level=\"1\"><span style=\"font-weight: 400;\">Agentes biol\u00f3gicos<\/span><\/li><\/ul>\t\t\t\t\t\t\t\t<\/div>\n\t\t\t\t<\/div>\n\t\t\t\t<div class=\"elementor-element elementor-element-af5e3e9 elementor-widget elementor-widget-heading\" data-id=\"af5e3e9\" data-element_type=\"widget\" data-widget_type=\"heading.default\">\n\t\t\t\t<div class=\"elementor-widget-container\">\n\t\t\t\t\t<h2 class=\"elementor-heading-title elementor-size-default\">Como prevenir\n<\/h2>\t\t\t\t<\/div>\n\t\t\t\t<\/div>\n\t\t\t\t<div class=\"elementor-element elementor-element-7ee3961 elementor-widget elementor-widget-text-editor\" data-id=\"7ee3961\" data-element_type=\"widget\" data-widget_type=\"text-editor.default\">\n\t\t\t\t<div class=\"elementor-widget-container\">\n\t\t\t\t\t\t\t\t\t<p><span style=\"font-weight: 400;\">Adotar um estilo de vida saud\u00e1vel \u00e9 o primeiro passo para prevenir e melhorar a psor\u00edase. Al\u00e9m de uma alimenta\u00e7\u00e3o equilibrada, pr\u00e1tica regular de exerc\u00edcios f\u00edsicos e abandono do tabagismo, os seguintes fatores contribuem para a preven\u00e7\u00e3o:<\/span><\/p><ul><li style=\"font-weight: 400;\" aria-level=\"1\"><span style=\"font-weight: 400;\">Use hidratantes diariamente<\/span><\/li><li style=\"font-weight: 400;\" aria-level=\"1\"><span style=\"font-weight: 400;\">Evite estresse e ansiedade<\/span><\/li><li style=\"font-weight: 400;\" aria-level=\"1\"><span style=\"font-weight: 400;\">Limite a exposi\u00e7\u00e3o excessiva ao sol<\/span><\/li><li style=\"font-weight: 400;\" aria-level=\"1\"><span style=\"font-weight: 400;\">Controle doen\u00e7as associadas a s\u00edndromes metab\u00f3licas<\/span><\/li><li style=\"font-weight: 400;\" aria-level=\"1\"><span style=\"font-weight: 400;\">Prefira banhos r\u00e1pidos e mornos<\/span><\/li><\/ul>\t\t\t\t\t\t\t\t<\/div>\n\t\t\t\t<\/div>\n\t\t\t\t<\/div>\n\t\t\t\t\t<\/div>\n\t\t\t\t<\/div>\n\t\t\t\t<\/div>\n\t\t","protected":false},"excerpt":{"rendered":"<p>Psor\u00edase A psor\u00edase \u00e9 uma doen\u00e7a cr\u00f4nica de pele, n\u00e3o contagiosa, com uma preval\u00eancia relativamente alta. Embora esteja comprovado que h\u00e1 uma liga\u00e7\u00e3o com o sistema imunol\u00f3gico, a causa exata da psor\u00edase ainda \u00e9 desconhecida. Essa condi\u00e7\u00e3o requer acompanhamento m\u00e9dico ao longo da vida, pois apresenta ciclos de piora e melhora dos sintomas. H\u00e1 diversas [&hellip;]<\/p>\n","protected":false},"author":1,"featured_media":0,"parent":1159,"menu_order":0,"comment_status":"closed","ping_status":"closed","template":"elementor_canvas","meta":{"footnotes":""},"class_list":["post-1246","page","type-page","status-publish","hentry"],"_links":{"self":[{"href":"https:\/\/dermcenter.com.br\/index.php?rest_route=\/wp\/v2\/pages\/1246","targetHints":{"allow":["GET"]}}],"collection":[{"href":"https:\/\/dermcenter.com.br\/index.php?rest_route=\/wp\/v2\/pages"}],"about":[{"href":"https:\/\/dermcenter.com.br\/index.php?rest_route=\/wp\/v2\/types\/page"}],"author":[{"embeddable":true,"href":"https:\/\/dermcenter.com.br\/index.php?rest_route=\/wp\/v2\/users\/1"}],"replies":[{"embeddable":true,"href":"https:\/\/dermcenter.com.br\/index.php?rest_route=%2Fwp%2Fv2%2Fcomments&post=1246"}],"version-history":[{"count":4,"href":"https:\/\/dermcenter.com.br\/index.php?rest_route=\/wp\/v2\/pages\/1246\/revisions"}],"predecessor-version":[{"id":1254,"href":"https:\/\/dermcenter.com.br\/index.php?rest_route=\/wp\/v2\/pages\/1246\/revisions\/1254"}],"up":[{"embeddable":true,"href":"https:\/\/dermcenter.com.br\/index.php?rest_route=\/wp\/v2\/pages\/1159"}],"wp:attachment":[{"href":"https:\/\/dermcenter.com.br\/index.php?rest_route=%2Fwp%2Fv2%2Fmedia&parent=1246"}],"curies":[{"name":"wp","href":"https:\/\/api.w.org\/{rel}","templated":true}]}}