{"id":1232,"date":"2025-04-11T15:05:06","date_gmt":"2025-04-11T15:05:06","guid":{"rendered":"https:\/\/dermcenter.com.br\/?page_id=1232"},"modified":"2025-04-14T14:02:00","modified_gmt":"2025-04-14T14:02:00","slug":"hiperidrose","status":"publish","type":"page","link":"https:\/\/dermcenter.com.br\/?page_id=1232","title":{"rendered":"Hiperidrose"},"content":{"rendered":"\t\t<div data-elementor-type=\"wp-page\" data-elementor-id=\"1232\" class=\"elementor elementor-1232\" data-elementor-post-type=\"page\">\n\t\t\t\t<div class=\"elementor-element elementor-element-b48d2fe e-flex e-con-boxed e-con e-parent\" data-id=\"b48d2fe\" data-element_type=\"container\">\n\t\t\t\t\t<div class=\"e-con-inner\">\n\t\t<div class=\"elementor-element elementor-element-472dc4e e-con-full e-grid e-con e-child\" data-id=\"472dc4e\" data-element_type=\"container\">\n\t\t<div class=\"elementor-element elementor-element-20f9a06 e-con-full e-flex e-con e-child\" data-id=\"20f9a06\" data-element_type=\"container\">\n\t\t\t\t<div class=\"elementor-element elementor-element-a7581d0 elementor-widget elementor-widget-heading\" data-id=\"a7581d0\" data-element_type=\"widget\" data-widget_type=\"heading.default\">\n\t\t\t\t<div class=\"elementor-widget-container\">\n\t\t\t\t\t<h1 class=\"elementor-heading-title elementor-size-default\">hiperidrose<\/h1>\t\t\t\t<\/div>\n\t\t\t\t<\/div>\n\t\t\t\t<div class=\"elementor-element elementor-element-2f28ed9 elementor-widget-divider--view-line_icon elementor-widget-divider--element-align-right elementor-view-default elementor-widget elementor-widget-divider\" data-id=\"2f28ed9\" data-element_type=\"widget\" data-widget_type=\"divider.default\">\n\t\t\t\t<div class=\"elementor-widget-container\">\n\t\t\t\t\t\t\t<div class=\"elementor-divider\">\n\t\t\t<span class=\"elementor-divider-separator\">\n\t\t\t\t\t\t\t<div class=\"elementor-icon elementor-divider__element\">\n\t\t\t\t\t<svg xmlns=\"http:\/\/www.w3.org\/2000\/svg\" id=\"Camada_2\" data-name=\"Camada 2\" viewBox=\"0 0 196.05 366.17\"><defs><style>      .cls-1 {        fill: #a1b099;        fill-rule: evenodd;        stroke-width: 0px;      }    <\/style><\/defs><g id=\"Camada_1-2\" data-name=\"Camada 1\"><path class=\"cls-1\" d=\"M80.49,61.44C45.96,53.53,20.02,33.6.87,4.16-.04,1.67-1.25-.97,3.15.35c30.52,21.59,58.05,40.78,64.59,43.19,12.64,5.83,20.43,5.75,24.57,1.21,2.28-3.28,2.23-7.47-.15-12.58-2.61-4.45-3.11-9.19-3.19-14.11,1.04-8.13,1.19-13.69,4.55-15.78,2.62-1.82,4.85-1.92,9.4-.3,12.6,3.18,21.17,11.14,24.87,24.87l.3,9.1-7.58,17.29,1.21,6.07,64.61,23.66,6.98-.91,2.73,3.03-4.85,6.07-5.76.3-54.29-13.35c-4.55-.51-4.4,1.97-4.55,3.64,33.53,82.27,4.84,131.34-5.16,178.96l-3.34,49.14-3.94,2.12-5.16-3.64-1.21-5.46,10.92-126.48-3.34-1.21-14.26,98.88c-4.11,51.37-11.91,83.95-31.24,91.3-4.68,1.94-7.13.21-5.76-3.34l20.02-72.19,8.19-31.85c3.34-30.67,3.74-62.45.61-95.54-3.41-32.31-3.16-63.53,1.52-93.42-1.92-2.98-7.18-5.41-13.95-7.58Z\"><\/path><\/g><\/svg><\/div>\n\t\t\t\t\t\t<\/span>\n\t\t<\/div>\n\t\t\t\t\t\t<\/div>\n\t\t\t\t<\/div>\n\t\t\t\t<div class=\"elementor-element elementor-element-88f1048 elementor-widget elementor-widget-text-editor\" data-id=\"88f1048\" data-element_type=\"widget\" data-widget_type=\"text-editor.default\">\n\t\t\t\t<div class=\"elementor-widget-container\">\n\t\t\t\t\t\t\t\t\t<p><span style=\"font-weight: 400;\">A hiperidrose \u00e9 uma <\/span><b>condi\u00e7\u00e3o m\u00e9dica<\/b><span style=\"font-weight: 400;\"> caracterizada pela <\/span><b>produ\u00e7\u00e3o excessiva de suor<\/b><span style=\"font-weight: 400;\">, que <\/span><b>ultrapassa a quantidade necess\u00e1ria para regular a temperatura corporal<\/b><span style=\"font-weight: 400;\">. Essa condi\u00e7\u00e3o pode afetar <\/span><b>diversas \u00e1reas do corpo<\/b><span style=\"font-weight: 400;\">, como <\/span><b>axilas, m\u00e3os, p\u00e9s, rosto e couro cabeludo<\/b><span style=\"font-weight: 400;\">, e causar <\/span><b>grande desconforto f\u00edsico e emocional<\/b><span style=\"font-weight: 400;\">, al\u00e9m de <\/span><b>impactar a qualidade de vida<\/b><span style=\"font-weight: 400;\"> da pessoa.<\/span><\/p>\t\t\t\t\t\t\t\t<\/div>\n\t\t\t\t<\/div>\n\t\t\t\t<\/div>\n\t\t<div class=\"elementor-element elementor-element-3d8812d e-con-full e-flex e-con e-child\" data-id=\"3d8812d\" data-element_type=\"container\">\n\t\t\t\t<div class=\"elementor-element elementor-element-c220b8c elementor-widget elementor-widget-image\" data-id=\"c220b8c\" data-element_type=\"widget\" data-widget_type=\"image.default\">\n\t\t\t\t<div class=\"elementor-widget-container\">\n\t\t\t\t\t\t\t\t\t\t\t\t\t\t\t<img loading=\"lazy\" decoding=\"async\" width=\"800\" height=\"600\" src=\"https:\/\/dermcenter.com.br\/wp-content\/uploads\/2025\/04\/dermcenter-dermatologia-clinica-Hiperidrose.jpg\" class=\"attachment-large size-large wp-image-1167\" alt=\"\" srcset=\"https:\/\/dermcenter.com.br\/wp-content\/uploads\/2025\/04\/dermcenter-dermatologia-clinica-Hiperidrose.jpg 800w, https:\/\/dermcenter.com.br\/wp-content\/uploads\/2025\/04\/dermcenter-dermatologia-clinica-Hiperidrose-300x225.jpg 300w, https:\/\/dermcenter.com.br\/wp-content\/uploads\/2025\/04\/dermcenter-dermatologia-clinica-Hiperidrose-768x576.jpg 768w\" sizes=\"auto, (max-width: 800px) 100vw, 800px\" \/>\t\t\t\t\t\t\t\t\t\t\t\t\t\t\t<\/div>\n\t\t\t\t<\/div>\n\t\t\t\t<\/div>\n\t\t\t\t<\/div>\n\t\t<div class=\"elementor-element elementor-element-4dfcf4c e-con-full e-flex e-con e-child\" data-id=\"4dfcf4c\" data-element_type=\"container\">\n\t\t\t\t<div class=\"elementor-element elementor-element-d7f793b elementor-widget elementor-widget-heading\" data-id=\"d7f793b\" data-element_type=\"widget\" data-widget_type=\"heading.default\">\n\t\t\t\t<div class=\"elementor-widget-container\">\n\t\t\t\t\t<h2 class=\"elementor-heading-title elementor-size-default\">Causas da hiperidrose: fatores emocionais, gen\u00e9ticos e doen\u00e7as\n<\/h2>\t\t\t\t<\/div>\n\t\t\t\t<\/div>\n\t\t\t\t<div class=\"elementor-element elementor-element-8231c95 elementor-widget elementor-widget-text-editor\" data-id=\"8231c95\" data-element_type=\"widget\" data-widget_type=\"text-editor.default\">\n\t\t\t\t<div class=\"elementor-widget-container\">\n\t\t\t\t\t\t\t\t\t<p><span style=\"font-weight: 400;\">A hiperidrose pode ser classificada em <\/span><b>prim\u00e1ria<\/b><span style=\"font-weight: 400;\"> ou <\/span><b>secund\u00e1ria<\/b><span style=\"font-weight: 400;\">.<\/span><\/p><ul><li style=\"font-weight: 400;\" aria-level=\"1\"><b>Hiperidrose prim\u00e1ria:<\/b><span style=\"font-weight: 400;\"> A causa \u00e9 <\/span><b>desconhecida<\/b><span style=\"font-weight: 400;\">, mas acredita-se que esteja relacionada a uma <\/span><b>hiperatividade das gl\u00e2ndulas sudor\u00edparas<\/b><span style=\"font-weight: 400;\">, que s\u00e3o respons\u00e1veis pela produ\u00e7\u00e3o de suor. Fatores emocionais, como estresse e ansiedade, podem desencadear ou agravar a hiperidrose prim\u00e1ria.<\/span><\/li><li style=\"font-weight: 400;\" aria-level=\"1\"><b>Hiperidrose secund\u00e1ria:<\/b><span style=\"font-weight: 400;\"> \u00c9 causada por <\/span><b>outras condi\u00e7\u00f5es m\u00e9dicas<\/b><span style=\"font-weight: 400;\">, como diabetes, hipertireoidismo, obesidade, menopausa, doen\u00e7as neurol\u00f3gicas, infec\u00e7\u00f5es e uso de alguns medicamentos.<\/span><\/li><\/ul>\t\t\t\t\t\t\t\t<\/div>\n\t\t\t\t<\/div>\n\t\t\t\t<div class=\"elementor-element elementor-element-4df3fcf elementor-widget elementor-widget-heading\" data-id=\"4df3fcf\" data-element_type=\"widget\" data-widget_type=\"heading.default\">\n\t\t\t\t<div class=\"elementor-widget-container\">\n\t\t\t\t\t<h2 class=\"elementor-heading-title elementor-size-default\">Sintomas da hiperidrose: sudorese excessiva e desconforto\n<\/h2>\t\t\t\t<\/div>\n\t\t\t\t<\/div>\n\t\t\t\t<div class=\"elementor-element elementor-element-254bf39 elementor-widget elementor-widget-text-editor\" data-id=\"254bf39\" data-element_type=\"widget\" data-widget_type=\"text-editor.default\">\n\t\t\t\t<div class=\"elementor-widget-container\">\n\t\t\t\t\t\t\t\t\t<p><span style=\"font-weight: 400;\">O principal sintoma da hiperidrose \u00e9 a <\/span><b>sudorese excessiva<\/b><span style=\"font-weight: 400;\">, que pode ocorrer <\/span><b>mesmo em repouso ou em ambientes frios<\/b><span style=\"font-weight: 400;\">. A quantidade de suor varia de pessoa para pessoa, mas em alguns casos pode ser t\u00e3o intensa que chega a molhar roupas e objetos. Al\u00e9m do desconforto f\u00edsico, a hiperidrose pode causar <\/span><b>constrangimento, inseguran\u00e7a e isolamento social<\/b><span style=\"font-weight: 400;\">.<\/span><\/p>\t\t\t\t\t\t\t\t<\/div>\n\t\t\t\t<\/div>\n\t\t\t\t<div class=\"elementor-element elementor-element-41d1183 elementor-widget elementor-widget-heading\" data-id=\"41d1183\" data-element_type=\"widget\" data-widget_type=\"heading.default\">\n\t\t\t\t<div class=\"elementor-widget-container\">\n\t\t\t\t\t<h2 class=\"elementor-heading-title elementor-size-default\">Tratamento da hiperidrose: antitranspirantes, medicamentos, toxina botul\u00ednica e cirurgia\n<\/h2>\t\t\t\t<\/div>\n\t\t\t\t<\/div>\n\t\t\t\t<div class=\"elementor-element elementor-element-af6c4bb elementor-widget elementor-widget-text-editor\" data-id=\"af6c4bb\" data-element_type=\"widget\" data-widget_type=\"text-editor.default\">\n\t\t\t\t<div class=\"elementor-widget-container\">\n\t\t\t\t\t\t\t\t\t<p><span style=\"font-weight: 400;\">O tratamento da hiperidrose depende da gravidade dos sintomas e da causa da condi\u00e7\u00e3o. As op\u00e7\u00f5es de tratamento incluem:<\/span><\/p><ul><li style=\"font-weight: 400;\" aria-level=\"1\"><b>Antitranspirantes:<\/b><span style=\"font-weight: 400;\"> Utiliza\u00e7\u00e3o de produtos antitranspirantes <\/span><b>com alto teor de alum\u00ednio<\/b><span style=\"font-weight: 400;\">, que ajudam a reduzir a produ\u00e7\u00e3o de suor.<\/span><\/li><li style=\"font-weight: 400;\" aria-level=\"1\"><b>Medicamentos:<\/b><span style=\"font-weight: 400;\"> Utiliza\u00e7\u00e3o de <\/span><b>medicamentos anticolin\u00e9rgicos<\/b><span style=\"font-weight: 400;\">, que bloqueiam a a\u00e7\u00e3o das gl\u00e2ndulas sudor\u00edparas.<\/span><\/li><li style=\"font-weight: 400;\" aria-level=\"1\"><b>Iontoforese:<\/b><span style=\"font-weight: 400;\"> T\u00e9cnica que utiliza <\/span><b>corrente el\u00e9trica<\/b><span style=\"font-weight: 400;\"> para reduzir a produ\u00e7\u00e3o de suor nas m\u00e3os e nos p\u00e9s.<\/span><\/li><li style=\"font-weight: 400;\" aria-level=\"1\"><b>Toxina botul\u00ednica:<\/b><span style=\"font-weight: 400;\"> Aplica\u00e7\u00e3o de <\/span><b>inje\u00e7\u00f5es de toxina botul\u00ednica (Botox)<\/b><span style=\"font-weight: 400;\"> nas \u00e1reas afetadas para bloquear a a\u00e7\u00e3o das gl\u00e2ndulas sudor\u00edparas.<\/span><\/li><li style=\"font-weight: 400;\" aria-level=\"1\"><b>cirurgia<\/b><span style=\"font-weight: 400;\"> para remo\u00e7\u00e3o\/ destrui\u00e7\u00e3o do excesso das gl\u00e2ndulas, nos casos de hiperhidrose axilar.<\/span><\/li><li style=\"font-weight: 400;\" aria-level=\"1\"><b>Cirurgia:<\/b><span style=\"font-weight: 400;\"> Em casos graves e refrat\u00e1rios a outros tratamentos, pode ser realizada a <\/span><b>simpatectomia tor\u00e1cica endosc\u00f3pica (STE)<\/b><span style=\"font-weight: 400;\">, um procedimento cir\u00fargico que interrompe os nervos respons\u00e1veis pela sudorese excessiva.<\/span><\/li><\/ul>\t\t\t\t\t\t\t\t<\/div>\n\t\t\t\t<\/div>\n\t\t\t\t<div class=\"elementor-element elementor-element-a5c8eee elementor-widget elementor-widget-heading\" data-id=\"a5c8eee\" data-element_type=\"widget\" data-widget_type=\"heading.default\">\n\t\t\t\t<div class=\"elementor-widget-container\">\n\t\t\t\t\t<h2 class=\"elementor-heading-title elementor-size-default\">Preven\u00e7\u00e3o da hiperidrose: h\u00e1bitos saud\u00e1veis e controle do estresse\n<\/h2>\t\t\t\t<\/div>\n\t\t\t\t<\/div>\n\t\t\t\t<div class=\"elementor-element elementor-element-8b27aef elementor-widget elementor-widget-text-editor\" data-id=\"8b27aef\" data-element_type=\"widget\" data-widget_type=\"text-editor.default\">\n\t\t\t\t<div class=\"elementor-widget-container\">\n\t\t\t\t\t\t\t\t\t<p><span style=\"font-weight: 400;\">N\u00e3o \u00e9 poss\u00edvel prevenir a hiperidrose prim\u00e1ria, mas algumas medidas podem ajudar a <\/span><b>controlar os sintomas e evitar o agravamento da condi\u00e7\u00e3o<\/b><span style=\"font-weight: 400;\">:<\/span><\/p><ul><li style=\"font-weight: 400;\" aria-level=\"1\"><b>Higiene:<\/b><span style=\"font-weight: 400;\"> Manter uma <\/span><b>boa higiene pessoal<\/b><span style=\"font-weight: 400;\">, lavando as \u00e1reas afetadas com \u00e1gua e sab\u00e3o neutro e secando bem a pele ap\u00f3s o banho.<\/span><\/li><li style=\"font-weight: 400;\" aria-level=\"1\"><b>Roupas:<\/b><span style=\"font-weight: 400;\"> Utilizar <\/span><b>roupas leves e folgadas<\/b><span style=\"font-weight: 400;\">, de tecidos naturais como algod\u00e3o, que permitem a transpira\u00e7\u00e3o da pele.<\/span><\/li><li style=\"font-weight: 400;\" aria-level=\"1\"><b>Alimenta\u00e7\u00e3o:<\/b><span style=\"font-weight: 400;\"> Evitar o consumo de <\/span><b>alimentos picantes, cafe\u00edna e \u00e1lcool<\/b><span style=\"font-weight: 400;\">, que podem estimular a produ\u00e7\u00e3o de suor.<\/span><\/li><li style=\"font-weight: 400;\" aria-level=\"1\"><b>Estresse:<\/b><span> Controlar o <\/span><b>estresse e a ansiedade<\/b><span> por meio de t\u00e9cnicas de relaxamento, como yoga, medita\u00e7\u00e3o e exerc\u00edcios f\u00edsicos.<\/span><\/li><\/ul>\t\t\t\t\t\t\t\t<\/div>\n\t\t\t\t<\/div>\n\t\t\t\t<\/div>\n\t\t\t\t\t<\/div>\n\t\t\t\t<\/div>\n\t\t\t\t<\/div>\n\t\t","protected":false},"excerpt":{"rendered":"<p>hiperidrose A hiperidrose \u00e9 uma condi\u00e7\u00e3o m\u00e9dica caracterizada pela produ\u00e7\u00e3o excessiva de suor, que ultrapassa a quantidade necess\u00e1ria para regular a temperatura corporal. Essa condi\u00e7\u00e3o pode afetar diversas \u00e1reas do corpo, como axilas, m\u00e3os, p\u00e9s, rosto e couro cabeludo, e causar grande desconforto f\u00edsico e emocional, al\u00e9m de impactar a qualidade de vida da pessoa. [&hellip;]<\/p>\n","protected":false},"author":1,"featured_media":0,"parent":1159,"menu_order":0,"comment_status":"closed","ping_status":"closed","template":"elementor_canvas","meta":{"footnotes":""},"class_list":["post-1232","page","type-page","status-publish","hentry"],"_links":{"self":[{"href":"https:\/\/dermcenter.com.br\/index.php?rest_route=\/wp\/v2\/pages\/1232","targetHints":{"allow":["GET"]}}],"collection":[{"href":"https:\/\/dermcenter.com.br\/index.php?rest_route=\/wp\/v2\/pages"}],"about":[{"href":"https:\/\/dermcenter.com.br\/index.php?rest_route=\/wp\/v2\/types\/page"}],"author":[{"embeddable":true,"href":"https:\/\/dermcenter.com.br\/index.php?rest_route=\/wp\/v2\/users\/1"}],"replies":[{"embeddable":true,"href":"https:\/\/dermcenter.com.br\/index.php?rest_route=%2Fwp%2Fv2%2Fcomments&post=1232"}],"version-history":[{"count":10,"href":"https:\/\/dermcenter.com.br\/index.php?rest_route=\/wp\/v2\/pages\/1232\/revisions"}],"predecessor-version":[{"id":1251,"href":"https:\/\/dermcenter.com.br\/index.php?rest_route=\/wp\/v2\/pages\/1232\/revisions\/1251"}],"up":[{"embeddable":true,"href":"https:\/\/dermcenter.com.br\/index.php?rest_route=\/wp\/v2\/pages\/1159"}],"wp:attachment":[{"href":"https:\/\/dermcenter.com.br\/index.php?rest_route=%2Fwp%2Fv2%2Fmedia&parent=1232"}],"curies":[{"name":"wp","href":"https:\/\/api.w.org\/{rel}","templated":true}]}}