{"id":1195,"date":"2025-04-11T12:20:06","date_gmt":"2025-04-11T12:20:06","guid":{"rendered":"https:\/\/dermcenter.com.br\/?page_id=1195"},"modified":"2025-04-14T14:02:00","modified_gmt":"2025-04-14T14:02:00","slug":"alergias","status":"publish","type":"page","link":"https:\/\/dermcenter.com.br\/?page_id=1195","title":{"rendered":"Alergias"},"content":{"rendered":"\t\t<div data-elementor-type=\"wp-page\" data-elementor-id=\"1195\" class=\"elementor elementor-1195\" data-elementor-post-type=\"page\">\n\t\t\t\t<div class=\"elementor-element elementor-element-b48d2fe e-flex e-con-boxed e-con e-parent\" data-id=\"b48d2fe\" data-element_type=\"container\">\n\t\t\t\t\t<div class=\"e-con-inner\">\n\t\t<div class=\"elementor-element elementor-element-472dc4e e-con-full e-grid e-con e-child\" data-id=\"472dc4e\" data-element_type=\"container\">\n\t\t<div class=\"elementor-element elementor-element-20f9a06 e-con-full e-flex e-con e-child\" data-id=\"20f9a06\" data-element_type=\"container\">\n\t\t\t\t<div class=\"elementor-element elementor-element-a7581d0 elementor-widget elementor-widget-heading\" data-id=\"a7581d0\" data-element_type=\"widget\" data-widget_type=\"heading.default\">\n\t\t\t\t<div class=\"elementor-widget-container\">\n\t\t\t\t\t<h1 class=\"elementor-heading-title elementor-size-default\">Alergias<\/h1>\t\t\t\t<\/div>\n\t\t\t\t<\/div>\n\t\t\t\t<div class=\"elementor-element elementor-element-2f28ed9 elementor-widget-divider--view-line_icon elementor-widget-divider--element-align-right elementor-view-default elementor-widget elementor-widget-divider\" data-id=\"2f28ed9\" data-element_type=\"widget\" data-widget_type=\"divider.default\">\n\t\t\t\t<div class=\"elementor-widget-container\">\n\t\t\t\t\t\t\t<div class=\"elementor-divider\">\n\t\t\t<span class=\"elementor-divider-separator\">\n\t\t\t\t\t\t\t<div class=\"elementor-icon elementor-divider__element\">\n\t\t\t\t\t<svg xmlns=\"http:\/\/www.w3.org\/2000\/svg\" id=\"Camada_2\" data-name=\"Camada 2\" viewBox=\"0 0 196.05 366.17\"><defs><style>      .cls-1 {        fill: #a1b099;        fill-rule: evenodd;        stroke-width: 0px;      }    <\/style><\/defs><g id=\"Camada_1-2\" data-name=\"Camada 1\"><path class=\"cls-1\" d=\"M80.49,61.44C45.96,53.53,20.02,33.6.87,4.16-.04,1.67-1.25-.97,3.15.35c30.52,21.59,58.05,40.78,64.59,43.19,12.64,5.83,20.43,5.75,24.57,1.21,2.28-3.28,2.23-7.47-.15-12.58-2.61-4.45-3.11-9.19-3.19-14.11,1.04-8.13,1.19-13.69,4.55-15.78,2.62-1.82,4.85-1.92,9.4-.3,12.6,3.18,21.17,11.14,24.87,24.87l.3,9.1-7.58,17.29,1.21,6.07,64.61,23.66,6.98-.91,2.73,3.03-4.85,6.07-5.76.3-54.29-13.35c-4.55-.51-4.4,1.97-4.55,3.64,33.53,82.27,4.84,131.34-5.16,178.96l-3.34,49.14-3.94,2.12-5.16-3.64-1.21-5.46,10.92-126.48-3.34-1.21-14.26,98.88c-4.11,51.37-11.91,83.95-31.24,91.3-4.68,1.94-7.13.21-5.76-3.34l20.02-72.19,8.19-31.85c3.34-30.67,3.74-62.45.61-95.54-3.41-32.31-3.16-63.53,1.52-93.42-1.92-2.98-7.18-5.41-13.95-7.58Z\"><\/path><\/g><\/svg><\/div>\n\t\t\t\t\t\t<\/span>\n\t\t<\/div>\n\t\t\t\t\t\t<\/div>\n\t\t\t\t<\/div>\n\t\t\t\t<div class=\"elementor-element elementor-element-88f1048 elementor-widget elementor-widget-text-editor\" data-id=\"88f1048\" data-element_type=\"widget\" data-widget_type=\"text-editor.default\">\n\t\t\t\t<div class=\"elementor-widget-container\">\n\t\t\t\t\t\t\t\t\t<p><span style=\"font-weight: 400;\">As alergias s\u00e3o <\/span><b>rea\u00e7\u00f5es exageradas do sistema imunol\u00f3gico<\/b><span style=\"font-weight: 400;\"> a subst\u00e2ncias geralmente inofensivas, conhecidas como <\/span><b>al\u00e9rgenos<\/b><span style=\"font-weight: 400;\">. Essas subst\u00e2ncias podem ser <\/span><b>diversas<\/b><span style=\"font-weight: 400;\">, como <\/span><b>p\u00f3len, \u00e1caros, pelos de animais, alimentos, medicamentos, picadas de insetos e muito mais<\/b><span style=\"font-weight: 400;\">.<\/span><\/p>\t\t\t\t\t\t\t\t<\/div>\n\t\t\t\t<\/div>\n\t\t\t\t<\/div>\n\t\t<div class=\"elementor-element elementor-element-3d8812d e-con-full e-flex e-con e-child\" data-id=\"3d8812d\" data-element_type=\"container\">\n\t\t\t\t<div class=\"elementor-element elementor-element-c220b8c elementor-widget elementor-widget-image\" data-id=\"c220b8c\" data-element_type=\"widget\" data-widget_type=\"image.default\">\n\t\t\t\t<div class=\"elementor-widget-container\">\n\t\t\t\t\t\t\t\t\t\t\t\t\t\t\t<img loading=\"lazy\" decoding=\"async\" width=\"800\" height=\"600\" src=\"https:\/\/dermcenter.com.br\/wp-content\/uploads\/2025\/04\/dermcenter-dermatologia-clinica-alergias.jpg\" class=\"attachment-large size-large wp-image-1163\" alt=\"\" srcset=\"https:\/\/dermcenter.com.br\/wp-content\/uploads\/2025\/04\/dermcenter-dermatologia-clinica-alergias.jpg 800w, https:\/\/dermcenter.com.br\/wp-content\/uploads\/2025\/04\/dermcenter-dermatologia-clinica-alergias-300x225.jpg 300w, https:\/\/dermcenter.com.br\/wp-content\/uploads\/2025\/04\/dermcenter-dermatologia-clinica-alergias-768x576.jpg 768w\" sizes=\"auto, (max-width: 800px) 100vw, 800px\" \/>\t\t\t\t\t\t\t\t\t\t\t\t\t\t\t<\/div>\n\t\t\t\t<\/div>\n\t\t\t\t<\/div>\n\t\t\t\t<\/div>\n\t\t<div class=\"elementor-element elementor-element-4dfcf4c e-con-full e-flex e-con e-child\" data-id=\"4dfcf4c\" data-element_type=\"container\">\n\t\t\t\t<div class=\"elementor-element elementor-element-d7f793b elementor-widget elementor-widget-heading\" data-id=\"d7f793b\" data-element_type=\"widget\" data-widget_type=\"heading.default\">\n\t\t\t\t<div class=\"elementor-widget-container\">\n\t\t\t\t\t<h2 class=\"elementor-heading-title elementor-size-default\">Como ocorrem as alergias?\n<\/h2>\t\t\t\t<\/div>\n\t\t\t\t<\/div>\n\t\t\t\t<div class=\"elementor-element elementor-element-8231c95 elementor-widget elementor-widget-text-editor\" data-id=\"8231c95\" data-element_type=\"widget\" data-widget_type=\"text-editor.default\">\n\t\t\t\t<div class=\"elementor-widget-container\">\n\t\t\t\t\t\t\t\t\t<p><span style=\"font-weight: 400;\">Quando uma pessoa al\u00e9rgica entra em contato com um al\u00e9rgeno, seu sistema imunol\u00f3gico <\/span><b>produz anticorpos IgE<\/b><span style=\"font-weight: 400;\">. Esses anticorpos se ligam a c\u00e9lulas do corpo chamadas <\/span><b>mast\u00f3citos<\/b><span style=\"font-weight: 400;\">. Em um contato posterior com o mesmo al\u00e9rgeno, os mast\u00f3citos liberam <\/span><b>histamina e outras subst\u00e2ncias qu\u00edmicas<\/b><span style=\"font-weight: 400;\">, que causam os <\/span><b>sintomas al\u00e9rgicos<\/b><span style=\"font-weight: 400;\">.<\/span><\/p>\t\t\t\t\t\t\t\t<\/div>\n\t\t\t\t<\/div>\n\t\t\t\t<div class=\"elementor-element elementor-element-4df3fcf elementor-widget elementor-widget-heading\" data-id=\"4df3fcf\" data-element_type=\"widget\" data-widget_type=\"heading.default\">\n\t\t\t\t<div class=\"elementor-widget-container\">\n\t\t\t\t\t<h2 class=\"elementor-heading-title elementor-size-default\">Sintomas: variam de leves a graves\n<\/h2>\t\t\t\t<\/div>\n\t\t\t\t<\/div>\n\t\t\t\t<div class=\"elementor-element elementor-element-254bf39 elementor-widget elementor-widget-text-editor\" data-id=\"254bf39\" data-element_type=\"widget\" data-widget_type=\"text-editor.default\">\n\t\t\t\t<div class=\"elementor-widget-container\">\n\t\t\t\t\t\t\t\t\t<p><span style=\"font-weight: 400;\">Os sintomas de alergia <\/span><b>variam de pessoa para pessoa<\/b><span style=\"font-weight: 400;\"> e dependem do tipo de al\u00e9rgeno e da gravidade da rea\u00e7\u00e3o. As rea\u00e7\u00f5es al\u00e9rgicas podem ser <\/span><b>leves<\/b><span style=\"font-weight: 400;\">, como <\/span><b>coceira, espirros, coriza, olhos lacrimejantes e erup\u00e7\u00f5es cut\u00e2neas<\/b><span style=\"font-weight: 400;\">, ou <\/span><b>graves<\/b><span style=\"font-weight: 400;\">, como <\/span><b>dificuldade para respirar, incha\u00e7o na garganta, chiado no peito, v\u00f4mitos, diarreia e at\u00e9 mesmo choque anafil\u00e1tico<\/b><span style=\"font-weight: 400;\">, que \u00e9 uma rea\u00e7\u00e3o al\u00e9rgica grave que pode ser fatal.<\/span><\/p>\t\t\t\t\t\t\t\t<\/div>\n\t\t\t\t<\/div>\n\t\t\t\t<div class=\"elementor-element elementor-element-41d1183 elementor-widget elementor-widget-heading\" data-id=\"41d1183\" data-element_type=\"widget\" data-widget_type=\"heading.default\">\n\t\t\t\t<div class=\"elementor-widget-container\">\n\t\t\t\t\t<h2 class=\"elementor-heading-title elementor-size-default\">Tipos de alergia: diversas manifesta\u00e7\u00f5es\n<\/h2>\t\t\t\t<\/div>\n\t\t\t\t<\/div>\n\t\t\t\t<div class=\"elementor-element elementor-element-af6c4bb elementor-widget elementor-widget-text-editor\" data-id=\"af6c4bb\" data-element_type=\"widget\" data-widget_type=\"text-editor.default\">\n\t\t\t\t<div class=\"elementor-widget-container\">\n\t\t\t\t\t\t\t\t\t<p><span style=\"font-weight: 400;\">Existem <\/span><b>diversos tipos de alergia<\/b><span style=\"font-weight: 400;\">, como <\/span><b>rinite al\u00e9rgica (febre do feno), asma al\u00e9rgica, alergia alimentar, dermatite at\u00f3pica, urtic\u00e1ria, angioedema e alergia a picadas de insetos<\/b><span style=\"font-weight: 400;\">. Cada tipo de alergia tem seus pr\u00f3prios sintomas e desencadeadores espec\u00edficos.<\/span><\/p>\t\t\t\t\t\t\t\t<\/div>\n\t\t\t\t<\/div>\n\t\t\t\t<div class=\"elementor-element elementor-element-a5c8eee elementor-widget elementor-widget-heading\" data-id=\"a5c8eee\" data-element_type=\"widget\" data-widget_type=\"heading.default\">\n\t\t\t\t<div class=\"elementor-widget-container\">\n\t\t\t\t\t<h2 class=\"elementor-heading-title elementor-size-default\">Tratamento: medicamentos e imunoterapia\n<\/h2>\t\t\t\t<\/div>\n\t\t\t\t<\/div>\n\t\t\t\t<div class=\"elementor-element elementor-element-8b27aef elementor-widget elementor-widget-text-editor\" data-id=\"8b27aef\" data-element_type=\"widget\" data-widget_type=\"text-editor.default\">\n\t\t\t\t<div class=\"elementor-widget-container\">\n\t\t\t\t\t\t\t\t\t<p><span style=\"font-weight: 400;\">O tratamento para alergia <\/span><b>varia de acordo com o tipo e a gravidade da alergia<\/b><span style=\"font-weight: 400;\">. As op\u00e7\u00f5es de tratamento incluem <\/span><b>medicamentos (como anti-histam\u00ednicos, corticosteroides e broncodilatadores)<\/b><span style=\"font-weight: 400;\"> para aliviar os sintomas, <\/span><b>imunoterapia (vacinas de alergia)<\/b><span style=\"font-weight: 400;\"> para dessensibilizar o sistema imunol\u00f3gico e <\/span><b>medidas de controle ambiental<\/b><span style=\"font-weight: 400;\"> para reduzir a exposi\u00e7\u00e3o aos al\u00e9rgenos.<\/span><\/p>\t\t\t\t\t\t\t\t<\/div>\n\t\t\t\t<\/div>\n\t\t\t\t<div class=\"elementor-element elementor-element-1b5b1d8 elementor-widget elementor-widget-heading\" data-id=\"1b5b1d8\" data-element_type=\"widget\" data-widget_type=\"heading.default\">\n\t\t\t\t<div class=\"elementor-widget-container\">\n\t\t\t\t\t<h2 class=\"elementor-heading-title elementor-size-default\">Preven\u00e7\u00e3o: evite os al\u00e9rgenos\n<\/h2>\t\t\t\t<\/div>\n\t\t\t\t<\/div>\n\t\t\t\t<div class=\"elementor-element elementor-element-5bea1bb elementor-widget elementor-widget-text-editor\" data-id=\"5bea1bb\" data-element_type=\"widget\" data-widget_type=\"text-editor.default\">\n\t\t\t\t<div class=\"elementor-widget-container\">\n\t\t\t\t\t\t\t\t\t<p><span style=\"font-weight: 400;\">A melhor forma de prevenir alergias \u00e9 <\/span><b>evitar o contato com os al\u00e9rgenos respons\u00e1veis pelas rea\u00e7\u00f5es al\u00e9rgicas<\/b><span style=\"font-weight: 400;\">. Algumas medidas preventivas incluem <\/span><b>manter a casa limpa e livre de poeira, usar roupas de cama anti\u00e1caro, evitar animais de estima\u00e7\u00e3o, evitar alimentos que causam alergia, usar medicamentos com cautela e evitar picadas de insetos<\/b><span style=\"font-weight: 400;\">.<\/span><\/p>\t\t\t\t\t\t\t\t<\/div>\n\t\t\t\t<\/div>\n\t\t\t\t<div class=\"elementor-element elementor-element-a8ccd97 elementor-widget elementor-widget-heading\" data-id=\"a8ccd97\" data-element_type=\"widget\" data-widget_type=\"heading.default\">\n\t\t\t\t<div class=\"elementor-widget-container\">\n\t\t\t\t\t<h2 class=\"elementor-heading-title elementor-size-default\">Na dermatologia, as rea\u00e7\u00f5es al\u00e9rgicas mais comuns s\u00e3o:\n<\/h2>\t\t\t\t<\/div>\n\t\t\t\t<\/div>\n\t\t\t\t<div class=\"elementor-element elementor-element-549f0d2 elementor-widget elementor-widget-text-editor\" data-id=\"549f0d2\" data-element_type=\"widget\" data-widget_type=\"text-editor.default\">\n\t\t\t\t<div class=\"elementor-widget-container\">\n\t\t\t\t\t\t\t\t\t<ol><li><b> Dermatite de contato:<br \/><br \/><\/b><\/li><\/ol><ul><li style=\"font-weight: 400;\" aria-level=\"1\"><b>Causas:<\/b><span style=\"font-weight: 400;\"> Ocorre quando a pele entra em contato direto com um al\u00e9rgeno ou irritante. As causas comuns incluem n\u00edquel (em joias), cosm\u00e9ticos, fragr\u00e2ncias, produtos de limpeza e plantas como a hera venenosa.<\/span><\/li><li style=\"font-weight: 400;\" aria-level=\"1\"><b>Sintomas:<\/b><span style=\"font-weight: 400;\"> Vermelhid\u00e3o, coceira, incha\u00e7o, bolhas e descama\u00e7\u00e3o na \u00e1rea afetada.<br \/><br \/><\/span><\/li><\/ul><ol start=\"2\"><li><b> Urtic\u00e1ria:<br \/><br \/><\/b><\/li><\/ol><ul><li style=\"font-weight: 400;\" aria-level=\"1\"><b>Causas:<\/b><span style=\"font-weight: 400;\"> Desencadeada por uma variedade de fatores, como alimentos, medicamentos, picadas de insetos, l\u00e1tex e at\u00e9 mesmo estresse.<\/span><\/li><li style=\"font-weight: 400;\" aria-level=\"1\"><b>Sintomas:<\/b><span style=\"font-weight: 400;\"> Manchas vermelhas ou rosadas elevadas na pele, com coceira intensa, que podem aparecer e desaparecer rapidamente.<br \/><br \/><\/span><\/li><\/ul><ol start=\"3\"><li><b> Angioedema:<br \/><br \/><\/b><\/li><\/ol><ul><li style=\"font-weight: 400;\" aria-level=\"1\"><b>Causas:<\/b><span style=\"font-weight: 400;\"> Frequentemente associado \u00e0 urtic\u00e1ria, o angioedema causa incha\u00e7o profundo na pele, especialmente ao redor dos olhos, l\u00e1bios e l\u00edngua.<\/span><\/li><li style=\"font-weight: 400;\" aria-level=\"1\"><b>Sintomas:<\/b><span style=\"font-weight: 400;\"> Incha\u00e7o, dor e desconforto nas \u00e1reas afetadas. Em casos graves, pode dificultar a respira\u00e7\u00e3o.<br \/><br \/><\/span><\/li><\/ul><ol start=\"4\"><li><b> Eczema (dermatite at\u00f3pica):<br \/><br \/><\/b><\/li><\/ol><ul><li style=\"font-weight: 400;\" aria-level=\"1\"><b>Causas:<\/b><span style=\"font-weight: 400;\"> Uma condi\u00e7\u00e3o cr\u00f4nica que pode ser desencadeada por al\u00e9rgenos, irritantes, estresse e clima seco, existindo quando h\u00e1 uma predisposi\u00e7\u00e3o gen\u00e9tica.<\/span><\/li><li style=\"font-weight: 400;\" aria-level=\"1\"><b>Sintomas:<\/b><span style=\"font-weight: 400;\"> Pele seca, coceira, vermelhid\u00e3o, rachaduras e descama\u00e7\u00e3o, especialmente nas dobras dos bra\u00e7os e pernas.<br \/><br \/><\/span><\/li><\/ul><ol start=\"5\"><li><b> Rea\u00e7\u00f5es a medicamentos:<br \/><br \/><\/b><\/li><\/ol><ul><li style=\"font-weight: 400;\" aria-level=\"1\"><b>Causas:<\/b><span style=\"font-weight: 400;\"> Alguns medicamentos podem causar rea\u00e7\u00f5es al\u00e9rgicas na pele, desde erup\u00e7\u00f5es leves at\u00e9 condi\u00e7\u00f5es graves como a s\u00edndrome de Stevens-Johnson.<\/span><\/li><li style=\"font-weight: 400;\" aria-level=\"1\"><b>Sintomas:<\/b><span style=\"font-weight: 400;\"> Erup\u00e7\u00f5es cut\u00e2neas, coceira, urtic\u00e1ria, incha\u00e7o e, em casos graves, bolhas e descama\u00e7\u00e3o da pele.<br \/><br \/><\/span><\/li><\/ul><ol start=\"6\"><li><b> Alergias alimentares:<br \/><br \/><\/b><\/li><\/ol><ul><li style=\"font-weight: 400;\" aria-level=\"1\"><b>Causas:<\/b><span style=\"font-weight: 400;\"> Alguns alimentos, como amendoim, leite, ovos e frutos do mar, podem desencadear rea\u00e7\u00f5es al\u00e9rgicas na pele.<\/span><\/li><li style=\"font-weight: 400;\" aria-level=\"1\"><b>Sintomas:<\/b><span style=\"font-weight: 400;\"> Urtic\u00e1ria, incha\u00e7o, coceira e, em casos graves, dificuldade para respirar e anafilaxia.<\/span><\/li><\/ul>\t\t\t\t\t\t\t\t<\/div>\n\t\t\t\t<\/div>\n\t\t\t\t<\/div>\n\t\t\t\t\t<\/div>\n\t\t\t\t<\/div>\n\t\t\t\t<\/div>\n\t\t","protected":false},"excerpt":{"rendered":"<p>Alergias As alergias s\u00e3o rea\u00e7\u00f5es exageradas do sistema imunol\u00f3gico a subst\u00e2ncias geralmente inofensivas, conhecidas como al\u00e9rgenos. Essas subst\u00e2ncias podem ser diversas, como p\u00f3len, \u00e1caros, pelos de animais, alimentos, medicamentos, picadas de insetos e muito mais. Como ocorrem as alergias? Quando uma pessoa al\u00e9rgica entra em contato com um al\u00e9rgeno, seu sistema imunol\u00f3gico produz anticorpos IgE. [&hellip;]<\/p>\n","protected":false},"author":1,"featured_media":0,"parent":1159,"menu_order":0,"comment_status":"closed","ping_status":"closed","template":"elementor_canvas","meta":{"footnotes":""},"class_list":["post-1195","page","type-page","status-publish","hentry"],"_links":{"self":[{"href":"https:\/\/dermcenter.com.br\/index.php?rest_route=\/wp\/v2\/pages\/1195","targetHints":{"allow":["GET"]}}],"collection":[{"href":"https:\/\/dermcenter.com.br\/index.php?rest_route=\/wp\/v2\/pages"}],"about":[{"href":"https:\/\/dermcenter.com.br\/index.php?rest_route=\/wp\/v2\/types\/page"}],"author":[{"embeddable":true,"href":"https:\/\/dermcenter.com.br\/index.php?rest_route=\/wp\/v2\/users\/1"}],"replies":[{"embeddable":true,"href":"https:\/\/dermcenter.com.br\/index.php?rest_route=%2Fwp%2Fv2%2Fcomments&post=1195"}],"version-history":[{"count":4,"href":"https:\/\/dermcenter.com.br\/index.php?rest_route=\/wp\/v2\/pages\/1195\/revisions"}],"predecessor-version":[{"id":1200,"href":"https:\/\/dermcenter.com.br\/index.php?rest_route=\/wp\/v2\/pages\/1195\/revisions\/1200"}],"up":[{"embeddable":true,"href":"https:\/\/dermcenter.com.br\/index.php?rest_route=\/wp\/v2\/pages\/1159"}],"wp:attachment":[{"href":"https:\/\/dermcenter.com.br\/index.php?rest_route=%2Fwp%2Fv2%2Fmedia&parent=1195"}],"curies":[{"name":"wp","href":"https:\/\/api.w.org\/{rel}","templated":true}]}}