{"id":1130,"date":"2025-04-10T20:57:18","date_gmt":"2025-04-10T20:57:18","guid":{"rendered":"https:\/\/dermcenter.com.br\/?page_id=1130"},"modified":"2025-04-10T21:01:50","modified_gmt":"2025-04-10T21:01:50","slug":"correcao-de-cicatrizes","status":"publish","type":"page","link":"https:\/\/dermcenter.com.br\/?page_id=1130","title":{"rendered":"Corre\u00e7\u00e3o de cicatrizes"},"content":{"rendered":"\t\t<div data-elementor-type=\"wp-page\" data-elementor-id=\"1130\" class=\"elementor elementor-1130\" data-elementor-post-type=\"page\">\n\t\t\t\t<div class=\"elementor-element elementor-element-b48d2fe e-flex e-con-boxed e-con e-parent\" data-id=\"b48d2fe\" data-element_type=\"container\">\n\t\t\t\t\t<div class=\"e-con-inner\">\n\t\t<div class=\"elementor-element elementor-element-472dc4e e-con-full e-grid e-con e-child\" data-id=\"472dc4e\" data-element_type=\"container\">\n\t\t<div class=\"elementor-element elementor-element-20f9a06 e-con-full e-flex e-con e-child\" data-id=\"20f9a06\" data-element_type=\"container\">\n\t\t\t\t<div class=\"elementor-element elementor-element-a7581d0 elementor-widget elementor-widget-heading\" data-id=\"a7581d0\" data-element_type=\"widget\" data-widget_type=\"heading.default\">\n\t\t\t\t<div class=\"elementor-widget-container\">\n\t\t\t\t\t<h1 class=\"elementor-heading-title elementor-size-default\">Corre\u00e7\u00e3o de cicatrizes<\/h1>\t\t\t\t<\/div>\n\t\t\t\t<\/div>\n\t\t\t\t<div class=\"elementor-element elementor-element-2f28ed9 elementor-widget-divider--view-line_icon elementor-widget-divider--element-align-right elementor-view-default elementor-widget elementor-widget-divider\" data-id=\"2f28ed9\" data-element_type=\"widget\" data-widget_type=\"divider.default\">\n\t\t\t\t<div class=\"elementor-widget-container\">\n\t\t\t\t\t\t\t<div class=\"elementor-divider\">\n\t\t\t<span class=\"elementor-divider-separator\">\n\t\t\t\t\t\t\t<div class=\"elementor-icon elementor-divider__element\">\n\t\t\t\t\t<svg xmlns=\"http:\/\/www.w3.org\/2000\/svg\" id=\"Camada_2\" data-name=\"Camada 2\" viewBox=\"0 0 196.05 366.17\"><defs><style>      .cls-1 {        fill: #a1b099;        fill-rule: evenodd;        stroke-width: 0px;      }    <\/style><\/defs><g id=\"Camada_1-2\" data-name=\"Camada 1\"><path class=\"cls-1\" d=\"M80.49,61.44C45.96,53.53,20.02,33.6.87,4.16-.04,1.67-1.25-.97,3.15.35c30.52,21.59,58.05,40.78,64.59,43.19,12.64,5.83,20.43,5.75,24.57,1.21,2.28-3.28,2.23-7.47-.15-12.58-2.61-4.45-3.11-9.19-3.19-14.11,1.04-8.13,1.19-13.69,4.55-15.78,2.62-1.82,4.85-1.92,9.4-.3,12.6,3.18,21.17,11.14,24.87,24.87l.3,9.1-7.58,17.29,1.21,6.07,64.61,23.66,6.98-.91,2.73,3.03-4.85,6.07-5.76.3-54.29-13.35c-4.55-.51-4.4,1.97-4.55,3.64,33.53,82.27,4.84,131.34-5.16,178.96l-3.34,49.14-3.94,2.12-5.16-3.64-1.21-5.46,10.92-126.48-3.34-1.21-14.26,98.88c-4.11,51.37-11.91,83.95-31.24,91.3-4.68,1.94-7.13.21-5.76-3.34l20.02-72.19,8.19-31.85c3.34-30.67,3.74-62.45.61-95.54-3.41-32.31-3.16-63.53,1.52-93.42-1.92-2.98-7.18-5.41-13.95-7.58Z\"><\/path><\/g><\/svg><\/div>\n\t\t\t\t\t\t<\/span>\n\t\t<\/div>\n\t\t\t\t\t\t<\/div>\n\t\t\t\t<\/div>\n\t\t\t\t<div class=\"elementor-element elementor-element-88f1048 elementor-widget elementor-widget-text-editor\" data-id=\"88f1048\" data-element_type=\"widget\" data-widget_type=\"text-editor.default\">\n\t\t\t\t<div class=\"elementor-widget-container\">\n\t\t\t\t\t\t\t\t\t<p><span style=\"font-weight: 400;\">A corre\u00e7\u00e3o de cicatriz \u00e9 um procedimento m\u00e9dico realizado com o objetivo de melhorar a apar\u00eancia de cicatrizes causadas por acidentes, cirurgias ou doen\u00e7as de pele. Embora seja imposs\u00edvel remover completamente uma cicatriz, diversos tratamentos podem torn\u00e1-la menos vis\u00edvel e mais uniforme com a pele ao redor.<\/span><\/p>\t\t\t\t\t\t\t\t<\/div>\n\t\t\t\t<\/div>\n\t\t\t\t<\/div>\n\t\t<div class=\"elementor-element elementor-element-3d8812d e-con-full e-flex e-con e-child\" data-id=\"3d8812d\" data-element_type=\"container\">\n\t\t\t\t<div class=\"elementor-element elementor-element-c220b8c elementor-widget elementor-widget-image\" data-id=\"c220b8c\" data-element_type=\"widget\" data-widget_type=\"image.default\">\n\t\t\t\t<div class=\"elementor-widget-container\">\n\t\t\t\t\t\t\t\t\t\t\t\t\t\t\t<img loading=\"lazy\" decoding=\"async\" width=\"800\" height=\"600\" src=\"https:\/\/dermcenter.com.br\/wp-content\/uploads\/2024\/07\/dermcenter-correcao-cicatriz.jpg\" class=\"attachment-large size-large wp-image-645\" alt=\"\" srcset=\"https:\/\/dermcenter.com.br\/wp-content\/uploads\/2024\/07\/dermcenter-correcao-cicatriz.jpg 800w, https:\/\/dermcenter.com.br\/wp-content\/uploads\/2024\/07\/dermcenter-correcao-cicatriz-300x225.jpg 300w, https:\/\/dermcenter.com.br\/wp-content\/uploads\/2024\/07\/dermcenter-correcao-cicatriz-768x576.jpg 768w\" sizes=\"auto, (max-width: 800px) 100vw, 800px\" \/>\t\t\t\t\t\t\t\t\t\t\t\t\t\t\t<\/div>\n\t\t\t\t<\/div>\n\t\t\t\t<\/div>\n\t\t\t\t<\/div>\n\t\t<div class=\"elementor-element elementor-element-4dfcf4c e-con-full e-flex e-con e-child\" data-id=\"4dfcf4c\" data-element_type=\"container\">\n\t\t\t\t<div class=\"elementor-element elementor-element-d7f793b elementor-widget elementor-widget-heading\" data-id=\"d7f793b\" data-element_type=\"widget\" data-widget_type=\"heading.default\">\n\t\t\t\t<div class=\"elementor-widget-container\">\n\t\t\t\t\t<h2 class=\"elementor-heading-title elementor-size-default\">Tipos de Cicatrizes<\/h2>\t\t\t\t<\/div>\n\t\t\t\t<\/div>\n\t\t\t\t<div class=\"elementor-element elementor-element-8231c95 elementor-widget elementor-widget-text-editor\" data-id=\"8231c95\" data-element_type=\"widget\" data-widget_type=\"text-editor.default\">\n\t\t\t\t<div class=\"elementor-widget-container\">\n\t\t\t\t\t\t\t\t\t<p><span style=\"font-weight: 400;\">Antes de escolher o tratamento adequado, \u00e9 importante entender os diferentes tipos de cicatrizes:<\/span><\/p><ul><li style=\"font-weight: 400;\" aria-level=\"1\"><b>Cicatriz Hipertr\u00f3fica<\/b><span style=\"font-weight: 400;\">: S\u00e3o espessas e elevadas, mas permanecem dentro dos limites da les\u00e3o original.<\/span><\/li><li style=\"font-weight: 400;\" aria-level=\"1\"><b>Quel\u00f3ide<\/b><span style=\"font-weight: 400;\">: Crescem al\u00e9m da \u00e1rea da ferida original e podem continuar aumentando com o tempo.<\/span><\/li><li style=\"font-weight: 400;\" aria-level=\"1\"><b>Cicatriz Atr\u00f3fica<\/b><span style=\"font-weight: 400;\">: S\u00e3o depress\u00f5es ou &#8220;buracos&#8221; na pele, frequentemente resultantes de acne ou varicela.<\/span><\/li><li style=\"font-weight: 400;\" aria-level=\"1\"><b>Cicatriz Contratural<\/b><span style=\"font-weight: 400;\">: Ocorre quando a pele cicatriza de forma apertada, podendo restringir movimentos.<\/span><\/li><\/ul><p><span style=\"font-weight: 400;\">Em alguns casos, as verrugas podem desaparecer sem tratamento ao longo de meses ou anos.<br \/><\/span><span style=\"font-weight: 400;\">Um tipo espec\u00edfico de verruga, s\u00e3o as verrugas genitais causadas pelo v\u00edrus HPV, e que se n\u00e3o tratadas corretamente, aumentam o risco de c\u00e2ncer principalmente na mulher (C\u00e2ncer de Colo de \u00datero).<\/span><\/p>\t\t\t\t\t\t\t\t<\/div>\n\t\t\t\t<\/div>\n\t\t\t\t<div class=\"elementor-element elementor-element-d525483 elementor-widget elementor-widget-heading\" data-id=\"d525483\" data-element_type=\"widget\" data-widget_type=\"heading.default\">\n\t\t\t\t<div class=\"elementor-widget-container\">\n\t\t\t\t\t<h2 class=\"elementor-heading-title elementor-size-default\">M\u00e9todos de Corre\u00e7\u00e3o<\/h2>\t\t\t\t<\/div>\n\t\t\t\t<\/div>\n\t\t\t\t<div class=\"elementor-element elementor-element-739ea46 elementor-widget elementor-widget-text-editor\" data-id=\"739ea46\" data-element_type=\"widget\" data-widget_type=\"text-editor.default\">\n\t\t\t\t<div class=\"elementor-widget-container\">\n\t\t\t\t\t\t\t\t\t<p><span style=\"font-weight: 400;\">Existem v\u00e1rios m\u00e9todos de corre\u00e7\u00e3o de cicatriz, cada um com suas indica\u00e7\u00f5es espec\u00edficas. Confira os mais comuns:<\/span><\/p><ul><li><b>Cremes e G\u00e9is de Silicone<\/b><span style=\"font-weight: 400;\">: Produtos t\u00f3picos que ajudam a hidratar a pele e reduzir a eleva\u00e7\u00e3o da cicatriz.<\/span><\/li><li><b>Inje\u00e7\u00f5es de Cortic\u00f3ides<\/b><span style=\"font-weight: 400;\">: Utilizadas principalmente para cicatrizes hipertr\u00f3ficas e quel\u00f3ides, ajudam a reduzir a inflama\u00e7\u00e3o e o tamanho da cicatriz.<\/span><\/li><li><b>IPCA (Indu\u00e7\u00e3o Percut\u00e2nea de Col\u00e1geno por Agulhas)<\/b><span style=\"font-weight: 400;\">: T\u00e9cnica deve ser executada por profissional experiente podendo ajudar muito no nivelamento da pele, melhora da qualidade e tonalidade.\u00a0<\/span><\/li><li><b>Peelings Qu\u00edmicos<\/b><span style=\"font-weight: 400;\">: Aplica\u00e7\u00e3o de \u00e1cidos para remover as camadas superficiais da pele, promovendo a regenera\u00e7\u00e3o e uniformidade da cicatriz.<\/span><\/li><li><b>Laser<\/b><span style=\"font-weight: 400;\">: Utilizado para tratar diversos tipos de cicatrizes, o laser pode ajudar a reduzir a vermelhid\u00e3o, textura e eleva\u00e7\u00e3o.<\/span><\/li><li><b>Excis\u00e3o Cir\u00fargica<\/b><span style=\"font-weight: 400;\">: Remo\u00e7\u00e3o da cicatriz atrav\u00e9s de cirurgia, seguida de t\u00e9cnicas de fechamento que promovem uma cicatriza\u00e7\u00e3o mais discreta.<\/span><\/li><li><b>Enxertos de Pele<\/b><span style=\"font-weight: 400;\">: Em casos de grandes cicatrizes ou queimaduras, o enxerto de pele pode ser necess\u00e1rio para melhorar a apar\u00eancia e fun\u00e7\u00e3o da \u00e1rea afetada.<\/span><\/li><li><b>Tuneliza\u00e7\u00e3o:<\/b><span style=\"font-weight: 400;\"> A t\u00e9cnica de tuneliza\u00e7\u00e3o, tamb\u00e9m conhecida como tuneliza\u00e7\u00e3o d\u00e9rmica, \u00e9 um procedimento minimamente invasivo utilizado para o tratamento de cicatrizes, especialmente aquelas deprimidas ou atr\u00f3ficas, como as cicatrizes de acne. O objetivo principal da t\u00e9cnica \u00e9 promover a remodela\u00e7\u00e3o da cicatriz, estimulando a produ\u00e7\u00e3o de col\u00e1geno e melhorando a textura e a apar\u00eancia da pele. Geralmente essa t\u00e9cnica \u00e9 usada em associa\u00e7\u00e3o com o IPCA.<\/span><\/li><li style=\"list-style-type: none;\">\u00a0<\/li><\/ul>\t\t\t\t\t\t\t\t<\/div>\n\t\t\t\t<\/div>\n\t\t\t\t<\/div>\n\t\t\t\t\t<\/div>\n\t\t\t\t<\/div>\n\t\t\t\t<\/div>\n\t\t","protected":false},"excerpt":{"rendered":"<p>Corre\u00e7\u00e3o de cicatrizes A corre\u00e7\u00e3o de cicatriz \u00e9 um procedimento m\u00e9dico realizado com o objetivo de melhorar a apar\u00eancia de cicatrizes causadas por acidentes, cirurgias ou doen\u00e7as de pele. Embora seja imposs\u00edvel remover completamente uma cicatriz, diversos tratamentos podem torn\u00e1-la menos vis\u00edvel e mais uniforme com a pele ao redor. Tipos de Cicatrizes Antes de [&hellip;]<\/p>\n","protected":false},"author":1,"featured_media":0,"parent":636,"menu_order":0,"comment_status":"closed","ping_status":"closed","template":"elementor_canvas","meta":{"footnotes":""},"class_list":["post-1130","page","type-page","status-publish","hentry"],"_links":{"self":[{"href":"https:\/\/dermcenter.com.br\/index.php?rest_route=\/wp\/v2\/pages\/1130","targetHints":{"allow":["GET"]}}],"collection":[{"href":"https:\/\/dermcenter.com.br\/index.php?rest_route=\/wp\/v2\/pages"}],"about":[{"href":"https:\/\/dermcenter.com.br\/index.php?rest_route=\/wp\/v2\/types\/page"}],"author":[{"embeddable":true,"href":"https:\/\/dermcenter.com.br\/index.php?rest_route=\/wp\/v2\/users\/1"}],"replies":[{"embeddable":true,"href":"https:\/\/dermcenter.com.br\/index.php?rest_route=%2Fwp%2Fv2%2Fcomments&post=1130"}],"version-history":[{"count":7,"href":"https:\/\/dermcenter.com.br\/index.php?rest_route=\/wp\/v2\/pages\/1130\/revisions"}],"predecessor-version":[{"id":1137,"href":"https:\/\/dermcenter.com.br\/index.php?rest_route=\/wp\/v2\/pages\/1130\/revisions\/1137"}],"up":[{"embeddable":true,"href":"https:\/\/dermcenter.com.br\/index.php?rest_route=\/wp\/v2\/pages\/636"}],"wp:attachment":[{"href":"https:\/\/dermcenter.com.br\/index.php?rest_route=%2Fwp%2Fv2%2Fmedia&parent=1130"}],"curies":[{"name":"wp","href":"https:\/\/api.w.org\/{rel}","templated":true}]}}