{"id":1121,"date":"2025-04-10T19:34:34","date_gmt":"2025-04-10T19:34:34","guid":{"rendered":"https:\/\/dermcenter.com.br\/?page_id=1121"},"modified":"2025-04-10T20:56:28","modified_gmt":"2025-04-10T20:56:28","slug":"lipomas","status":"publish","type":"page","link":"https:\/\/dermcenter.com.br\/?page_id=1121","title":{"rendered":"Lipomas"},"content":{"rendered":"\t\t<div data-elementor-type=\"wp-page\" data-elementor-id=\"1121\" class=\"elementor elementor-1121\" data-elementor-post-type=\"page\">\n\t\t\t\t<div class=\"elementor-element elementor-element-b48d2fe e-flex e-con-boxed e-con e-parent\" data-id=\"b48d2fe\" data-element_type=\"container\">\n\t\t\t\t\t<div class=\"e-con-inner\">\n\t\t<div class=\"elementor-element elementor-element-472dc4e e-con-full e-grid e-con e-child\" data-id=\"472dc4e\" data-element_type=\"container\">\n\t\t<div class=\"elementor-element elementor-element-20f9a06 e-con-full e-flex e-con e-child\" data-id=\"20f9a06\" data-element_type=\"container\">\n\t\t\t\t<div class=\"elementor-element elementor-element-a7581d0 elementor-widget elementor-widget-heading\" data-id=\"a7581d0\" data-element_type=\"widget\" data-widget_type=\"heading.default\">\n\t\t\t\t<div class=\"elementor-widget-container\">\n\t\t\t\t\t<h1 class=\"elementor-heading-title elementor-size-default\">Lipomas<\/h1>\t\t\t\t<\/div>\n\t\t\t\t<\/div>\n\t\t\t\t<div class=\"elementor-element elementor-element-2f28ed9 elementor-widget-divider--view-line_icon elementor-widget-divider--element-align-right elementor-view-default elementor-widget elementor-widget-divider\" data-id=\"2f28ed9\" data-element_type=\"widget\" data-widget_type=\"divider.default\">\n\t\t\t\t<div class=\"elementor-widget-container\">\n\t\t\t\t\t\t\t<div class=\"elementor-divider\">\n\t\t\t<span class=\"elementor-divider-separator\">\n\t\t\t\t\t\t\t<div class=\"elementor-icon elementor-divider__element\">\n\t\t\t\t\t<svg xmlns=\"http:\/\/www.w3.org\/2000\/svg\" id=\"Camada_2\" data-name=\"Camada 2\" viewBox=\"0 0 196.05 366.17\"><defs><style>      .cls-1 {        fill: #a1b099;        fill-rule: evenodd;        stroke-width: 0px;      }    <\/style><\/defs><g id=\"Camada_1-2\" data-name=\"Camada 1\"><path class=\"cls-1\" d=\"M80.49,61.44C45.96,53.53,20.02,33.6.87,4.16-.04,1.67-1.25-.97,3.15.35c30.52,21.59,58.05,40.78,64.59,43.19,12.64,5.83,20.43,5.75,24.57,1.21,2.28-3.28,2.23-7.47-.15-12.58-2.61-4.45-3.11-9.19-3.19-14.11,1.04-8.13,1.19-13.69,4.55-15.78,2.62-1.82,4.85-1.92,9.4-.3,12.6,3.18,21.17,11.14,24.87,24.87l.3,9.1-7.58,17.29,1.21,6.07,64.61,23.66,6.98-.91,2.73,3.03-4.85,6.07-5.76.3-54.29-13.35c-4.55-.51-4.4,1.97-4.55,3.64,33.53,82.27,4.84,131.34-5.16,178.96l-3.34,49.14-3.94,2.12-5.16-3.64-1.21-5.46,10.92-126.48-3.34-1.21-14.26,98.88c-4.11,51.37-11.91,83.95-31.24,91.3-4.68,1.94-7.13.21-5.76-3.34l20.02-72.19,8.19-31.85c3.34-30.67,3.74-62.45.61-95.54-3.41-32.31-3.16-63.53,1.52-93.42-1.92-2.98-7.18-5.41-13.95-7.58Z\"><\/path><\/g><\/svg><\/div>\n\t\t\t\t\t\t<\/span>\n\t\t<\/div>\n\t\t\t\t\t\t<\/div>\n\t\t\t\t<\/div>\n\t\t\t\t<div class=\"elementor-element elementor-element-88f1048 elementor-widget elementor-widget-text-editor\" data-id=\"88f1048\" data-element_type=\"widget\" data-widget_type=\"text-editor.default\">\n\t\t\t\t<div class=\"elementor-widget-container\">\n\t\t\t\t\t\t\t\t\t<p><span style=\"font-weight: 400;\">O lipoma \u00e9 um tumor benigno composto por c\u00e9lulas de gordura que se desenvolvem sob a pele. Geralmente, os lipomas s\u00e3o macios ao toque, m\u00f3veis e indolores. Eles podem variar em tamanho, mas a maioria tem menos de 5 cm de di\u00e2metro.<\/span><\/p>\t\t\t\t\t\t\t\t<\/div>\n\t\t\t\t<\/div>\n\t\t\t\t<\/div>\n\t\t<div class=\"elementor-element elementor-element-3d8812d e-con-full e-flex e-con e-child\" data-id=\"3d8812d\" data-element_type=\"container\">\n\t\t\t\t<div class=\"elementor-element elementor-element-c220b8c elementor-widget elementor-widget-image\" data-id=\"c220b8c\" data-element_type=\"widget\" data-widget_type=\"image.default\">\n\t\t\t\t<div class=\"elementor-widget-container\">\n\t\t\t\t\t\t\t\t\t\t\t\t\t\t\t<img loading=\"lazy\" decoding=\"async\" width=\"800\" height=\"600\" src=\"https:\/\/dermcenter.com.br\/wp-content\/uploads\/2024\/07\/dermcenter-lipoma.jpg\" class=\"attachment-large size-large wp-image-647\" alt=\"\" srcset=\"https:\/\/dermcenter.com.br\/wp-content\/uploads\/2024\/07\/dermcenter-lipoma.jpg 800w, https:\/\/dermcenter.com.br\/wp-content\/uploads\/2024\/07\/dermcenter-lipoma-300x225.jpg 300w, https:\/\/dermcenter.com.br\/wp-content\/uploads\/2024\/07\/dermcenter-lipoma-768x576.jpg 768w\" sizes=\"auto, (max-width: 800px) 100vw, 800px\" \/>\t\t\t\t\t\t\t\t\t\t\t\t\t\t\t<\/div>\n\t\t\t\t<\/div>\n\t\t\t\t<\/div>\n\t\t\t\t<\/div>\n\t\t<div class=\"elementor-element elementor-element-4dfcf4c e-con-full e-flex e-con e-child\" data-id=\"4dfcf4c\" data-element_type=\"container\">\n\t\t\t\t<div class=\"elementor-element elementor-element-d7f793b elementor-widget elementor-widget-heading\" data-id=\"d7f793b\" data-element_type=\"widget\" data-widget_type=\"heading.default\">\n\t\t\t\t<div class=\"elementor-widget-container\">\n\t\t\t\t\t<h2 class=\"elementor-heading-title elementor-size-default\">Caracter\u00edsticas do Lipoma\n<\/h2>\t\t\t\t<\/div>\n\t\t\t\t<\/div>\n\t\t\t\t<div class=\"elementor-element elementor-element-8231c95 elementor-widget elementor-widget-text-editor\" data-id=\"8231c95\" data-element_type=\"widget\" data-widget_type=\"text-editor.default\">\n\t\t\t\t<div class=\"elementor-widget-container\">\n\t\t\t\t\t\t\t\t\t<p><span style=\"font-weight: 400;\">Os lipomas s\u00e3o tumores n\u00e3o cancerosos que se formam a partir do crescimento anormal de c\u00e9lulas adiposas. Eles podem surgir em qualquer parte do corpo, mas s\u00e3o mais comuns no pesco\u00e7o, ombros, costas, abd\u00f4men, bra\u00e7os e coxas. Embora sejam frequentemente solit\u00e1rios, algumas pessoas podem desenvolver m\u00faltiplos lipomas.<\/span><\/p>\t\t\t\t\t\t\t\t<\/div>\n\t\t\t\t<\/div>\n\t\t\t\t<div class=\"elementor-element elementor-element-c9f3b0d elementor-widget elementor-widget-heading\" data-id=\"c9f3b0d\" data-element_type=\"widget\" data-widget_type=\"heading.default\">\n\t\t\t\t<div class=\"elementor-widget-container\">\n\t\t\t\t\t<h2 class=\"elementor-heading-title elementor-size-default\">Causas e Fatores de Risco\n<\/h2>\t\t\t\t<\/div>\n\t\t\t\t<\/div>\n\t\t\t\t<div class=\"elementor-element elementor-element-488c921 elementor-widget elementor-widget-text-editor\" data-id=\"488c921\" data-element_type=\"widget\" data-widget_type=\"text-editor.default\">\n\t\t\t\t<div class=\"elementor-widget-container\">\n\t\t\t\t\t\t\t\t\t<p><span style=\"font-weight: 400;\">A causa exata do lipoma n\u00e3o \u00e9 conhecida, mas alguns fatores de risco podem incluir:<\/span><\/p><ul><li style=\"font-weight: 400;\" aria-level=\"1\"><b>Hist\u00f3rico Familiar<\/b><span style=\"font-weight: 400;\">: A predisposi\u00e7\u00e3o gen\u00e9tica pode aumentar a probabilidade de desenvolver lipomas.<\/span><\/li><li style=\"font-weight: 400;\" aria-level=\"1\"><b>Idade<\/b><span style=\"font-weight: 400;\">: Lipomas s\u00e3o mais comuns em pessoas entre 40 e 60 anos.<\/span><\/li><li style=\"font-weight: 400;\" aria-level=\"1\"><b>Sexo<\/b><span style=\"font-weight: 400;\">: Os lipomas s\u00e3o ligeiramente mais comuns em mulheres.<\/span><\/li><\/ul><p><span style=\"font-weight: 400;\">Embora menos comum, os lipomas tamb\u00e9m podem estar associados a certas condi\u00e7\u00f5es heredit\u00e1rias, como a lipomatose m\u00faltipla familiar.<\/span><\/p>\t\t\t\t\t\t\t\t<\/div>\n\t\t\t\t<\/div>\n\t\t\t\t<div class=\"elementor-element elementor-element-9d090fb elementor-widget elementor-widget-heading\" data-id=\"9d090fb\" data-element_type=\"widget\" data-widget_type=\"heading.default\">\n\t\t\t\t<div class=\"elementor-widget-container\">\n\t\t\t\t\t<h2 class=\"elementor-heading-title elementor-size-default\">Sintomas<\/h2>\t\t\t\t<\/div>\n\t\t\t\t<\/div>\n\t\t\t\t<div class=\"elementor-element elementor-element-7cad731 elementor-widget elementor-widget-text-editor\" data-id=\"7cad731\" data-element_type=\"widget\" data-widget_type=\"text-editor.default\">\n\t\t\t\t<div class=\"elementor-widget-container\">\n\t\t\t\t\t\t\t\t\t<p><span style=\"font-weight: 400;\">Os lipomas geralmente n\u00e3o causam sintomas, exceto quando pressionam nervos ou outros tecidos, o que pode causar dor ou desconforto. As principais caracter\u00edsticas incluem:<\/span><\/p><ul><li style=\"font-weight: 400;\" aria-level=\"1\"><span style=\"font-weight: 400;\">Massas macias e m\u00f3veis sob a pele.<\/span><\/li><li style=\"font-weight: 400;\" aria-level=\"1\"><span style=\"font-weight: 400;\">Crescimento lento.<\/span><\/li><li style=\"font-weight: 400;\" aria-level=\"1\"><span style=\"font-weight: 400;\">Tamanho que pode variar de pequenos n\u00f3dulos a grandes protuber\u00e2ncias.<\/span><\/li><\/ul>\t\t\t\t\t\t\t\t<\/div>\n\t\t\t\t<\/div>\n\t\t\t\t<div class=\"elementor-element elementor-element-852c053 elementor-widget elementor-widget-heading\" data-id=\"852c053\" data-element_type=\"widget\" data-widget_type=\"heading.default\">\n\t\t\t\t<div class=\"elementor-widget-container\">\n\t\t\t\t\t<h2 class=\"elementor-heading-title elementor-size-default\">Diagn\u00f3stico<\/h2>\t\t\t\t<\/div>\n\t\t\t\t<\/div>\n\t\t\t\t<div class=\"elementor-element elementor-element-038bf6e elementor-widget elementor-widget-text-editor\" data-id=\"038bf6e\" data-element_type=\"widget\" data-widget_type=\"text-editor.default\">\n\t\t\t\t<div class=\"elementor-widget-container\">\n\t\t\t\t\t\t\t\t\t<p><span style=\"font-weight: 400;\">O diagn\u00f3stico de um lipoma geralmente \u00e9 baseado no exame f\u00edsico. Em alguns casos, exames de imagem, como ultrassom ou resson\u00e2ncia magn\u00e9tica (RM), podem ser realizados para confirmar o diagn\u00f3stico e avaliar o tamanho e a localiza\u00e7\u00e3o do tumor.<\/span><\/p>\t\t\t\t\t\t\t\t<\/div>\n\t\t\t\t<\/div>\n\t\t\t\t<div class=\"elementor-element elementor-element-c254b69 elementor-widget elementor-widget-heading\" data-id=\"c254b69\" data-element_type=\"widget\" data-widget_type=\"heading.default\">\n\t\t\t\t<div class=\"elementor-widget-container\">\n\t\t\t\t\t<h2 class=\"elementor-heading-title elementor-size-default\">Tratamento<\/h2>\t\t\t\t<\/div>\n\t\t\t\t<\/div>\n\t\t\t\t<div class=\"elementor-element elementor-element-1cd2566 elementor-widget elementor-widget-text-editor\" data-id=\"1cd2566\" data-element_type=\"widget\" data-widget_type=\"text-editor.default\">\n\t\t\t\t<div class=\"elementor-widget-container\">\n\t\t\t\t\t\t\t\t\t<p><span style=\"font-weight: 400;\">Na maioria das vezes, os lipomas n\u00e3o necessitam de tratamento, a menos que causem desconforto, dor ou preocupa\u00e7\u00f5es est\u00e9ticas. As op\u00e7\u00f5es de tratamento incluem:<\/span><\/p><ul><li style=\"font-weight: 400;\" aria-level=\"1\"><b>Observa\u00e7\u00e3o<\/b><span style=\"font-weight: 400;\">: Caso o lipoma n\u00e3o cause sintomas, pode ser apenas monitorado regularmente.<\/span><\/li><li style=\"font-weight: 400;\" aria-level=\"1\"><b>Remo\u00e7\u00e3o Cir\u00fargica<\/b><span style=\"font-weight: 400;\">: O m\u00e9todo mais comum para remover lipomas. A cirurgia \u00e9 realizada sob anestesia local e \u00e9 um procedimento simples.<\/span><\/li><li style=\"font-weight: 400;\" aria-level=\"1\"><b>Lipoaspira\u00e7\u00e3o<\/b><span style=\"font-weight: 400;\">: Em alguns casos, a lipoaspira\u00e7\u00e3o pode ser usada para remover o lipoma, especialmente se ele for grande.<\/span><\/li><\/ul>\t\t\t\t\t\t\t\t<\/div>\n\t\t\t\t<\/div>\n\t\t\t\t<\/div>\n\t\t\t\t\t<\/div>\n\t\t\t\t<\/div>\n\t\t\t\t<\/div>\n\t\t","protected":false},"excerpt":{"rendered":"<p>Lipomas O lipoma \u00e9 um tumor benigno composto por c\u00e9lulas de gordura que se desenvolvem sob a pele. Geralmente, os lipomas s\u00e3o macios ao toque, m\u00f3veis e indolores. Eles podem variar em tamanho, mas a maioria tem menos de 5 cm de di\u00e2metro. Caracter\u00edsticas do Lipoma Os lipomas s\u00e3o tumores n\u00e3o cancerosos que se formam [&hellip;]<\/p>\n","protected":false},"author":1,"featured_media":0,"parent":636,"menu_order":0,"comment_status":"closed","ping_status":"closed","template":"elementor_canvas","meta":{"footnotes":""},"class_list":["post-1121","page","type-page","status-publish","hentry"],"_links":{"self":[{"href":"https:\/\/dermcenter.com.br\/index.php?rest_route=\/wp\/v2\/pages\/1121","targetHints":{"allow":["GET"]}}],"collection":[{"href":"https:\/\/dermcenter.com.br\/index.php?rest_route=\/wp\/v2\/pages"}],"about":[{"href":"https:\/\/dermcenter.com.br\/index.php?rest_route=\/wp\/v2\/types\/page"}],"author":[{"embeddable":true,"href":"https:\/\/dermcenter.com.br\/index.php?rest_route=\/wp\/v2\/users\/1"}],"replies":[{"embeddable":true,"href":"https:\/\/dermcenter.com.br\/index.php?rest_route=%2Fwp%2Fv2%2Fcomments&post=1121"}],"version-history":[{"count":7,"href":"https:\/\/dermcenter.com.br\/index.php?rest_route=\/wp\/v2\/pages\/1121\/revisions"}],"predecessor-version":[{"id":1129,"href":"https:\/\/dermcenter.com.br\/index.php?rest_route=\/wp\/v2\/pages\/1121\/revisions\/1129"}],"up":[{"embeddable":true,"href":"https:\/\/dermcenter.com.br\/index.php?rest_route=\/wp\/v2\/pages\/636"}],"wp:attachment":[{"href":"https:\/\/dermcenter.com.br\/index.php?rest_route=%2Fwp%2Fv2%2Fmedia&parent=1121"}],"curies":[{"name":"wp","href":"https:\/\/api.w.org\/{rel}","templated":true}]}}