{"id":11,"date":"2024-05-27T22:28:50","date_gmt":"2024-05-27T22:28:50","guid":{"rendered":"https:\/\/dermcenter.com.br\/?page_id=11"},"modified":"2026-03-18T15:48:51","modified_gmt":"2026-03-18T15:48:51","slug":"inicio","status":"publish","type":"page","link":"https:\/\/dermcenter.com.br\/","title":{"rendered":"In\u00edcio"},"content":{"rendered":"\t\t<div data-elementor-type=\"wp-page\" data-elementor-id=\"11\" class=\"elementor elementor-11\" data-elementor-post-type=\"page\">\n\t\t\t\t<div class=\"elementor-element elementor-element-7b53983 e-con-full e-flex e-con e-parent\" data-id=\"7b53983\" data-element_type=\"container\" id=\"topo\">\n\t\t\t\t<div class=\"elementor-element elementor-element-4d2f9c6 elementor--h-position-center elementor--v-position-middle elementor-arrows-position-inside elementor-pagination-position-inside elementor-widget elementor-widget-slides\" data-id=\"4d2f9c6\" data-element_type=\"widget\" data-settings=\"{&quot;transition&quot;:&quot;fade&quot;,&quot;navigation&quot;:&quot;both&quot;,&quot;autoplay&quot;:&quot;yes&quot;,&quot;pause_on_hover&quot;:&quot;yes&quot;,&quot;pause_on_interaction&quot;:&quot;yes&quot;,&quot;autoplay_speed&quot;:5000,&quot;infinite&quot;:&quot;yes&quot;,&quot;transition_speed&quot;:500}\" data-widget_type=\"slides.default\">\n\t\t\t\t<div class=\"elementor-widget-container\">\n\t\t\t\t\t\t\t\t\t<div class=\"elementor-swiper\">\n\t\t\t\t\t<div class=\"elementor-slides-wrapper elementor-main-swiper swiper\" role=\"region\" aria-roledescription=\"carousel\" aria-label=\"Slides\" dir=\"ltr\" data-animation=\"zoomIn\">\n\t\t\t\t<div class=\"swiper-wrapper elementor-slides\">\n\t\t\t\t\t\t\t\t\t\t<div class=\"elementor-repeater-item-0a61438 swiper-slide\" role=\"group\" aria-roledescription=\"slide\"><div class=\"swiper-slide-bg\" role=\"img\"><\/div><div class=\"elementor-background-overlay\"><\/div><a class=\"swiper-slide-inner\" href=\"https:\/\/api.whatsapp.com\/send\/?phone=5513981450082&#038;text=Ol%C3%A1%2C+quero+informa%C3%A7%C3%B5es+sobre+procedimentos+dermatol%C3%B3gicos.&#038;type=phone_number&#038;app_absent=0\"><div class=\"swiper-slide-contents\"><div class=\"elementor-slide-heading\">Aplica\u00e7\u00f5es Faciais<\/div><div  class=\"elementor-button elementor-slide-button elementor-size-sm\">Clique aqui<\/div><\/div><\/a><\/div><div class=\"elementor-repeater-item-bdc75d1 swiper-slide\" role=\"group\" aria-roledescription=\"slide\"><div class=\"swiper-slide-bg\" role=\"img\"><\/div><div class=\"elementor-background-overlay\"><\/div><a class=\"swiper-slide-inner\" href=\"https:\/\/api.whatsapp.com\/send\/?phone=5513981450082&#038;text=Ol%C3%A1%2C+quero+informa%C3%A7%C3%B5es+sobre+procedimentos+dermatol%C3%B3gicos.&#038;type=phone_number&#038;app_absent=0\"><div class=\"swiper-slide-contents\"><div class=\"elementor-slide-heading\">Depila\u00e7\u00e3o<\/div><div  class=\"elementor-button elementor-slide-button elementor-size-sm\">Clique aqui<\/div><\/div><\/a><\/div><div class=\"elementor-repeater-item-0360630 swiper-slide\" role=\"group\" aria-roledescription=\"slide\"><div class=\"swiper-slide-bg\" role=\"img\"><\/div><div class=\"elementor-background-overlay\"><\/div><a class=\"swiper-slide-inner\" href=\"https:\/\/api.whatsapp.com\/send\/?phone=5513981450082&#038;text=Ol%C3%A1%2C+quero+informa%C3%A7%C3%B5es+sobre+procedimentos+dermatol%C3%B3gicos.&#038;type=phone_number&#038;app_absent=0\"><div class=\"swiper-slide-contents\"><div class=\"elementor-slide-heading\">Tratamentos corporais<\/div><div  class=\"elementor-button elementor-slide-button elementor-size-sm\">Clique aqui<\/div><\/div><\/a><\/div><div class=\"elementor-repeater-item-909d920 swiper-slide\" role=\"group\" aria-roledescription=\"slide\"><div class=\"swiper-slide-bg\" role=\"img\"><\/div><div class=\"elementor-background-overlay\"><\/div><a class=\"swiper-slide-inner\" href=\"https:\/\/api.whatsapp.com\/send\/?phone=5513981450082&#038;text=Ol%C3%A1%2C+quero+informa%C3%A7%C3%B5es+sobre+procedimentos+dermatol%C3%B3gicos.&#038;type=phone_number&#038;app_absent=0\"><div class=\"swiper-slide-contents\"><div class=\"elementor-slide-heading\">Cirurgia Dermatol\u00f3gica<\/div><div  class=\"elementor-button elementor-slide-button elementor-size-sm\">Clique aqui<\/div><\/div><\/a><\/div><div class=\"elementor-repeater-item-e7be069 swiper-slide\" role=\"group\" aria-roledescription=\"slide\"><div class=\"swiper-slide-bg\" role=\"img\"><\/div><div class=\"elementor-background-overlay\"><\/div><a class=\"swiper-slide-inner\" href=\"https:\/\/api.whatsapp.com\/send\/?phone=5513981450082&#038;text=Ol%C3%A1%2C+quero+informa%C3%A7%C3%B5es+sobre+procedimentos+dermatol%C3%B3gicos.&#038;type=phone_number&#038;app_absent=0\"><div class=\"swiper-slide-contents\"><div class=\"elementor-slide-heading\">Lasers & Tecnologias<\/div><div  class=\"elementor-button elementor-slide-button elementor-size-sm\">Clique aqui<\/div><\/div><\/a><\/div>\t\t\t\t<\/div>\n\t\t\t\t\t\t\t\t\t\t\t\t\t\t\t<div class=\"elementor-swiper-button elementor-swiper-button-prev\" role=\"button\" tabindex=\"0\" aria-label=\"Previous slide\">\n\t\t\t\t\t\t\t<svg aria-hidden=\"true\" class=\"e-font-icon-svg e-eicon-chevron-left\" viewBox=\"0 0 1000 1000\" xmlns=\"http:\/\/www.w3.org\/2000\/svg\"><path d=\"M646 125C629 125 613 133 604 142L308 442C296 454 292 471 292 487 292 504 296 521 308 533L604 854C617 867 629 875 646 875 663 875 679 871 692 858 704 846 713 829 713 812 713 796 708 779 692 767L438 487 692 225C700 217 708 204 708 187 708 171 704 154 692 142 675 129 663 125 646 125Z\"><\/path><\/svg>\t\t\t\t\t\t<\/div>\n\t\t\t\t\t\t<div class=\"elementor-swiper-button elementor-swiper-button-next\" role=\"button\" tabindex=\"0\" aria-label=\"Next slide\">\n\t\t\t\t\t\t\t<svg aria-hidden=\"true\" class=\"e-font-icon-svg e-eicon-chevron-right\" viewBox=\"0 0 1000 1000\" xmlns=\"http:\/\/www.w3.org\/2000\/svg\"><path d=\"M696 533C708 521 713 504 713 487 713 471 708 454 696 446L400 146C388 133 375 125 354 125 338 125 325 129 313 142 300 154 292 171 292 187 292 204 296 221 308 233L563 492 304 771C292 783 288 800 288 817 288 833 296 850 308 863 321 871 338 875 354 875 371 875 388 867 400 854L696 533Z\"><\/path><\/svg>\t\t\t\t\t\t<\/div>\n\t\t\t\t\t\t\t\t\t\t\t\t\t\t\t\t<div class=\"swiper-pagination\"><\/div>\n\t\t\t\t\t\t\t\t\t\t\t\t<\/div>\n\t\t\t\t<\/div>\n\t\t\t\t\t\t\t\t<\/div>\n\t\t\t\t<\/div>\n\t\t\t\t<div class=\"elementor-element elementor-element-d9126be elementor-widget__width-initial elementor-invisible elementor-widget elementor-widget-heading\" data-id=\"d9126be\" data-element_type=\"widget\" data-settings=\"{&quot;_animation&quot;:&quot;fadeInDown&quot;}\" data-widget_type=\"heading.default\">\n\t\t\t\t<div class=\"elementor-widget-container\">\n\t\t\t\t\t<h2 class=\"elementor-heading-title elementor-size-default\">\"Seu bem estar, nossa meta\"<\/h2>\t\t\t\t<\/div>\n\t\t\t\t<\/div>\n\t\t\t\t<\/div>\n\t\t<div class=\"elementor-element elementor-element-f98ad2c e-flex e-con-boxed e-con e-parent\" data-id=\"f98ad2c\" data-element_type=\"container\" data-settings=\"{&quot;background_background&quot;:&quot;classic&quot;,&quot;animation&quot;:&quot;none&quot;}\">\n\t\t\t\t\t<div class=\"e-con-inner\">\n\t\t<div class=\"elementor-element elementor-element-a96b055 e-grid e-con-boxed e-con e-child\" data-id=\"a96b055\" data-element_type=\"container\">\n\t\t\t\t\t<div class=\"e-con-inner\">\n\t\t<div class=\"elementor-element elementor-element-b20b299 e-con-full e-flex e-con e-child\" data-id=\"b20b299\" data-element_type=\"container\">\n\t\t\t\t<div class=\"elementor-element elementor-element-87ce45a elementor-widget__width-initial elementor-invisible elementor-widget elementor-widget-heading\" data-id=\"87ce45a\" data-element_type=\"widget\" data-settings=\"{&quot;_animation&quot;:&quot;fadeInLeft&quot;}\" data-widget_type=\"heading.default\">\n\t\t\t\t<div class=\"elementor-widget-container\">\n\t\t\t\t\t<h2 class=\"elementor-heading-title elementor-size-default\">Dr Antonio Dargham<\/h2>\t\t\t\t<\/div>\n\t\t\t\t<\/div>\n\t\t\t\t<div class=\"elementor-element elementor-element-8200bfd elementor-widget__width-initial elementor-invisible elementor-widget elementor-widget-heading\" data-id=\"8200bfd\" data-element_type=\"widget\" data-settings=\"{&quot;_animation&quot;:&quot;fadeInLeft&quot;,&quot;_animation_delay&quot;:500}\" data-widget_type=\"heading.default\">\n\t\t\t\t<div class=\"elementor-widget-container\">\n\t\t\t\t\t<h2 class=\"elementor-heading-title elementor-size-default\">CRM 72.774 | RQE 42.717<\/h2>\t\t\t\t<\/div>\n\t\t\t\t<\/div>\n\t\t\t\t<div class=\"elementor-element elementor-element-e34ccd1 elementor-invisible elementor-widget elementor-widget-text-editor\" data-id=\"e34ccd1\" data-element_type=\"widget\" data-settings=\"{&quot;_animation&quot;:&quot;fadeInLeft&quot;}\" data-widget_type=\"text-editor.default\">\n\t\t\t\t<div class=\"elementor-widget-container\">\n\t\t\t\t\t\t\t\t\t<p>\u00c9 m\u00e9dico, Dermatologista, ex Presidente da Sociedade Brasileira De Dermatologia regional Baixada Santista.\u00a0<\/p><p>Atende na Cl\u00ednica Dermatol\u00f3gica Derm Center desde o ano de 2.000, onde \u00e9 s\u00f3cio-fundador.<\/p><p>Graduado pela Faculdade de Ci\u00eancias M\u00e9dicas de Santos\/ SP, fez sua especializa\u00e7\u00e3o em Dermatologia e Cirurgia Dermatol\u00f3gica no Hospital do Servidor P\u00fablico Municipal de S\u00e3o Paulo.<\/p><p>S\u00e3o mais de 16 mil procedimentos realizados, entre cirurgias dermatol\u00f3gicas e procedimentos est\u00e9ticos e lasers, embasados em 32 anos de experi\u00eancia na pr\u00e1tica dermatol\u00f3gica.<\/p><p>Sa\u00fade, bem estar, seguran\u00e7a, resultados est\u00e9ticos naturais e personalizados, norteiam sua conduta cl\u00ednica.<\/p>\t\t\t\t\t\t\t\t<\/div>\n\t\t\t\t<\/div>\n\t\t\t\t<div class=\"elementor-element elementor-element-ba43db4 elementor-widget elementor-widget-heading\" data-id=\"ba43db4\" data-element_type=\"widget\" data-widget_type=\"heading.default\">\n\t\t\t\t<div class=\"elementor-widget-container\">\n\t\t\t\t\t<h2 class=\"elementor-heading-title elementor-size-default\"><a href=\"https:\/\/dermcenter.com.br\/dr-antonio-dargham\/\">ver mais...<\/a><\/h2>\t\t\t\t<\/div>\n\t\t\t\t<\/div>\n\t\t\t\t<\/div>\n\t\t<div class=\"elementor-element elementor-element-82db7a1 e-con-full e-flex e-con e-child\" data-id=\"82db7a1\" data-element_type=\"container\">\n\t\t\t\t<div class=\"elementor-element elementor-element-459e7cc animated-slow elementor-invisible elementor-widget elementor-widget-image\" data-id=\"459e7cc\" data-element_type=\"widget\" data-settings=\"{&quot;_animation&quot;:&quot;fadeInRight&quot;}\" data-widget_type=\"image.default\">\n\t\t\t\t<div class=\"elementor-widget-container\">\n\t\t\t\t\t\t\t\t\t\t\t\t\t\t\t<img loading=\"lazy\" decoding=\"async\" width=\"1235\" height=\"1280\" src=\"https:\/\/dermcenter.com.br\/wp-content\/uploads\/2026\/03\/WhatsApp-Image-2026-03-16-at-15.11.33.jpeg\" class=\"attachment-full size-full wp-image-2182\" alt=\"\" srcset=\"https:\/\/dermcenter.com.br\/wp-content\/uploads\/2026\/03\/WhatsApp-Image-2026-03-16-at-15.11.33.jpeg 1235w, https:\/\/dermcenter.com.br\/wp-content\/uploads\/2026\/03\/WhatsApp-Image-2026-03-16-at-15.11.33-289x300.jpeg 289w, https:\/\/dermcenter.com.br\/wp-content\/uploads\/2026\/03\/WhatsApp-Image-2026-03-16-at-15.11.33-988x1024.jpeg 988w, https:\/\/dermcenter.com.br\/wp-content\/uploads\/2026\/03\/WhatsApp-Image-2026-03-16-at-15.11.33-768x796.jpeg 768w\" sizes=\"auto, (max-width: 1235px) 100vw, 1235px\" \/>\t\t\t\t\t\t\t\t\t\t\t\t\t\t\t<\/div>\n\t\t\t\t<\/div>\n\t\t\t\t<\/div>\n\t\t\t\t\t<\/div>\n\t\t\t\t<\/div>\n\t\t\t\t<div class=\"elementor-element elementor-element-0b1082b elementor-widget-divider--view-line_icon elementor-widget-divider--element-align-right animated-fast elementor-view-default elementor-invisible elementor-widget elementor-widget-divider\" data-id=\"0b1082b\" data-element_type=\"widget\" data-settings=\"{&quot;_animation&quot;:&quot;fadeInLeft&quot;}\" data-widget_type=\"divider.default\">\n\t\t\t\t<div class=\"elementor-widget-container\">\n\t\t\t\t\t\t\t<div class=\"elementor-divider\">\n\t\t\t<span class=\"elementor-divider-separator\">\n\t\t\t\t\t\t\t<div class=\"elementor-icon elementor-divider__element\">\n\t\t\t\t\t<svg xmlns=\"http:\/\/www.w3.org\/2000\/svg\" id=\"Camada_2\" data-name=\"Camada 2\" viewBox=\"0 0 196.05 366.17\"><defs><style>      .cls-1 {        fill: #a1b099;        fill-rule: evenodd;        stroke-width: 0px;      }    <\/style><\/defs><g id=\"Camada_1-2\" data-name=\"Camada 1\"><path class=\"cls-1\" d=\"M80.49,61.44C45.96,53.53,20.02,33.6.87,4.16-.04,1.67-1.25-.97,3.15.35c30.52,21.59,58.05,40.78,64.59,43.19,12.64,5.83,20.43,5.75,24.57,1.21,2.28-3.28,2.23-7.47-.15-12.58-2.61-4.45-3.11-9.19-3.19-14.11,1.04-8.13,1.19-13.69,4.55-15.78,2.62-1.82,4.85-1.92,9.4-.3,12.6,3.18,21.17,11.14,24.87,24.87l.3,9.1-7.58,17.29,1.21,6.07,64.61,23.66,6.98-.91,2.73,3.03-4.85,6.07-5.76.3-54.29-13.35c-4.55-.51-4.4,1.97-4.55,3.64,33.53,82.27,4.84,131.34-5.16,178.96l-3.34,49.14-3.94,2.12-5.16-3.64-1.21-5.46,10.92-126.48-3.34-1.21-14.26,98.88c-4.11,51.37-11.91,83.95-31.24,91.3-4.68,1.94-7.13.21-5.76-3.34l20.02-72.19,8.19-31.85c3.34-30.67,3.74-62.45.61-95.54-3.41-32.31-3.16-63.53,1.52-93.42-1.92-2.98-7.18-5.41-13.95-7.58Z\"><\/path><\/g><\/svg><\/div>\n\t\t\t\t\t\t<\/span>\n\t\t<\/div>\n\t\t\t\t\t\t<\/div>\n\t\t\t\t<\/div>\n\t\t<div class=\"elementor-element elementor-element-1078e38 e-grid e-con-boxed e-con e-child\" data-id=\"1078e38\" data-element_type=\"container\">\n\t\t\t\t\t<div class=\"e-con-inner\">\n\t\t<div class=\"elementor-element elementor-element-3f7f01d e-con-full e-flex e-con e-child\" data-id=\"3f7f01d\" data-element_type=\"container\">\n\t\t\t\t<div class=\"elementor-element elementor-element-16bd667 elementor-widget__width-initial elementor-invisible elementor-widget elementor-widget-heading\" data-id=\"16bd667\" data-element_type=\"widget\" data-settings=\"{&quot;_animation&quot;:&quot;fadeInRight&quot;}\" data-widget_type=\"heading.default\">\n\t\t\t\t<div class=\"elementor-widget-container\">\n\t\t\t\t\t<h2 class=\"elementor-heading-title elementor-size-default\">Dra Sandra Jean Moussallem Dargham<\/h2>\t\t\t\t<\/div>\n\t\t\t\t<\/div>\n\t\t\t\t<div class=\"elementor-element elementor-element-2f118e3 elementor-widget__width-initial elementor-invisible elementor-widget elementor-widget-heading\" data-id=\"2f118e3\" data-element_type=\"widget\" data-settings=\"{&quot;_animation&quot;:&quot;fadeInRight&quot;,&quot;_animation_delay&quot;:500}\" data-widget_type=\"heading.default\">\n\t\t\t\t<div class=\"elementor-widget-container\">\n\t\t\t\t\t<h2 class=\"elementor-heading-title elementor-size-default\">CRM 74.806 | RQE 42.726<\/h2>\t\t\t\t<\/div>\n\t\t\t\t<\/div>\n\t\t\t\t<div class=\"elementor-element elementor-element-1d43bbb elementor-invisible elementor-widget elementor-widget-text-editor\" data-id=\"1d43bbb\" data-element_type=\"widget\" data-settings=\"{&quot;_animation&quot;:&quot;fadeInRight&quot;}\" data-widget_type=\"text-editor.default\">\n\t\t\t\t<div class=\"elementor-widget-container\">\n\t\t\t\t\t\t\t\t\t<p>\u00c9 m\u00e9dica, Dermatologista,<br \/>atende na Cl\u00ednica Dermatol\u00f3gica DermCenter desde 2.000, onde \u00e9 s\u00f3cia- fundadora.<\/p><p>Graduada pela UFES (Universidade Federal do Esp\u00edrito Santo), fez sua especializa\u00e7\u00e3o em Dermatologia e Cirurgia Dermatol\u00f3gica no Hospital do Servidor P\u00fablico Municipal de S\u00e3o Paulo.<\/p><p>Com 32 anos de experi\u00eancia na pr\u00e1tica dermatol\u00f3gica j\u00e1 realizou mais de 16 mil procedimentos, entre cirurgias dermatol\u00f3gicas, lasers e procedimentos est\u00e9ticos, buscando sempre como prioridade, a sa\u00fade, seguran\u00e7a e bem estar do paciente, para oferecer resultados naturais e personalizados.\u00a0<\/p>\t\t\t\t\t\t\t\t<\/div>\n\t\t\t\t<\/div>\n\t\t\t\t<div class=\"elementor-element elementor-element-80527d6 elementor-widget elementor-widget-heading\" data-id=\"80527d6\" data-element_type=\"widget\" data-widget_type=\"heading.default\">\n\t\t\t\t<div class=\"elementor-widget-container\">\n\t\t\t\t\t<h2 class=\"elementor-heading-title elementor-size-default\"><a href=\"https:\/\/dermcenter.com.br\/dra-sandra-jean\/\">ver mais...<\/a><\/h2>\t\t\t\t<\/div>\n\t\t\t\t<\/div>\n\t\t\t\t<\/div>\n\t\t<div class=\"elementor-element elementor-element-ef7df0e e-con-full e-flex e-con e-child\" data-id=\"ef7df0e\" data-element_type=\"container\">\n\t\t\t\t<div class=\"elementor-element elementor-element-4605a65 animated-slow elementor-invisible elementor-widget elementor-widget-image\" data-id=\"4605a65\" data-element_type=\"widget\" data-settings=\"{&quot;_animation&quot;:&quot;fadeInLeft&quot;}\" data-widget_type=\"image.default\">\n\t\t\t\t<div class=\"elementor-widget-container\">\n\t\t\t\t\t\t\t\t\t\t\t\t\t\t\t<img loading=\"lazy\" decoding=\"async\" width=\"1037\" height=\"1432\" src=\"https:\/\/dermcenter.com.br\/wp-content\/uploads\/2025\/08\/dermcenter-dra-sandra.jpg\" class=\"attachment-full size-full wp-image-1838\" alt=\"\" srcset=\"https:\/\/dermcenter.com.br\/wp-content\/uploads\/2025\/08\/dermcenter-dra-sandra.jpg 1037w, https:\/\/dermcenter.com.br\/wp-content\/uploads\/2025\/08\/dermcenter-dra-sandra-217x300.jpg 217w, https:\/\/dermcenter.com.br\/wp-content\/uploads\/2025\/08\/dermcenter-dra-sandra-742x1024.jpg 742w, https:\/\/dermcenter.com.br\/wp-content\/uploads\/2025\/08\/dermcenter-dra-sandra-768x1061.jpg 768w\" sizes=\"auto, (max-width: 1037px) 100vw, 1037px\" \/>\t\t\t\t\t\t\t\t\t\t\t\t\t\t\t<\/div>\n\t\t\t\t<\/div>\n\t\t\t\t<\/div>\n\t\t\t\t\t<\/div>\n\t\t\t\t<\/div>\n\t\t\t\t\t<\/div>\n\t\t\t\t<\/div>\n\t\t\t\t<\/div>\n\t\t","protected":false},"excerpt":{"rendered":"<p>Aplica\u00e7\u00f5es FaciaisClique aquiDepila\u00e7\u00e3oClique aquiTratamentos corporaisClique aquiCirurgia Dermatol\u00f3gicaClique aquiLasers &#038; TecnologiasClique aqui &#8220;Seu bem estar, nossa meta&#8221; Dr Antonio Dargham CRM 72.774 | RQE 42.717 \u00c9 m\u00e9dico, Dermatologista, ex Presidente da Sociedade Brasileira De Dermatologia regional Baixada Santista.\u00a0 Atende na Cl\u00ednica Dermatol\u00f3gica Derm Center desde o ano de 2.000, onde \u00e9 s\u00f3cio-fundador. Graduado pela Faculdade de [&hellip;]<\/p>\n","protected":false},"author":1,"featured_media":0,"parent":0,"menu_order":0,"comment_status":"closed","ping_status":"closed","template":"elementor_canvas","meta":{"footnotes":""},"class_list":["post-11","page","type-page","status-publish","hentry"],"_links":{"self":[{"href":"https:\/\/dermcenter.com.br\/index.php?rest_route=\/wp\/v2\/pages\/11","targetHints":{"allow":["GET"]}}],"collection":[{"href":"https:\/\/dermcenter.com.br\/index.php?rest_route=\/wp\/v2\/pages"}],"about":[{"href":"https:\/\/dermcenter.com.br\/index.php?rest_route=\/wp\/v2\/types\/page"}],"author":[{"embeddable":true,"href":"https:\/\/dermcenter.com.br\/index.php?rest_route=\/wp\/v2\/users\/1"}],"replies":[{"embeddable":true,"href":"https:\/\/dermcenter.com.br\/index.php?rest_route=%2Fwp%2Fv2%2Fcomments&post=11"}],"version-history":[{"count":353,"href":"https:\/\/dermcenter.com.br\/index.php?rest_route=\/wp\/v2\/pages\/11\/revisions"}],"predecessor-version":[{"id":2188,"href":"https:\/\/dermcenter.com.br\/index.php?rest_route=\/wp\/v2\/pages\/11\/revisions\/2188"}],"wp:attachment":[{"href":"https:\/\/dermcenter.com.br\/index.php?rest_route=%2Fwp%2Fv2%2Fmedia&parent=11"}],"curies":[{"name":"wp","href":"https:\/\/api.w.org\/{rel}","templated":true}]}}